{"id":21,"date":"2024-11-12T13:29:58","date_gmt":"2024-11-12T11:29:58","guid":{"rendered":"https:\/\/xstore.8theme.com\/elementor3\/electronic-mega-market\/cart\/"},"modified":"2025-06-03T19:54:47","modified_gmt":"2025-06-03T16:54:47","slug":"krepselis","status":"publish","type":"page","link":"https:\/\/isukamipoliai.lt\/en\/krepselis\/","title":{"rendered":"Cart"},"content":{"rendered":"<div data-elementor-type=\"wp-page\" data-elementor-id=\"21\" class=\"elementor elementor-21\" data-elementor-post-type=\"page\">\n\t\t\t\t\t\t<section class=\"elementor-section elementor-top-section elementor-element elementor-element-4b5c6ab elementor-section-boxed elementor-section-height-default elementor-section-height-default\" data-id=\"4b5c6ab\" data-element_type=\"section\" data-e-type=\"section\">\n\t\t\t\t\t\t<div class=\"elementor-container elementor-column-gap-no\">\n\t\t\t\t\t<div class=\"elementor-column elementor-col-100 elementor-top-column elementor-element elementor-element-15c88404\" data-id=\"15c88404\" data-element_type=\"column\" data-e-type=\"column\">\n\t\t\t<div class=\"elementor-widget-wrap elementor-element-populated\">\n\t\t\t\t\t\t\t<\/div>\n\t\t<\/div>\n\t\t\t\t\t<\/div>\n\t\t<\/section>\n\t\t\t\t<\/div>","protected":false},"excerpt":{"rendered":"<p>Prek\u0117 Kaina Kiekis Suma U1300\/101\/68\/M12U1300 produkto kiekis: U1300\/101\/68\/M12U1300 &times;&nbsp;15,49&nbsp;&euro; Original price was: 15,49&nbsp;&euro;.14,25&nbsp;&euro;Current price is: 14,25&nbsp;&euro;. Suma: 427,52&nbsp;&euro; Pa\u0161alinti 15,49&nbsp;&euro; Original price was: 15,49&nbsp;&euro;.14,25&nbsp;&euro;Current price&#8230;<\/p>","protected":false},"author":3,"featured_media":0,"parent":0,"menu_order":0,"comment_status":"closed","ping_status":"closed","template":"","meta":{"footnotes":""},"class_list":["post-21","page","type-page","status-publish","hentry"],"yoast_head":"<!-- This site is optimized with the Yoast SEO plugin v27.4 - https:\/\/yoast.com\/product\/yoast-seo-wordpress\/ -->\n<title>Krep\u0161elis - \u012esukami poliai<\/title>\n<meta name=\"robots\" content=\"noindex, follow\" \/>\n<meta property=\"og:locale\" content=\"en_US\" \/>\n<meta property=\"og:type\" content=\"article\" \/>\n<meta property=\"og:title\" content=\"Krep\u0161elis - \u012esukami poliai\" \/>\n<meta property=\"og:description\" content=\"Prek\u0117 Kaina Kiekis Suma U1300\/101\/68\/M12U1300 produkto kiekis: U1300\/101\/68\/M12U1300 &times;&nbsp;15,49&nbsp;&euro; Original price was: 15,49&nbsp;&euro;.14,25&nbsp;&euro;Current price is: 14,25&nbsp;&euro;. Suma: 427,52&nbsp;&euro; Pa\u0161alinti 15,49&nbsp;&euro; Original price was: 15,49&nbsp;&euro;.14,25&nbsp;&euro;Current price...\" \/>\n<meta property=\"og:url\" content=\"https:\/\/isukamipoliai.lt\/en\/krepselis\/\" \/>\n<meta property=\"og:site_name\" content=\"\u012esukami poliai\" \/>\n<meta property=\"article:modified_time\" content=\"2025-06-03T16:54:47+00:00\" \/>\n<meta property=\"og:image\" content=\"https:\/\/isukamipoliai.lt\/wp-content\/uploads\/2025\/01\/Sraigtiniai-poliai-U1300-U-tipas-300x300.webp\" \/>\n<meta name=\"twitter:card\" content=\"summary_large_image\" \/>\n<meta name=\"twitter:label1\" content=\"Est. reading time\" \/>\n\t<meta name=\"twitter:data1\" content=\"1 minute\" \/>\n<script type=\"application\/ld+json\" class=\"yoast-schema-graph\">{\"@context\":\"https:\\\/\\\/schema.org\",\"@graph\":[{\"@type\":\"WebPage\",\"@id\":\"https:\\\/\\\/isukamipoliai.lt\\\/krepselis\\\/\",\"url\":\"https:\\\/\\\/isukamipoliai.lt\\\/krepselis\\\/\",\"name\":\"Krep\u0161elis - \u012esukami poliai\",\"isPartOf\":{\"@id\":\"https:\\\/\\\/isukamipoliai.lt\\\/#website\"},\"primaryImageOfPage\":{\"@id\":\"https:\\\/\\\/isukamipoliai.lt\\\/krepselis\\\/#primaryimage\"},\"image\":{\"@id\":\"https:\\\/\\\/isukamipoliai.lt\\\/krepselis\\\/#primaryimage\"},\"thumbnailUrl\":\"https:\\\/\\\/isukamipoliai.lt\\\/wp-content\\\/uploads\\\/2025\\\/01\\\/Sraigtiniai-poliai-U1300-U-tipas-300x300.webp\",\"datePublished\":\"2024-11-12T11:29:58+00:00\",\"dateModified\":\"2025-06-03T16:54:47+00:00\",\"breadcrumb\":{\"@id\":\"https:\\\/\\\/isukamipoliai.lt\\\/krepselis\\\/#breadcrumb\"},\"inLanguage\":\"en-US\",\"potentialAction\":[{\"@type\":\"ReadAction\",\"target\":[\"https:\\\/\\\/isukamipoliai.lt\\\/krepselis\\\/\"]}]},{\"@type\":\"ImageObject\",\"inLanguage\":\"en-US\",\"@id\":\"https:\\\/\\\/isukamipoliai.lt\\\/krepselis\\\/#primaryimage\",\"url\":\"https:\\\/\\\/isukamipoliai.lt\\\/wp-content\\\/uploads\\\/2025\\\/01\\\/Sraigtiniai-poliai-U1300-U-tipas-300x300.webp\",\"contentUrl\":\"https:\\\/\\\/isukamipoliai.lt\\\/wp-content\\\/uploads\\\/2025\\\/01\\\/Sraigtiniai-poliai-U1300-U-tipas-300x300.webp\"},{\"@type\":\"BreadcrumbList\",\"@id\":\"https:\\\/\\\/isukamipoliai.lt\\\/krepselis\\\/#breadcrumb\",\"itemListElement\":[{\"@type\":\"ListItem\",\"position\":1,\"name\":\"Home\",\"item\":\"https:\\\/\\\/isukamipoliai.lt\\\/\"},{\"@type\":\"ListItem\",\"position\":2,\"name\":\"Krep\u0161elis\"}]},{\"@type\":\"WebSite\",\"@id\":\"https:\\\/\\\/isukamipoliai.lt\\\/#website\",\"url\":\"https:\\\/\\\/isukamipoliai.lt\\\/\",\"name\":\"\u012esukami poliai\",\"description\":\"\",\"publisher\":{\"@id\":\"https:\\\/\\\/isukamipoliai.lt\\\/#organization\"},\"potentialAction\":[{\"@type\":\"SearchAction\",\"target\":{\"@type\":\"EntryPoint\",\"urlTemplate\":\"https:\\\/\\\/isukamipoliai.lt\\\/?s={search_term_string}\"},\"query-input\":{\"@type\":\"PropertyValueSpecification\",\"valueRequired\":true,\"valueName\":\"search_term_string\"}}],\"inLanguage\":\"en-US\"},{\"@type\":\"Organization\",\"@id\":\"https:\\\/\\\/isukamipoliai.lt\\\/#organization\",\"name\":\"UP Group\",\"url\":\"https:\\\/\\\/isukamipoliai.lt\\\/\",\"logo\":{\"@type\":\"ImageObject\",\"inLanguage\":\"en-US\",\"@id\":\"https:\\\/\\\/isukamipoliai.lt\\\/#\\\/schema\\\/logo\\\/image\\\/\",\"url\":\"https:\\\/\\\/isukamipoliai.lt\\\/wp-content\\\/uploads\\\/2024\\\/11\\\/Isukami-poliai-sraigtiniai-poliai.webp\",\"contentUrl\":\"https:\\\/\\\/isukamipoliai.lt\\\/wp-content\\\/uploads\\\/2024\\\/11\\\/Isukami-poliai-sraigtiniai-poliai.webp\",\"width\":591,\"height\":237,\"caption\":\"UP Group\"},\"image\":{\"@id\":\"https:\\\/\\\/isukamipoliai.lt\\\/#\\\/schema\\\/logo\\\/image\\\/\"}}]}<\/script>\n<!-- \/ Yoast SEO plugin. -->","yoast_head_json":{"title":"Krep\u0161elis - \u012esukami poliai","robots":{"index":"noindex","follow":"follow"},"og_locale":"en_US","og_type":"article","og_title":"Krep\u0161elis - \u012esukami poliai","og_description":"Prek\u0117 Kaina Kiekis Suma U1300\/101\/68\/M12U1300 produkto kiekis: U1300\/101\/68\/M12U1300 &times;&nbsp;15,49&nbsp;&euro; Original price was: 15,49&nbsp;&euro;.14,25&nbsp;&euro;Current price is: 14,25&nbsp;&euro;. Suma: 427,52&nbsp;&euro; Pa\u0161alinti 15,49&nbsp;&euro; Original price was: 15,49&nbsp;&euro;.14,25&nbsp;&euro;Current price...","og_url":"https:\/\/isukamipoliai.lt\/en\/krepselis\/","og_site_name":"\u012esukami poliai","article_modified_time":"2025-06-03T16:54:47+00:00","og_image":[{"url":"https:\/\/isukamipoliai.lt\/wp-content\/uploads\/2025\/01\/Sraigtiniai-poliai-U1300-U-tipas-300x300.webp","type":"","width":"","height":""}],"twitter_card":"summary_large_image","twitter_misc":{"Est. reading time":"1 minute"},"schema":{"@context":"https:\/\/schema.org","@graph":[{"@type":"WebPage","@id":"https:\/\/isukamipoliai.lt\/krepselis\/","url":"https:\/\/isukamipoliai.lt\/krepselis\/","name":"Krep\u0161elis - \u012esukami poliai","isPartOf":{"@id":"https:\/\/isukamipoliai.lt\/#website"},"primaryImageOfPage":{"@id":"https:\/\/isukamipoliai.lt\/krepselis\/#primaryimage"},"image":{"@id":"https:\/\/isukamipoliai.lt\/krepselis\/#primaryimage"},"thumbnailUrl":"https:\/\/isukamipoliai.lt\/wp-content\/uploads\/2025\/01\/Sraigtiniai-poliai-U1300-U-tipas-300x300.webp","datePublished":"2024-11-12T11:29:58+00:00","dateModified":"2025-06-03T16:54:47+00:00","breadcrumb":{"@id":"https:\/\/isukamipoliai.lt\/krepselis\/#breadcrumb"},"inLanguage":"en-US","potentialAction":[{"@type":"ReadAction","target":["https:\/\/isukamipoliai.lt\/krepselis\/"]}]},{"@type":"ImageObject","inLanguage":"en-US","@id":"https:\/\/isukamipoliai.lt\/krepselis\/#primaryimage","url":"https:\/\/isukamipoliai.lt\/wp-content\/uploads\/2025\/01\/Sraigtiniai-poliai-U1300-U-tipas-300x300.webp","contentUrl":"https:\/\/isukamipoliai.lt\/wp-content\/uploads\/2025\/01\/Sraigtiniai-poliai-U1300-U-tipas-300x300.webp"},{"@type":"BreadcrumbList","@id":"https:\/\/isukamipoliai.lt\/krepselis\/#breadcrumb","itemListElement":[{"@type":"ListItem","position":1,"name":"Home","item":"https:\/\/isukamipoliai.lt\/"},{"@type":"ListItem","position":2,"name":"Krep\u0161elis"}]},{"@type":"WebSite","@id":"https:\/\/isukamipoliai.lt\/#website","url":"https:\/\/isukamipoliai.lt\/","name":"Screw piles","description":"","publisher":{"@id":"https:\/\/isukamipoliai.lt\/#organization"},"potentialAction":[{"@type":"SearchAction","target":{"@type":"EntryPoint","urlTemplate":"https:\/\/isukamipoliai.lt\/?s={search_term_string}"},"query-input":{"@type":"PropertyValueSpecification","valueRequired":true,"valueName":"search_term_string"}}],"inLanguage":"en-US"},{"@type":"Organization","@id":"https:\/\/isukamipoliai.lt\/#organization","name":"UP Group","url":"https:\/\/isukamipoliai.lt\/","logo":{"@type":"ImageObject","inLanguage":"en-US","@id":"https:\/\/isukamipoliai.lt\/#\/schema\/logo\/image\/","url":"https:\/\/isukamipoliai.lt\/wp-content\/uploads\/2024\/11\/Isukami-poliai-sraigtiniai-poliai.webp","contentUrl":"https:\/\/isukamipoliai.lt\/wp-content\/uploads\/2024\/11\/Isukami-poliai-sraigtiniai-poliai.webp","width":591,"height":237,"caption":"UP Group"},"image":{"@id":"https:\/\/isukamipoliai.lt\/#\/schema\/logo\/image\/"}}]}},"_links":{"self":[{"href":"https:\/\/isukamipoliai.lt\/en\/wp-json\/wp\/v2\/pages\/21","targetHints":{"allow":["GET"]}}],"collection":[{"href":"https:\/\/isukamipoliai.lt\/en\/wp-json\/wp\/v2\/pages"}],"about":[{"href":"https:\/\/isukamipoliai.lt\/en\/wp-json\/wp\/v2\/types\/page"}],"author":[{"embeddable":true,"href":"https:\/\/isukamipoliai.lt\/en\/wp-json\/wp\/v2\/users\/3"}],"replies":[{"embeddable":true,"href":"https:\/\/isukamipoliai.lt\/en\/wp-json\/wp\/v2\/comments?post=21"}],"version-history":[{"count":115,"href":"https:\/\/isukamipoliai.lt\/en\/wp-json\/wp\/v2\/pages\/21\/revisions"}],"predecessor-version":[{"id":10617,"href":"https:\/\/isukamipoliai.lt\/en\/wp-json\/wp\/v2\/pages\/21\/revisions\/10617"}],"wp:attachment":[{"href":"https:\/\/isukamipoliai.lt\/en\/wp-json\/wp\/v2\/media?parent=21"}],"curies":[{"name":"wp","href":"https:\/\/api.w.org\/{rel}","templated":true}]}}