{"id":8720,"date":"2025-01-13T10:06:38","date_gmt":"2025-01-13T08:06:38","guid":{"rendered":"https:\/\/isukamipoliai.lt\/?page_id=8720"},"modified":"2025-12-16T11:55:24","modified_gmt":"2025-12-16T09:55:24","slug":"kontaktai","status":"publish","type":"page","link":"https:\/\/isukamipoliai.lt\/en\/kontaktai\/","title":{"rendered":"Contacts"},"content":{"rendered":"\t\t<div data-elementor-type=\"wp-page\" data-elementor-id=\"8720\" class=\"elementor elementor-8720\" data-elementor-post-type=\"page\">\n\t\t\t\t\t\t<section class=\"elementor-section elementor-top-section elementor-element elementor-element-bcb0b10 elementor-section-stretched elementor-section-boxed elementor-section-height-default elementor-section-height-default\" data-id=\"bcb0b10\" data-element_type=\"section\" data-e-type=\"section\" data-settings=\"{&quot;stretch_section&quot;:&quot;section-stretched&quot;}\">\n\t\t\t\t\t\t<div class=\"elementor-container elementor-column-gap-custom\">\n\t\t\t\t\t<div class=\"etheme-elementor-sticky-column elementor-column elementor-col-50 elementor-top-column elementor-element elementor-element-213c13e0\" data-id=\"213c13e0\" data-element_type=\"column\" data-e-type=\"column\" data-settings=\"{&quot;etheme_column_sticky&quot;:&quot;yes&quot;,&quot;etheme_column_sticky_top_offset&quot;:50,&quot;etheme_column_sticky_on&quot;:[&quot;desktop&quot;,&quot;tablet&quot;]}\">\n\t\t\t<div class=\"elementor-widget-wrap elementor-element-populated\">\n\t\t\t\t\t\t<div class=\"elementor-element elementor-element-27712393 elementor-widget elementor-widget-heading\" data-id=\"27712393\" data-element_type=\"widget\" data-e-type=\"widget\" data-widget_type=\"heading.default\">\n\t\t\t\t<div class=\"elementor-widget-container\">\n\t\t\t\t\t<h2 class=\"elementor-heading-title elementor-size-default\">Atsi\u0117mimo punktai<\/h2>\t\t\t\t<\/div>\n\t\t\t\t<\/div>\n\t\t\t\t<div class=\"elementor-element elementor-element-2c5346d4 elementor-invisible elementor-widget elementor-widget-text-editor\" data-id=\"2c5346d4\" data-element_type=\"widget\" data-e-type=\"widget\" data-settings=\"{&quot;_animation&quot;:&quot;fadeIn&quot;}\" data-widget_type=\"text-editor.default\">\n\t\t\t\t<div class=\"elementor-widget-container\">\n\t\t\t\t\t\t\t\t\t<p><strong>Klaip\u0117dos r. sav., Dumpiai, Guob\u0173 g. 15, LT-95398, tel.: <a href=\"tel:+37065209611\" target=\"_blank\" rel=\"noopener\">+37065209611<\/a><\/strong><\/p><p><a href=\"https:\/\/g.co\/kgs\/iUr6Utc\" target=\"_blank\" rel=\"noopener\">https:\/\/g.co\/kgs\/iUr6Utc<\/a><\/p><p><strong>Tel\u0161i\u0173 r., Rainiai, Tel\u0161i\u0173 g.2e, LT-88401, tel.: <a href=\"tel:+37065209611\" target=\"_blank\" rel=\"noopener\">+37065209611<\/a><\/strong><\/p><p><a href=\"https:\/\/g.co\/kgs\/CYV6RUw\" target=\"_blank\" rel=\"noopener\">https:\/\/g.co\/kgs\/CYV6RUw<\/a><\/p>\t\t\t\t\t\t\t\t<\/div>\n\t\t\t\t<\/div>\n\t\t\t\t<div class=\"elementor-element elementor-element-56b7ac4 elementor-widget elementor-widget-heading\" data-id=\"56b7ac4\" data-element_type=\"widget\" data-e-type=\"widget\" data-widget_type=\"heading.default\">\n\t\t\t\t<div class=\"elementor-widget-container\">\n\t\t\t\t\t<h2 class=\"elementor-heading-title elementor-size-default\">Kontaktai<\/h2>\t\t\t\t<\/div>\n\t\t\t\t<\/div>\n\t\t\t\t<div class=\"elementor-element elementor-element-453e322 elementor-invisible elementor-widget elementor-widget-text-editor\" data-id=\"453e322\" data-element_type=\"widget\" data-e-type=\"widget\" data-settings=\"{&quot;_animation&quot;:&quot;fadeIn&quot;}\" data-widget_type=\"text-editor.default\">\n\t\t\t\t<div class=\"elementor-widget-container\">\n\t\t\t\t\t\t\t\t\t<p>Pr \u2013 Pn 08:00-20:00<br \/><a href=\"tel:+37065209611\">+370 652 09 611<\/a><br \/>info@isukamipoliai.lt<\/p><p><a href=\"https:\/\/maps.app.goo.gl\/h1TyHMMHYaY24g169\" target=\"_blank\" rel=\"noopener\">Centrinis sand\u0117lis: Tel\u0161i\u0173 g.2e, Rainiai, 88401 Tel\u0161i\u0173 r.<\/a><\/p>\t\t\t\t\t\t\t\t<\/div>\n\t\t\t\t<\/div>\n\t\t\t\t<div class=\"elementor-element elementor-element-6201fc24 elementor-widget elementor-widget-heading\" data-id=\"6201fc24\" data-element_type=\"widget\" data-e-type=\"widget\" data-widget_type=\"heading.default\">\n\t\t\t\t<div class=\"elementor-widget-container\">\n\t\t\t\t\t<h2 class=\"elementor-heading-title elementor-size-default\">Rekvizitai<\/h2>\t\t\t\t<\/div>\n\t\t\t\t<\/div>\n\t\t\t\t<div class=\"elementor-element elementor-element-889340b elementor-invisible elementor-widget elementor-widget-text-editor\" data-id=\"889340b\" data-element_type=\"widget\" data-e-type=\"widget\" data-settings=\"{&quot;_animation&quot;:&quot;fadeIn&quot;}\" data-widget_type=\"text-editor.default\">\n\t\t\t\t<div class=\"elementor-widget-container\">\n\t\t\t\t\t\t\t\t\t<p><strong>UAB &#8222;Up Group&#8221;<\/strong><br \/>\u012e.k. 305508468<br \/>PVM: LT100013059519<br \/>Laukinink\u0173 g. 16-89, Klaip\u0117da<\/p>\t\t\t\t\t\t\t\t<\/div>\n\t\t\t\t<\/div>\n\t\t\t\t\t<\/div>\n\t\t<\/div>\n\t\t\t\t<div class=\"elementor-column elementor-col-50 elementor-top-column elementor-element elementor-element-5deb8dd9\" data-id=\"5deb8dd9\" data-element_type=\"column\" data-e-type=\"column\">\n\t\t\t<div class=\"elementor-widget-wrap elementor-element-populated\">\n\t\t\t\t\t\t<div class=\"elementor-element elementor-element-1e53dd47 elementor-widget elementor-widget-heading\" data-id=\"1e53dd47\" data-element_type=\"widget\" data-e-type=\"widget\" data-widget_type=\"heading.default\">\n\t\t\t\t<div class=\"elementor-widget-container\">\n\t\t\t\t\t<h2 class=\"elementor-heading-title elementor-size-default\">Para\u0161ykite mums<\/h2>\t\t\t\t<\/div>\n\t\t\t\t<\/div>\n\t\t\t\t<div class=\"elementor-element elementor-element-749d1ae1 etheme-contact-form-7-button-custom elementor-invisible elementor-widget elementor-widget-et-contact-form-7\" data-id=\"749d1ae1\" data-element_type=\"widget\" data-e-type=\"widget\" data-settings=\"{&quot;_animation&quot;:&quot;fadeIn&quot;}\" data-widget_type=\"et-contact-form-7.default\">\n\t\t\t\t<div class=\"elementor-widget-container\">\n\t\t\t\t\t                <div class=\"pp-contact-form etheme-contact-form-7 placeholder-show\">\n                                        \n<div class=\"wpcf7 no-js\" id=\"wpcf7-f8737-o1\" lang=\"lt-LT\" dir=\"ltr\" data-wpcf7-id=\"8737\">\n<div class=\"screen-reader-response\"><p role=\"status\" aria-live=\"polite\" aria-atomic=\"true\"><\/p> <ul><\/ul><\/div>\n<form action=\"\/en\/wp-json\/wp\/v2\/pages\/8720#wpcf7-f8737-o1\" method=\"post\" class=\"wpcf7-form init\" aria-label=\"Kontakt\u0173 forma\" novalidate=\"novalidate\" data-status=\"init\">\n<fieldset class=\"hidden-fields-container\"><input type=\"hidden\" name=\"_wpcf7\" value=\"8737\" \/><input type=\"hidden\" name=\"_wpcf7_version\" value=\"6.1.5\" \/><input type=\"hidden\" name=\"_wpcf7_locale\" value=\"lt_LT\" \/><input type=\"hidden\" name=\"_wpcf7_unit_tag\" value=\"wpcf7-f8737-o1\" \/><input type=\"hidden\" name=\"_wpcf7_container_post\" value=\"0\" \/><input type=\"hidden\" name=\"_wpcf7_posted_data_hash\" value=\"\" \/>\n<\/fieldset>\n<div class=\"wpcf-wrap\">\n\t<div class=\"one-third\">\n\t\t<p><label> J\u016bs\u0173 vardas<br \/>\n<span class=\"wpcf7-form-control-wrap\" data-name=\"your-name\"><input size=\"40\" maxlength=\"400\" class=\"wpcf7-form-control wpcf7-text wpcf7-validates-as-required\" aria-required=\"true\" aria-invalid=\"false\" value=\"\" type=\"text\" name=\"your-name\" \/><\/span> <\/label>\n\t\t<\/p>\n\t<\/div>\n\t<div class=\"one-third\">\n\t\t<p><label> El.pa\u0161tas<br \/>\n<span class=\"wpcf7-form-control-wrap\" data-name=\"your-email\"><input size=\"40\" maxlength=\"400\" class=\"wpcf7-form-control wpcf7-email wpcf7-validates-as-required wpcf7-text wpcf7-validates-as-email\" aria-required=\"true\" aria-invalid=\"false\" value=\"\" type=\"email\" name=\"your-email\" \/><\/span> <\/label>\n\t\t<\/p>\n\t<\/div>\n\t<div class=\"one-third last\">\n\t\t<p><label> \u012emon\u0117s pavadinimas<br \/>\n<span class=\"wpcf7-form-control-wrap\" data-name=\"company\"><input size=\"40\" maxlength=\"400\" class=\"wpcf7-form-control wpcf7-text wpcf7-validates-as-required\" aria-required=\"true\" aria-invalid=\"false\" value=\"\" type=\"text\" name=\"company\" \/><\/span> <\/label>\n\t\t<\/p>\n\t<\/div>\n<\/div>\n<p><label> \u017dinut\u0117<br \/>\n<span class=\"wpcf7-form-control-wrap\" data-name=\"your-message\"><textarea cols=\"40\" rows=\"1\" maxlength=\"2000\" class=\"wpcf7-form-control wpcf7-textarea\" aria-invalid=\"false\" name=\"your-message\"><\/textarea><\/span> <\/label><br \/>\n<span class=\"wpcf7-form-control-wrap\" data-name=\"acceptance-846\"><span class=\"wpcf7-form-control wpcf7-acceptance\"><span class=\"wpcf7-list-item\"><label><input type=\"checkbox\" name=\"acceptance-846\" value=\"1\" aria-invalid=\"false\" \/><span class=\"wpcf7-list-item-label\">Sutinku, kad UAB UP Group pateikt\u0173 man pasi\u016blymus ir j\u0173 parengimui bei pateikimui naudot\u0173 auk\u0161\u010diau pateiktus duomenis.<\/span><\/label><\/span><\/span><\/span>\n<\/p>\n<p><div class=\"cf7-cf-turnstile\" style=\"margin-top: 0px; margin-bottom: -15px;\"> <div id=\"cf-turnstile-cf7-1545974131\" class=\"cf-turnstile\" data-callback=\"turnstileCF7Callback\" data-sitekey=\"0x4AAAAAAA50SYV52ZjP2Mfw\" data-theme=\"light\" data-language=\"lt-lt\" data-size=\"normal\" data-retry=\"auto\" data-retry-interval=\"1000\" data-refresh-expired=\"auto\" data-refresh-timeout=\"auto\" data-action=\"contact-form-7\" data-callback=\"turnstileCF7Callback\" data-appearance=\"always\"><\/div> <style>.wpcf7-submit { pointer-events: none; opacity: 0.5; }<\/style> <script>document.addEventListener(\"DOMContentLoaded\", function() { setTimeout(function(){ var e=document.getElementById(\"cf-turnstile-cf7-1545974131\"); if(e&&!e.innerHTML.trim()){turnstile.render(e, {sitekey:\"0x4AAAAAAA50SYV52ZjP2Mfw\"});} }, 200); });<\/script> <br class=\"cf-turnstile-br cf-turnstile-br-cf7-1545974131\"> <style>#cf-turnstile-cf7-1545974131 { margin-left: -15px; }<\/style> <script>document.addEventListener(\"DOMContentLoaded\",function(){document.querySelectorAll('.wpcf7-form').forEach(function(e){e.addEventListener('submit',function(){if(document.getElementById('cf-turnstile-cf7-1545974131')){setTimeout(function(){turnstile.reset('#cf-turnstile-cf7-1545974131');},1000)}})})});<\/script> <\/div><br \/>\n<input class=\"wpcf7-form-control wpcf7-submit has-spinner\" type=\"submit\" value=\"Si\u0173sti\" \/>\n<\/p><div class=\"wpcf7-response-output\" aria-hidden=\"true\"><\/div>\n<\/form>\n<\/div>\n                <\/div>\n                \t\t\t\t<\/div>\n\t\t\t\t<\/div>\n\t\t\t\t\t<\/div>\n\t\t<\/div>\n\t\t\t\t\t<\/div>\n\t\t<\/section>\n\t\t\t\t<section class=\"elementor-section elementor-top-section elementor-element elementor-element-8fbd034 elementor-section-stretched elementor-section-boxed elementor-section-height-default elementor-section-height-default\" data-id=\"8fbd034\" data-element_type=\"section\" data-e-type=\"section\" id=\"atsiemimovietos\" data-settings=\"{&quot;stretch_section&quot;:&quot;section-stretched&quot;}\">\n\t\t\t\t\t\t<div class=\"elementor-container elementor-column-gap-custom\">\n\t\t\t\t\t<div class=\"elementor-column elementor-col-100 elementor-top-column elementor-element elementor-element-2666ce0\" data-id=\"2666ce0\" data-element_type=\"column\" data-e-type=\"column\">\n\t\t\t<div class=\"elementor-widget-wrap elementor-element-populated\">\n\t\t\t\t\t\t<div class=\"elementor-element elementor-element-b55d63d elementor-widget elementor-widget-html\" data-id=\"b55d63d\" data-element_type=\"widget\" data-e-type=\"widget\" data-widget_type=\"html.default\">\n\t\t\t\t<div class=\"elementor-widget-container\">\n\t\t\t\t\t<iframe src=\"https:\/\/www.google.com\/maps\/d\/embed?mid=1ic6ZeYpIS2hwf5VB0EqKPhO6DG2DC4g&ehbc=2E312F\" width=\"640\" height=\"480\"><\/iframe>\t\t\t\t<\/div>\n\t\t\t\t<\/div>\n\t\t\t\t\t<\/div>\n\t\t<\/div>\n\t\t\t\t\t<\/div>\n\t\t<\/section>\n\t\t\t\t<\/div>\n\t\t","protected":false},"excerpt":{"rendered":"<p>Atsi\u0117mimo punktai Klaip\u0117dos r. sav., Dumpiai, Guob\u0173 g. 15, LT-95398, tel.: +37065209611 https:\/\/g.co\/kgs\/iUr6Utc Tel\u0161i\u0173 r., Rainiai, Tel\u0161i\u0173 g.2e, LT-88401, tel.: +37065209611 https:\/\/g.co\/kgs\/CYV6RUw Kontaktai Pr \u2013&#8230;<\/p>","protected":false},"author":3,"featured_media":0,"parent":0,"menu_order":0,"comment_status":"closed","ping_status":"closed","template":"","meta":{"footnotes":""},"class_list":["post-8720","page","type-page","status-publish","hentry"],"yoast_head":"<!-- This site is optimized with the Yoast SEO plugin v27.4 - https:\/\/yoast.com\/product\/yoast-seo-wordpress\/ -->\n<title>Kontaktai - \u012esukami poliai<\/title>\n<meta name=\"robots\" content=\"index, follow, max-snippet:-1, max-image-preview:large, max-video-preview:-1\" \/>\n<link rel=\"canonical\" href=\"https:\/\/isukamipoliai.lt\/en\/kontaktai\/\" \/>\n<meta property=\"og:locale\" content=\"en_US\" \/>\n<meta property=\"og:type\" content=\"article\" \/>\n<meta property=\"og:title\" content=\"Kontaktai - \u012esukami poliai\" \/>\n<meta property=\"og:description\" content=\"Atsi\u0117mimo punktai Klaip\u0117dos r. sav., Dumpiai, Guob\u0173 g. 15, LT-95398, tel.: +37065209611 https:\/\/g.co\/kgs\/iUr6Utc Tel\u0161i\u0173 r., Rainiai, Tel\u0161i\u0173 g.2e, LT-88401, tel.: +37065209611 https:\/\/g.co\/kgs\/CYV6RUw Kontaktai Pr \u2013...\" \/>\n<meta property=\"og:url\" content=\"https:\/\/isukamipoliai.lt\/en\/kontaktai\/\" \/>\n<meta property=\"og:site_name\" content=\"\u012esukami poliai\" \/>\n<meta property=\"article:modified_time\" content=\"2025-12-16T09:55:24+00:00\" \/>\n<meta name=\"twitter:card\" content=\"summary_large_image\" \/>\n<meta name=\"twitter:label1\" content=\"Est. reading time\" \/>\n\t<meta name=\"twitter:data1\" content=\"1 minute\" \/>\n<script type=\"application\/ld+json\" class=\"yoast-schema-graph\">{\"@context\":\"https:\\\/\\\/schema.org\",\"@graph\":[{\"@type\":\"WebPage\",\"@id\":\"https:\\\/\\\/isukamipoliai.lt\\\/kontaktai\\\/\",\"url\":\"https:\\\/\\\/isukamipoliai.lt\\\/kontaktai\\\/\",\"name\":\"Kontaktai - \u012esukami poliai\",\"isPartOf\":{\"@id\":\"https:\\\/\\\/isukamipoliai.lt\\\/#website\"},\"datePublished\":\"2025-01-13T08:06:38+00:00\",\"dateModified\":\"2025-12-16T09:55:24+00:00\",\"breadcrumb\":{\"@id\":\"https:\\\/\\\/isukamipoliai.lt\\\/kontaktai\\\/#breadcrumb\"},\"inLanguage\":\"en-US\",\"potentialAction\":[{\"@type\":\"ReadAction\",\"target\":[\"https:\\\/\\\/isukamipoliai.lt\\\/kontaktai\\\/\"]}]},{\"@type\":\"BreadcrumbList\",\"@id\":\"https:\\\/\\\/isukamipoliai.lt\\\/kontaktai\\\/#breadcrumb\",\"itemListElement\":[{\"@type\":\"ListItem\",\"position\":1,\"name\":\"Home\",\"item\":\"https:\\\/\\\/isukamipoliai.lt\\\/\"},{\"@type\":\"ListItem\",\"position\":2,\"name\":\"Kontaktai\"}]},{\"@type\":\"WebSite\",\"@id\":\"https:\\\/\\\/isukamipoliai.lt\\\/#website\",\"url\":\"https:\\\/\\\/isukamipoliai.lt\\\/\",\"name\":\"\u012esukami poliai\",\"description\":\"\",\"publisher\":{\"@id\":\"https:\\\/\\\/isukamipoliai.lt\\\/#organization\"},\"potentialAction\":[{\"@type\":\"SearchAction\",\"target\":{\"@type\":\"EntryPoint\",\"urlTemplate\":\"https:\\\/\\\/isukamipoliai.lt\\\/?s={search_term_string}\"},\"query-input\":{\"@type\":\"PropertyValueSpecification\",\"valueRequired\":true,\"valueName\":\"search_term_string\"}}],\"inLanguage\":\"en-US\"},{\"@type\":\"Organization\",\"@id\":\"https:\\\/\\\/isukamipoliai.lt\\\/#organization\",\"name\":\"UP Group\",\"url\":\"https:\\\/\\\/isukamipoliai.lt\\\/\",\"logo\":{\"@type\":\"ImageObject\",\"inLanguage\":\"en-US\",\"@id\":\"https:\\\/\\\/isukamipoliai.lt\\\/#\\\/schema\\\/logo\\\/image\\\/\",\"url\":\"https:\\\/\\\/isukamipoliai.lt\\\/wp-content\\\/uploads\\\/2024\\\/11\\\/Isukami-poliai-sraigtiniai-poliai.webp\",\"contentUrl\":\"https:\\\/\\\/isukamipoliai.lt\\\/wp-content\\\/uploads\\\/2024\\\/11\\\/Isukami-poliai-sraigtiniai-poliai.webp\",\"width\":591,\"height\":237,\"caption\":\"UP Group\"},\"image\":{\"@id\":\"https:\\\/\\\/isukamipoliai.lt\\\/#\\\/schema\\\/logo\\\/image\\\/\"}}]}<\/script>\n<!-- \/ Yoast SEO plugin. -->","yoast_head_json":{"title":"Kontaktai - \u012esukami poliai","robots":{"index":"index","follow":"follow","max-snippet":"max-snippet:-1","max-image-preview":"max-image-preview:large","max-video-preview":"max-video-preview:-1"},"canonical":"https:\/\/isukamipoliai.lt\/en\/kontaktai\/","og_locale":"en_US","og_type":"article","og_title":"Kontaktai - \u012esukami poliai","og_description":"Atsi\u0117mimo punktai Klaip\u0117dos r. sav., Dumpiai, Guob\u0173 g. 15, LT-95398, tel.: +37065209611 https:\/\/g.co\/kgs\/iUr6Utc Tel\u0161i\u0173 r., Rainiai, Tel\u0161i\u0173 g.2e, LT-88401, tel.: +37065209611 https:\/\/g.co\/kgs\/CYV6RUw Kontaktai Pr \u2013...","og_url":"https:\/\/isukamipoliai.lt\/en\/kontaktai\/","og_site_name":"\u012esukami poliai","article_modified_time":"2025-12-16T09:55:24+00:00","twitter_card":"summary_large_image","twitter_misc":{"Est. reading time":"1 minute"},"schema":{"@context":"https:\/\/schema.org","@graph":[{"@type":"WebPage","@id":"https:\/\/isukamipoliai.lt\/kontaktai\/","url":"https:\/\/isukamipoliai.lt\/kontaktai\/","name":"Kontaktai - \u012esukami poliai","isPartOf":{"@id":"https:\/\/isukamipoliai.lt\/#website"},"datePublished":"2025-01-13T08:06:38+00:00","dateModified":"2025-12-16T09:55:24+00:00","breadcrumb":{"@id":"https:\/\/isukamipoliai.lt\/kontaktai\/#breadcrumb"},"inLanguage":"en-US","potentialAction":[{"@type":"ReadAction","target":["https:\/\/isukamipoliai.lt\/kontaktai\/"]}]},{"@type":"BreadcrumbList","@id":"https:\/\/isukamipoliai.lt\/kontaktai\/#breadcrumb","itemListElement":[{"@type":"ListItem","position":1,"name":"Home","item":"https:\/\/isukamipoliai.lt\/"},{"@type":"ListItem","position":2,"name":"Kontaktai"}]},{"@type":"WebSite","@id":"https:\/\/isukamipoliai.lt\/#website","url":"https:\/\/isukamipoliai.lt\/","name":"Screw piles","description":"","publisher":{"@id":"https:\/\/isukamipoliai.lt\/#organization"},"potentialAction":[{"@type":"SearchAction","target":{"@type":"EntryPoint","urlTemplate":"https:\/\/isukamipoliai.lt\/?s={search_term_string}"},"query-input":{"@type":"PropertyValueSpecification","valueRequired":true,"valueName":"search_term_string"}}],"inLanguage":"en-US"},{"@type":"Organization","@id":"https:\/\/isukamipoliai.lt\/#organization","name":"UP Group","url":"https:\/\/isukamipoliai.lt\/","logo":{"@type":"ImageObject","inLanguage":"en-US","@id":"https:\/\/isukamipoliai.lt\/#\/schema\/logo\/image\/","url":"https:\/\/isukamipoliai.lt\/wp-content\/uploads\/2024\/11\/Isukami-poliai-sraigtiniai-poliai.webp","contentUrl":"https:\/\/isukamipoliai.lt\/wp-content\/uploads\/2024\/11\/Isukami-poliai-sraigtiniai-poliai.webp","width":591,"height":237,"caption":"UP Group"},"image":{"@id":"https:\/\/isukamipoliai.lt\/#\/schema\/logo\/image\/"}}]}},"_links":{"self":[{"href":"https:\/\/isukamipoliai.lt\/en\/wp-json\/wp\/v2\/pages\/8720","targetHints":{"allow":["GET"]}}],"collection":[{"href":"https:\/\/isukamipoliai.lt\/en\/wp-json\/wp\/v2\/pages"}],"about":[{"href":"https:\/\/isukamipoliai.lt\/en\/wp-json\/wp\/v2\/types\/page"}],"author":[{"embeddable":true,"href":"https:\/\/isukamipoliai.lt\/en\/wp-json\/wp\/v2\/users\/3"}],"replies":[{"embeddable":true,"href":"https:\/\/isukamipoliai.lt\/en\/wp-json\/wp\/v2\/comments?post=8720"}],"version-history":[{"count":88,"href":"https:\/\/isukamipoliai.lt\/en\/wp-json\/wp\/v2\/pages\/8720\/revisions"}],"predecessor-version":[{"id":11178,"href":"https:\/\/isukamipoliai.lt\/en\/wp-json\/wp\/v2\/pages\/8720\/revisions\/11178"}],"wp:attachment":[{"href":"https:\/\/isukamipoliai.lt\/en\/wp-json\/wp\/v2\/media?parent=8720"}],"curies":[{"name":"wp","href":"https:\/\/api.w.org\/{rel}","templated":true}]}}