{"id":8751,"date":"2025-01-13T10:21:35","date_gmt":"2025-01-13T08:21:35","guid":{"rendered":"https:\/\/isukamipoliai.lt\/?page_id=8751"},"modified":"2025-01-28T15:36:36","modified_gmt":"2025-01-28T13:36:36","slug":"taisykles-ir-salygos","status":"publish","type":"page","link":"https:\/\/isukamipoliai.lt\/en\/taisykles-ir-salygos\/","title":{"rendered":"Terms and conditions"},"content":{"rendered":"<div data-elementor-type=\"wp-page\" data-elementor-id=\"8751\" class=\"elementor elementor-8751\" data-elementor-post-type=\"page\">\n\t\t\t\t\t\t<section class=\"elementor-section elementor-top-section elementor-element elementor-element-39f0c88 elementor-section-stretched elementor-section-boxed elementor-section-height-default elementor-section-height-default\" data-id=\"39f0c88\" data-element_type=\"section\" data-e-type=\"section\" data-settings=\"{&quot;stretch_section&quot;:&quot;section-stretched&quot;}\">\n\t\t\t\t\t\t<div class=\"elementor-container elementor-column-gap-custom\">\n\t\t\t\t\t<div class=\"elementor-column elementor-col-100 elementor-top-column elementor-element elementor-element-d9daa65\" data-id=\"d9daa65\" data-element_type=\"column\" data-e-type=\"column\">\n\t\t\t<div class=\"elementor-widget-wrap elementor-element-populated\">\n\t\t\t\t\t\t<div class=\"elementor-element elementor-element-6fe22e6 elementor-widget elementor-widget-heading\" data-id=\"6fe22e6\" data-element_type=\"widget\" data-e-type=\"widget\" data-widget_type=\"heading.default\">\n\t\t\t\t<div class=\"elementor-widget-container\">\n\t\t\t\t\t<h2 class=\"elementor-heading-title elementor-size-default\">Terms and conditions<\/h2>\t\t\t\t<\/div>\n\t\t\t\t<\/div>\n\t\t\t\t<div class=\"elementor-element elementor-element-cee1e5f elementor-widget elementor-widget-text-editor\" data-id=\"cee1e5f\" data-element_type=\"widget\" data-e-type=\"widget\" data-widget_type=\"text-editor.default\">\n\t\t\t\t<div class=\"elementor-widget-container\">\n\t\t\t\t\t\t\t\t\t<p><strong>1. Bendrosios nuostatos <\/strong><br \/>1.1. \u0160ios elektronine\u0307s parduotuve\u0307s taisykle\u0307s (toliau \u2013 Taisykle\u0307s) yra Pirke\u0307jui ir Pardave\u0307jui (toliau \u2013 Pardave\u0307jas) juridi\u0161kai privalomas dokumentas, kuriame nustatomos \u0160aliu\u0328 teise\u0307s ir pareigos.<br \/>1.2. Pardave\u0307jas pasilieka teise\u0328 bet kuriuo metu pakeisti, taisyti ar papildyti \u0161ias Taisykles. Apie Taisykliu\u0328 pasikeitimus Pirke\u0307jas informuojamas elektronine\u0307s parduotuve\u0307s tinklapyje.<\/p><p><strong>2. Pirkimo-pardavimo sutarties sudarymas <\/strong><br \/>2.1. Pirkimo-pardavimo sutartis tarp Pirke\u0307jo ir Pardave\u0307jo laikoma sudaryta, kuomet Pirke\u0307jas elektronine\u0307je parduotuve\u0307je suformuoja ir pateikia prekiu\u0328 u\u017esakyma\u0328, prie\u0161 tai susipa\u017eine\u0328s su \u0161iomis taisykl\u0117mis.<\/p><p><strong>3. Pardave\u0307jo teise\u0307s <\/strong><br \/>3.1. Susidarius svarbioms aplinkybe\u0307ms, Pardave\u0307jas gali laikinai arba visi\u0161kai sustabdyti elektronine\u0307s parduotuve\u0307s veikla\u0328, apie tai i\u0161 anksto neprane\u0161e\u0328s Pirke\u0307jui.<br \/>3.2.Jeigu Pirke\u0307jas bando pakenkti elektronine\u0307s parduotuve\u0307s darbui, stabilumui ir saugumui ar pa\u017eeid\u017eia savo i\u0328sipareigojimus, Pardave\u0307jas turi teise\u0328 be perspe\u0307jimo apriboti ar sustabdyti jam galimybe\u0328 naudotis elektronine parduotuve.<\/p><p><strong>4. Pardave\u0307jo \u012fsipareigojimai. <\/strong><br \/>4.1. Pardave\u0307jas i\u0328sipareigoja sudaryti galimybe\u0328 naudotis elektronine\u0307s parduotuve\u0307s paslaugomis, kurios veikimo sa\u0328lygas nustato \u0161ios Taisykle\u0307s.<br \/>4.2. Pardave\u0307jas i\u0328sipareigoja Pirke\u0307jo i\u0328sigytas prekes pristatyti Pirke\u0307jo pasirinktu pristatymo bu\u0304du, remdamasis sa\u0328lygomis, kurias nustato \u0161ios pirkimo \u2013 pardavimo Taisykle\u0307s.<br \/>4.3. Kai de\u0307l nenumatytu\u0328 aplinkybiu\u0328 Pardave\u0307jas negali pristatyti elektronine\u0307je parduotuve\u0307je u\u017esakytas prekes, Pardave\u0307jas turi teise\u0328 nutraukti Pirkimo-pardavimo sutarti\u0328 prie\u0161 tai informave\u0328s pirke\u0307ja\u0328. Pardave\u0307jas gali pasiu\u0304lyti analogi\u0161ka\u0328 preke\u0328. Pirke\u0307jui atsisakius, Pardave\u0307jas i\u0328sipareigoja gra\u0328\u017einti sumoke\u0307tus pinigus per 3 darbo dienas.<br \/>4.4.Pirke\u0307jui pasinaudojus Taisykliu\u0328 5.2. punkte numatyta teise, Pardave\u0307jas i\u0328sipareigoja gra\u0328\u017einti Pirke\u0307jui sumoke\u0307tus pinigus per 5 (penkias) darbo dienas, nuo gra\u0328\u017einamos preke\u0307s gavimo dienos<br \/>4.5. Pardave\u0307jas gali negra\u0328\u017einti Pirke\u0307jui jo sumoke\u0307tos pinigu\u0328 sumos tol, kol preke\u0307s negra\u0328\u017eintos Pardave\u0307jui arba kol Pirke\u0307jas pateikia i\u0328rodyma\u0328, kad preke\u0307s yra i\u0161siu\u0328stos Pardave\u0307jui, atsi\u017evelgiant i\u0328 tai, kas i\u0328vyksta pirmiau.<\/p><p><strong>5. Pirke\u0307jo teise\u0307s <\/strong><br \/>5.1. Pirke\u0307jas turi teise\u0328 pirkti prekes elektronine\u0307je parduotuve\u0307je vadovaudamasis \u0161iomis Taisykle\u0307mis.<br \/>5.2. Pirke\u0307jas turi teise\u0328 atsisakyti elektronine\u0307je parduotuve\u0307je sudarytos prekiu\u0328 pirkimo-pardavimo sutarties, prane\u0161damas apie tai Pardave\u0307jui ra\u0161tu ne ve\u0307liau kaip per 14 (keturiolika) kalendoriniu\u0328 dienu\u0328 nuo preke\u0307s pristatymo dienos.<br \/>5.3. 5.2 punkte aptarta Pirke\u0307jo teise Pirke\u0307jas gali pasinaudoti tik tuo atveju, jeigu preke\u0307 nebuvo sugadinta arba i\u0161 esme\u0307s nepasikeite\u0307 jos i\u0161vaizda, taip pat jei ji nebuvo naudojama.<\/p><p><strong>6. Pirke\u0307jo i\u0328sipareigojimai <\/strong><br \/>6.1. Pirke\u0307jas privalo sumoke\u0307ti u\u017e i\u0328sigytas prekes ir jas priimti \u0161iose Taisykle\u0307se numatyta tvarka.<br \/>6.2. Jeigu Pirke\u0307jas, prekiu\u0328 pristatymo metu, be svarbiu\u0328 prie\u017easc\u030ciu\u0328 atsisako priimti prekes, Pardave\u0307jui pareikalavus Pirke\u0307jas privalo padengti prekiu\u0328 gra\u0328\u017einimo i\u0161laidas.<br \/>6.3. Prekiu\u0328 pristatymo Pirke\u0307jui metu Pirke\u0307jas privalo kartu su Pardave\u0307ju arba su asmeniu pristac\u030ciusiu siunta\u0328 patikrinti siuntos ir preke\u0307s(-iu\u0328) bu\u0304kle\u0328.<br \/>6.4. Pirke\u0307jas, naudodamasis elektronine parduotuve, patvirtina, kad sutinka su \u0161iomis pirkimo \u2013 pardavimo taisykle\u0307mis ir privalo ju\u0328 laikytis.<\/p><p><strong>7. Preki\u0173 kainos <\/strong><br \/>7.1. Prekiu\u0328 kainos elektronine\u0307je parduotuve\u0307je nurodomos eurais. Kainos nurodomos su PVM. Patvirtinus u\u017esakyma\u0328 prie bendros prekiu\u0328 sumos prisideda pristatymo mokestis, jeigu toks yra taikomas.<\/p><p><strong>8. Preki\u0173 u\u017esakymas ir apmok\u0117jimas <\/strong><br \/>8.1. Pirke\u0307jas, apsilanke\u0328s elektronine\u0307je parduotuve\u0307je, i\u0161sirenka jam patinkanc\u030cias prekes, kurias i\u0328sideda i\u0328 pirkiniu\u0328 krep\u0161eli\u0328.<br \/>8.2. Po pirkiniu\u0328 krep\u0161elio suformavimo, Pirke\u0307jas suveda asmens duomenis,arba \u012fmon\u0117s pirk\u0117jo rekvizitus bu\u0304tinus u\u017esakymo i\u0328vykdymui,adresa\u0328, kuriuo bus pristatomos preke\u0307s, telefono numeri\u0328 bei papildoma\u0328 informacija\u0328, kuri gali bu\u0304ti svarbi pristatant u\u017esakytas prekes. Pirke\u0307jas patvirtina\u0328 jog susipa\u017eino su \u0161iomis taisykle\u0307mis ir patvirtina u\u017esakyma\u0328.<br \/>8.3. Atsiskaityti galima naudojantis Swed, Seb, Luminor,\u0160iauli\u0173, Citadel\u0117s,Revolut banku\u0328 elektronine\u0307s bankininkyste\u0307s paslaugomis, bei Visa\/MasterCard moke\u0307jimo kortele\u0307mis. Atsiskaitymai galimi euro valiuta. Moke\u0307jimai apdorojami naudojantis Montonio moke\u0307jim\u0173 platforma.<\/p><p><strong>9. Prekiu\u0328 pristatymas <\/strong><br \/>9.1. Pirke\u0307jas, u\u017esakydamas prekes, privalo nurodyti tikslu\u0328 prekiu\u0328 pristatymo adresa\u0328.<br \/>9.2. Pirke\u0307jas privalo priimti prekes pats. Jeigu Pirke\u0307jas prekiu\u0328 priimti pats negali, bet preke\u0307s pristatytos Pirke\u0307jo nurodytu adresu, Pirke\u0307jas neturi teise\u0307s reik\u0161ti pretenziju\u0328 de\u0307l pristatytu\u0328 prekiu\u0328 netinkamam asmeniui.<br \/>9.3. Pardave\u0307jas pristato prekes Pirke\u0307jui vadovaudamasis prekiu\u0328 apra\u0161ymuose nurodytais terminais.<br \/>9.4. Visu\u0328 parduodamu\u0328 prekiu\u0328 ypatybe\u0307s nurodomos prie kiekvienos preke\u0307s esanc\u030ciame apra\u0161yme. Pardave\u0307jas neatsako u\u017e tai, jog elektronine\u0307je parduotuve\u0307je esanc\u030ciu\u0328 prekiu\u0328 spalva, forma ar kiti parametrai gali neatitikti realaus prekiu\u0328 dyd\u017eio, formos ir spalvos de\u0307l Pirke\u0307jo naudojamo monitoriaus ypatybiu\u0328.<br \/>9.5. Pirke\u0307jui atsisakant preke\u0307s pirkimo-pardavimo sutarties, Pirke\u0307jui gra\u0328\u017einamos visos jo sumoke\u0307tos sumos, i\u0328skaitant Pirke\u0307jo sumoke\u0307tas preke\u0307s pristatymo i\u0161laidas.<\/p><p><strong>10. Prekiu\u0328 gra\u0328\u017einimas <\/strong><br \/>10.1. Kokybi\u0161kos preke\u0307s gali bu\u0304ti gra\u0328\u017einamos per 14 dienu\u0328 nuo ju\u0328 gavimo dienos. Parduotu\u0328 nekokybi\u0161ku\u0328 prekiu\u0328 tru\u0304kumai \u0161alinami, nekokybi\u0161kos preke\u0307s keic\u030ciamos, gra\u0328\u017einamos vadovaujantis Lietuvos Respublikos civilinio kodekso nuostatomis.<br \/>10.2. Gra\u0328\u017einant prekes bu\u0304tina laikytis \u0161iu\u0328 sa\u0328lygu\u0328:<br \/>10.2.1. Gra\u0328\u017einama preke\u0307 turi bu\u0304ti originalioje tvarkingoje pakuote\u0307je (\u0161is punktas netaikomas tuo atveju, kai gra\u0328\u017einama nekokybi\u0161ka preke\u0307);<br \/>10.2.2. Preke\u0307 turi bu\u0304ti Pirke\u0307jo nesugadinta;<br \/>10.2.3. Preke\u0307 turi bu\u0304ti nenaudota, nepraradusi prekine\u0307s i\u0161vaizdos: nepa\u017eeistos etikete\u0307s, nenuple\u0307\u0161tos apsaugine\u0307s ple\u0307vele\u0307s ir kt. (\u0161is punktas netaikomas tuo atveju, kai gra\u0328\u017einama nekokybi\u0161ka preke\u0307);<br \/>10.2.4. Gra\u0328\u017einama preke\u0307 turi bu\u0304ti tos pac\u030cios komplektacijos, kokios buvo Pirke\u0307jo gauta (\u0161is punktas netaikomas tuo atveju, kai gra\u0328\u017einama nekokybi\u0161ka preke\u0307);<br \/>10.2.5. Pardave\u0307jas turi teise\u0328 atsisakyti priimti Pirke\u0307jo gra\u0328\u017einamas prekes, jei buvo nesilaikoma prekiu\u0328 gra\u0328\u017einimo sa\u0328lygu\u0328;<br \/>10.2.6. Prekiu\u0328 gra\u0328\u017einimas vykdomas Pardave\u0307jo nustatytu bu\u0304du per 14 (keturiolika) dienu\u0328 nuo prekiu\u0328 gavimo dienos (\u0161is punktas netaikomas tuo atveju, kai preke\u0307 nekokybi\u0161ka &#8211; tokiu atveju vykdomas prekiu\u0328 gra\u0328\u017einimas per i\u0328statymini\u0328 garantini\u0328 termina\u0328);<br \/>10.3. Tinkamos kokybe\u0307s prekiu\u0328 gra\u0328\u017einimas ir keitimas vykdomas vadovaujantis Civilinio kodekso 6.22810 straipsnio 1 dalimi;<br \/>10.4. U\u017e Pirke\u0307jo priimtas, bet ve\u0307liau atsisakytas prekes sumoke\u0307ti pinigai gra\u0328\u017einami i\u0328 Pirke\u0307jo sa\u0328skaita\u0328 ne ve\u0307liau kaip per 5 (penkias) dienas nuo preke\u0307s gra\u0328\u017einimo Pardave\u0307jui dienos, nebent Pardave\u0307jas ir Pirke\u0307jas susitaria kitaip.<\/p><p><strong>11. Baigiamosios nuostatos <\/strong><br \/>11.1. \u0160ios Taisykle\u0307s sudarytos vadovaujantis Lietuvos Respublikos teise\u0307s aktais.<br \/>11.2. \u0160ioms Taisykle\u0307ms ir santykiams tarp \u0160aliu\u0328 \u0161iu\u0328 Taisykliu\u0328 at\u017evilgiu taikomos ir jos ai\u0161kinamos remiantis Lietuvos Respublikos i\u0328statymais.<br \/>11.3. Visi nesutarimai, kile\u0328 de\u0307l \u0161iu\u0328 Taisykliu\u0328 vykdymo, sprend\u017eiami derybu\u0328 bu\u0304du. Nepavykus susitarti, ginc\u030cai sprend\u017eiami Lietuvos Respublikos i\u0328statymu\u0328 nustatyta tvarka.<br \/>11.4. \u0160alys atleid\u017eiamos nuo i\u0328sipareigojimu\u0328 pagal \u0161ias Taisykles vykdymo, jei ju\u0328 i\u0328vykdyti negalima de\u0307l nenumatytu\u0328 ir \u0160aliu\u0328 valios nepriklausanc\u030ciu\u0328 aplinkybiu\u0328 (Force major).<\/p>\t\t\t\t\t\t\t\t<\/div>\n\t\t\t\t<\/div>\n\t\t\t\t\t<\/div>\n\t\t<\/div>\n\t\t\t\t\t<\/div>\n\t\t<\/section>\n\t\t\t\t<\/div>","protected":false},"excerpt":{"rendered":"<p>Taisykl\u0117s ir s\u0105lygos 1. Bendrosios nuostatos 1.1. \u0160ios elektronine\u0307s parduotuve\u0307s taisykle\u0307s (toliau \u2013 Taisykle\u0307s) yra Pirke\u0307jui ir Pardave\u0307jui (toliau \u2013 Pardave\u0307jas) juridi\u0161kai privalomas dokumentas, kuriame&#8230;<\/p>","protected":false},"author":3,"featured_media":0,"parent":0,"menu_order":0,"comment_status":"closed","ping_status":"closed","template":"","meta":{"footnotes":""},"class_list":["post-8751","page","type-page","status-publish","hentry"],"yoast_head":"<!-- This site is optimized with the Yoast SEO plugin v27.4 - https:\/\/yoast.com\/product\/yoast-seo-wordpress\/ -->\n<title>Taisykl\u0117s ir s\u0105lygos - \u012esukami poliai<\/title>\n<meta name=\"robots\" content=\"noindex, follow\" \/>\n<meta property=\"og:locale\" content=\"en_US\" \/>\n<meta property=\"og:type\" content=\"article\" \/>\n<meta property=\"og:title\" content=\"Taisykl\u0117s ir s\u0105lygos - \u012esukami poliai\" \/>\n<meta property=\"og:description\" content=\"Taisykl\u0117s ir s\u0105lygos 1. Bendrosios nuostatos 1.1. \u0160ios elektronine\u0307s parduotuve\u0307s taisykle\u0307s (toliau \u2013 Taisykle\u0307s) yra Pirke\u0307jui ir Pardave\u0307jui (toliau \u2013 Pardave\u0307jas) juridi\u0161kai privalomas dokumentas, kuriame...\" \/>\n<meta property=\"og:url\" content=\"https:\/\/isukamipoliai.lt\/en\/taisykles-ir-salygos\/\" \/>\n<meta property=\"og:site_name\" content=\"\u012esukami poliai\" \/>\n<meta property=\"article:modified_time\" content=\"2025-01-28T13:36:36+00:00\" \/>\n<meta name=\"twitter:card\" content=\"summary_large_image\" \/>\n<meta name=\"twitter:label1\" content=\"Est. reading time\" \/>\n\t<meta name=\"twitter:data1\" content=\"5 minutes\" \/>\n<script type=\"application\/ld+json\" class=\"yoast-schema-graph\">{\"@context\":\"https:\\\/\\\/schema.org\",\"@graph\":[{\"@type\":\"WebPage\",\"@id\":\"https:\\\/\\\/isukamipoliai.lt\\\/taisykles-ir-salygos\\\/\",\"url\":\"https:\\\/\\\/isukamipoliai.lt\\\/taisykles-ir-salygos\\\/\",\"name\":\"Taisykl\u0117s ir s\u0105lygos - \u012esukami poliai\",\"isPartOf\":{\"@id\":\"https:\\\/\\\/isukamipoliai.lt\\\/#website\"},\"datePublished\":\"2025-01-13T08:21:35+00:00\",\"dateModified\":\"2025-01-28T13:36:36+00:00\",\"breadcrumb\":{\"@id\":\"https:\\\/\\\/isukamipoliai.lt\\\/taisykles-ir-salygos\\\/#breadcrumb\"},\"inLanguage\":\"en-US\",\"potentialAction\":[{\"@type\":\"ReadAction\",\"target\":[\"https:\\\/\\\/isukamipoliai.lt\\\/taisykles-ir-salygos\\\/\"]}]},{\"@type\":\"BreadcrumbList\",\"@id\":\"https:\\\/\\\/isukamipoliai.lt\\\/taisykles-ir-salygos\\\/#breadcrumb\",\"itemListElement\":[{\"@type\":\"ListItem\",\"position\":1,\"name\":\"Home\",\"item\":\"https:\\\/\\\/isukamipoliai.lt\\\/\"},{\"@type\":\"ListItem\",\"position\":2,\"name\":\"Taisykl\u0117s ir s\u0105lygos\"}]},{\"@type\":\"WebSite\",\"@id\":\"https:\\\/\\\/isukamipoliai.lt\\\/#website\",\"url\":\"https:\\\/\\\/isukamipoliai.lt\\\/\",\"name\":\"\u012esukami poliai\",\"description\":\"\",\"publisher\":{\"@id\":\"https:\\\/\\\/isukamipoliai.lt\\\/#organization\"},\"potentialAction\":[{\"@type\":\"SearchAction\",\"target\":{\"@type\":\"EntryPoint\",\"urlTemplate\":\"https:\\\/\\\/isukamipoliai.lt\\\/?s={search_term_string}\"},\"query-input\":{\"@type\":\"PropertyValueSpecification\",\"valueRequired\":true,\"valueName\":\"search_term_string\"}}],\"inLanguage\":\"en-US\"},{\"@type\":\"Organization\",\"@id\":\"https:\\\/\\\/isukamipoliai.lt\\\/#organization\",\"name\":\"UP Group\",\"url\":\"https:\\\/\\\/isukamipoliai.lt\\\/\",\"logo\":{\"@type\":\"ImageObject\",\"inLanguage\":\"en-US\",\"@id\":\"https:\\\/\\\/isukamipoliai.lt\\\/#\\\/schema\\\/logo\\\/image\\\/\",\"url\":\"https:\\\/\\\/isukamipoliai.lt\\\/wp-content\\\/uploads\\\/2024\\\/11\\\/Isukami-poliai-sraigtiniai-poliai.webp\",\"contentUrl\":\"https:\\\/\\\/isukamipoliai.lt\\\/wp-content\\\/uploads\\\/2024\\\/11\\\/Isukami-poliai-sraigtiniai-poliai.webp\",\"width\":591,\"height\":237,\"caption\":\"UP Group\"},\"image\":{\"@id\":\"https:\\\/\\\/isukamipoliai.lt\\\/#\\\/schema\\\/logo\\\/image\\\/\"}}]}<\/script>\n<!-- \/ Yoast SEO plugin. -->","yoast_head_json":{"title":"Taisykl\u0117s ir s\u0105lygos - \u012esukami poliai","robots":{"index":"noindex","follow":"follow"},"og_locale":"en_US","og_type":"article","og_title":"Taisykl\u0117s ir s\u0105lygos - \u012esukami poliai","og_description":"Taisykl\u0117s ir s\u0105lygos 1. Bendrosios nuostatos 1.1. \u0160ios elektronine\u0307s parduotuve\u0307s taisykle\u0307s (toliau \u2013 Taisykle\u0307s) yra Pirke\u0307jui ir Pardave\u0307jui (toliau \u2013 Pardave\u0307jas) juridi\u0161kai privalomas dokumentas, kuriame...","og_url":"https:\/\/isukamipoliai.lt\/en\/taisykles-ir-salygos\/","og_site_name":"\u012esukami poliai","article_modified_time":"2025-01-28T13:36:36+00:00","twitter_card":"summary_large_image","twitter_misc":{"Est. reading time":"5 minutes"},"schema":{"@context":"https:\/\/schema.org","@graph":[{"@type":"WebPage","@id":"https:\/\/isukamipoliai.lt\/taisykles-ir-salygos\/","url":"https:\/\/isukamipoliai.lt\/taisykles-ir-salygos\/","name":"Taisykl\u0117s ir s\u0105lygos - \u012esukami poliai","isPartOf":{"@id":"https:\/\/isukamipoliai.lt\/#website"},"datePublished":"2025-01-13T08:21:35+00:00","dateModified":"2025-01-28T13:36:36+00:00","breadcrumb":{"@id":"https:\/\/isukamipoliai.lt\/taisykles-ir-salygos\/#breadcrumb"},"inLanguage":"en-US","potentialAction":[{"@type":"ReadAction","target":["https:\/\/isukamipoliai.lt\/taisykles-ir-salygos\/"]}]},{"@type":"BreadcrumbList","@id":"https:\/\/isukamipoliai.lt\/taisykles-ir-salygos\/#breadcrumb","itemListElement":[{"@type":"ListItem","position":1,"name":"Home","item":"https:\/\/isukamipoliai.lt\/"},{"@type":"ListItem","position":2,"name":"Taisykl\u0117s ir s\u0105lygos"}]},{"@type":"WebSite","@id":"https:\/\/isukamipoliai.lt\/#website","url":"https:\/\/isukamipoliai.lt\/","name":"Screw piles","description":"","publisher":{"@id":"https:\/\/isukamipoliai.lt\/#organization"},"potentialAction":[{"@type":"SearchAction","target":{"@type":"EntryPoint","urlTemplate":"https:\/\/isukamipoliai.lt\/?s={search_term_string}"},"query-input":{"@type":"PropertyValueSpecification","valueRequired":true,"valueName":"search_term_string"}}],"inLanguage":"en-US"},{"@type":"Organization","@id":"https:\/\/isukamipoliai.lt\/#organization","name":"UP Group","url":"https:\/\/isukamipoliai.lt\/","logo":{"@type":"ImageObject","inLanguage":"en-US","@id":"https:\/\/isukamipoliai.lt\/#\/schema\/logo\/image\/","url":"https:\/\/isukamipoliai.lt\/wp-content\/uploads\/2024\/11\/Isukami-poliai-sraigtiniai-poliai.webp","contentUrl":"https:\/\/isukamipoliai.lt\/wp-content\/uploads\/2024\/11\/Isukami-poliai-sraigtiniai-poliai.webp","width":591,"height":237,"caption":"UP Group"},"image":{"@id":"https:\/\/isukamipoliai.lt\/#\/schema\/logo\/image\/"}}]}},"_links":{"self":[{"href":"https:\/\/isukamipoliai.lt\/en\/wp-json\/wp\/v2\/pages\/8751","targetHints":{"allow":["GET"]}}],"collection":[{"href":"https:\/\/isukamipoliai.lt\/en\/wp-json\/wp\/v2\/pages"}],"about":[{"href":"https:\/\/isukamipoliai.lt\/en\/wp-json\/wp\/v2\/types\/page"}],"author":[{"embeddable":true,"href":"https:\/\/isukamipoliai.lt\/en\/wp-json\/wp\/v2\/users\/3"}],"replies":[{"embeddable":true,"href":"https:\/\/isukamipoliai.lt\/en\/wp-json\/wp\/v2\/comments?post=8751"}],"version-history":[{"count":14,"href":"https:\/\/isukamipoliai.lt\/en\/wp-json\/wp\/v2\/pages\/8751\/revisions"}],"predecessor-version":[{"id":9963,"href":"https:\/\/isukamipoliai.lt\/en\/wp-json\/wp\/v2\/pages\/8751\/revisions\/9963"}],"wp:attachment":[{"href":"https:\/\/isukamipoliai.lt\/en\/wp-json\/wp\/v2\/media?parent=8751"}],"curies":[{"name":"wp","href":"https:\/\/api.w.org\/{rel}","templated":true}]}}