{"id":8757,"date":"2025-01-13T10:22:51","date_gmt":"2025-01-13T08:22:51","guid":{"rendered":"https:\/\/isukamipoliai.lt\/?page_id=8757"},"modified":"2025-06-05T13:02:49","modified_gmt":"2025-06-05T10:02:49","slug":"didmenine-prekyba","status":"publish","type":"page","link":"https:\/\/isukamipoliai.lt\/en\/didmenine-prekyba\/","title":{"rendered":"Wholesale trade"},"content":{"rendered":"\t\t<div data-elementor-type=\"wp-page\" data-elementor-id=\"8757\" class=\"elementor elementor-8757\" data-elementor-post-type=\"page\">\n\t\t\t\t\t\t<section class=\"elementor-section elementor-top-section elementor-element elementor-element-7d4629c elementor-section-content-middle elementor-section-boxed elementor-section-height-default elementor-section-height-default\" data-id=\"7d4629c\" data-element_type=\"section\" data-e-type=\"section\">\n\t\t\t\t\t\t<div class=\"elementor-container elementor-column-gap-default\">\n\t\t\t\t\t<div class=\"elementor-column elementor-col-100 elementor-top-column elementor-element elementor-element-acb939f\" data-id=\"acb939f\" data-element_type=\"column\" data-e-type=\"column\" data-settings=\"{&quot;background_background&quot;:&quot;classic&quot;}\">\n\t\t\t<div class=\"elementor-widget-wrap elementor-element-populated\">\n\t\t\t\t\t\t<section class=\"elementor-section elementor-inner-section elementor-element elementor-element-15b0bf8 elementor-section-content-middle elementor-section-boxed elementor-section-height-default elementor-section-height-default\" data-id=\"15b0bf8\" data-element_type=\"section\" data-e-type=\"section\">\n\t\t\t\t\t\t<div class=\"elementor-container elementor-column-gap-default\">\n\t\t\t\t\t<div class=\"elementor-column elementor-col-50 elementor-inner-column elementor-element elementor-element-6f7a53a\" data-id=\"6f7a53a\" data-element_type=\"column\" data-e-type=\"column\">\n\t\t\t<div class=\"elementor-widget-wrap elementor-element-populated\">\n\t\t\t\t\t\t<div class=\"elementor-element elementor-element-ac06c3a elementor-invisible elementor-widget elementor-widget-heading\" data-id=\"ac06c3a\" data-element_type=\"widget\" data-e-type=\"widget\" data-settings=\"{&quot;_animation&quot;:&quot;fadeInUp&quot;,&quot;_animation_delay&quot;:100}\" data-widget_type=\"heading.default\">\n\t\t\t\t<div class=\"elementor-widget-container\">\n\t\t\t\t\t<h2 class=\"elementor-heading-title elementor-size-default\">Lank\u0161\u010dios nuolaidos kiekiui<\/h2>\t\t\t\t<\/div>\n\t\t\t\t<\/div>\n\t\t\t\t<div class=\"elementor-element elementor-element-600a174 elementor-align-left elementor-widget__width-auto elementor-invisible elementor-widget elementor-widget-etheme_icon_box\" data-id=\"600a174\" data-element_type=\"widget\" data-e-type=\"widget\" data-settings=\"{&quot;icon_type&quot;:&quot;icon&quot;,&quot;_animation&quot;:&quot;tada&quot;,&quot;_animation_delay&quot;:300}\" data-widget_type=\"etheme_icon_box.default\">\n\t\t\t\t<div class=\"elementor-widget-container\">\n\t\t\t\t\t\t\t\t<div class=\"etheme-icon-box etheme-icon-box-icon-position-left\">\n        \n                            \n                <div class=\"etheme-icon-box-icon etheme-icon-box-icon-type-icon\">\n        \n                <i aria-hidden=\"true\" class=\"et-icon et-gift\"><\/i>        \n                <\/div>\n            \n                <div class=\"etheme-icon-box-content\">\n\t\t\n                                        \n                                            <h3 class=\"etheme-icon-box-title\">\n                            <span>Nuolaidos<\/span>\n                        <\/h3>\n                    \t\t\n                                            <p class=\"etheme-icon-box-description\">\n                            iki -40%                        <\/p>\n                    \n                            \n                <\/div>\n\t\t\t<\/div>\n\t\t\t\t\t\t<\/div>\n\t\t\t\t<\/div>\n\t\t\t\t\t<\/div>\n\t\t<\/div>\n\t\t\t\t<div class=\"elementor-column elementor-col-50 elementor-inner-column elementor-element elementor-element-75e9397\" data-id=\"75e9397\" data-element_type=\"column\" data-e-type=\"column\">\n\t\t\t<div class=\"elementor-widget-wrap elementor-element-populated\">\n\t\t\t\t\t\t<div class=\"elementor-element elementor-element-7de098d elementor-invisible elementor-widget elementor-widget-image\" data-id=\"7de098d\" data-element_type=\"widget\" data-e-type=\"widget\" data-settings=\"{&quot;motion_fx_motion_fx_scrolling&quot;:&quot;yes&quot;,&quot;motion_fx_scale_effect&quot;:&quot;yes&quot;,&quot;motion_fx_scale_speed&quot;:{&quot;unit&quot;:&quot;px&quot;,&quot;size&quot;:-2,&quot;sizes&quot;:[]},&quot;motion_fx_scale_range&quot;:{&quot;unit&quot;:&quot;%&quot;,&quot;size&quot;:&quot;&quot;,&quot;sizes&quot;:{&quot;start&quot;:0,&quot;end&quot;:50}},&quot;motion_fx_range&quot;:&quot;page&quot;,&quot;_animation&quot;:&quot;fadeIn&quot;,&quot;motion_fx_scale_direction&quot;:&quot;out-in&quot;,&quot;motion_fx_devices&quot;:[&quot;desktop&quot;,&quot;tablet&quot;,&quot;mobile&quot;]}\" data-widget_type=\"image.default\">\n\t\t\t\t<div class=\"elementor-widget-container\">\n\t\t\t\t\t\t\t\t\t\t\t\t\t\t\t<img fetchpriority=\"high\" decoding=\"async\" width=\"1920\" height=\"1440\" src=\"https:\/\/isukamipoliai.lt\/wp-content\/uploads\/2025\/01\/Isukami-sraigtiniai-poliai-terasai-1.webp\" class=\"attachment-full size-full wp-image-9894\" alt=\"Sraigtiniai pamatai, Sraigtinis \u012fsukamas polis U tipo, isukami poliai\" srcset=\"https:\/\/isukamipoliai.lt\/wp-content\/uploads\/2025\/01\/Isukami-sraigtiniai-poliai-terasai-1.webp 1920w, https:\/\/isukamipoliai.lt\/wp-content\/uploads\/2025\/01\/Isukami-sraigtiniai-poliai-terasai-1-300x225.webp 300w, https:\/\/isukamipoliai.lt\/wp-content\/uploads\/2025\/01\/Isukami-sraigtiniai-poliai-terasai-1-1024x768.webp 1024w, https:\/\/isukamipoliai.lt\/wp-content\/uploads\/2025\/01\/Isukami-sraigtiniai-poliai-terasai-1-768x576.webp 768w, https:\/\/isukamipoliai.lt\/wp-content\/uploads\/2025\/01\/Isukami-sraigtiniai-poliai-terasai-1-1536x1152.webp 1536w, https:\/\/isukamipoliai.lt\/wp-content\/uploads\/2025\/01\/Isukami-sraigtiniai-poliai-terasai-1-16x12.webp 16w, https:\/\/isukamipoliai.lt\/wp-content\/uploads\/2025\/01\/Isukami-sraigtiniai-poliai-terasai-1-600x450.webp 600w, https:\/\/isukamipoliai.lt\/wp-content\/uploads\/2025\/01\/Isukami-sraigtiniai-poliai-terasai-1-1x1.webp 1w, https:\/\/isukamipoliai.lt\/wp-content\/uploads\/2025\/01\/Isukami-sraigtiniai-poliai-terasai-1-10x8.webp 10w\" sizes=\"(max-width: 1920px) 100vw, 1920px\" \/>\t\t\t\t\t\t\t\t\t\t\t\t\t\t\t<\/div>\n\t\t\t\t<\/div>\n\t\t\t\t\t<\/div>\n\t\t<\/div>\n\t\t\t\t\t<\/div>\n\t\t<\/section>\n\t\t\t\t\t<\/div>\n\t\t<\/div>\n\t\t\t\t\t<\/div>\n\t\t<\/section>\n\t\t\t\t<section class=\"elementor-section elementor-top-section elementor-element elementor-element-c425a13 elementor-section-stretched elementor-section-boxed elementor-section-height-default elementor-section-height-default\" data-id=\"c425a13\" data-element_type=\"section\" data-e-type=\"section\" data-settings=\"{&quot;stretch_section&quot;:&quot;section-stretched&quot;}\">\n\t\t\t\t\t\t<div class=\"elementor-container elementor-column-gap-custom\">\n\t\t\t\t\t<div class=\"etheme-elementor-sticky-column elementor-column elementor-col-50 elementor-top-column elementor-element elementor-element-13bf2fc\" data-id=\"13bf2fc\" data-element_type=\"column\" data-e-type=\"column\" data-settings=\"{&quot;etheme_column_sticky&quot;:&quot;yes&quot;,&quot;etheme_column_sticky_top_offset&quot;:50,&quot;etheme_column_sticky_on&quot;:[&quot;desktop&quot;,&quot;tablet&quot;]}\">\n\t\t\t<div class=\"elementor-widget-wrap elementor-element-populated\">\n\t\t\t\t\t\t<div class=\"elementor-element elementor-element-fdaece5 elementor-widget elementor-widget-heading\" data-id=\"fdaece5\" data-element_type=\"widget\" data-e-type=\"widget\" data-widget_type=\"heading.default\">\n\t\t\t\t<div class=\"elementor-widget-container\">\n\t\t\t\t\t<h2 class=\"elementor-heading-title elementor-size-default\">Didmenin\u0117 prekyba<\/h2>\t\t\t\t<\/div>\n\t\t\t\t<\/div>\n\t\t\t\t<div class=\"elementor-element elementor-element-8a2348c elementor-invisible elementor-widget elementor-widget-text-editor\" data-id=\"8a2348c\" data-element_type=\"widget\" data-e-type=\"widget\" data-settings=\"{&quot;_animation&quot;:&quot;fadeIn&quot;}\" data-widget_type=\"text-editor.default\">\n\t\t\t\t<div class=\"elementor-widget-container\">\n\t\t\t\t\t\t\t\t\t<p><strong>Gaukite didmenines kainas!<\/strong><br \/>Ar esate meistras, nuolat montuojantis \u012fsukamus polius?<br \/>Arba \u012fmon\u0117, norinti prad\u0117ti prekyb\u0105 \u0161iais produktais?<\/p><p><strong>U\u017epildykite susipa\u017einimo form\u0105 de\u0161in\u0117je \u2013 tai u\u017etruks vos 60 sekund\u017ei\u0173!<\/strong><\/p>\t\t\t\t\t\t\t\t<\/div>\n\t\t\t\t<\/div>\n\t\t\t\t<div class=\"elementor-element elementor-element-5161fcf elementor-invisible elementor-widget elementor-widget-text-editor\" data-id=\"5161fcf\" data-element_type=\"widget\" data-e-type=\"widget\" data-settings=\"{&quot;_animation&quot;:&quot;fadeIn&quot;}\" data-widget_type=\"text-editor.default\">\n\t\t\t\t<div class=\"elementor-widget-container\">\n\t\t\t\t\t\t\t\t\t<p><strong><a href=\"tel:+37065209611\">Tel: +370 652 09 611<\/a><\/strong><br \/><strong>El.pa\u0161tas: info@isukamipoliai.lt<\/strong><br \/><strong>Centrinis sand\u0117lis<\/strong> -Tel\u0161i\u0173 g 2e, Rainiai, 88401 Tel\u0161i\u0173 r. sav.<\/p>\t\t\t\t\t\t\t\t<\/div>\n\t\t\t\t<\/div>\n\t\t\t\t\t<\/div>\n\t\t<\/div>\n\t\t\t\t<div class=\"elementor-column elementor-col-50 elementor-top-column elementor-element elementor-element-2ecae43\" data-id=\"2ecae43\" data-element_type=\"column\" data-e-type=\"column\">\n\t\t\t<div class=\"elementor-widget-wrap elementor-element-populated\">\n\t\t\t\t\t\t<div class=\"elementor-element elementor-element-944e8c8 elementor-widget elementor-widget-heading\" data-id=\"944e8c8\" data-element_type=\"widget\" data-e-type=\"widget\" data-widget_type=\"heading.default\">\n\t\t\t\t<div class=\"elementor-widget-container\">\n\t\t\t\t\t<h2 class=\"elementor-heading-title elementor-size-default\">Susipa\u017einkim<\/h2>\t\t\t\t<\/div>\n\t\t\t\t<\/div>\n\t\t\t\t<div class=\"elementor-element elementor-element-388d130 etheme-contact-form-7-button-custom elementor-invisible elementor-widget elementor-widget-et-contact-form-7\" data-id=\"388d130\" data-element_type=\"widget\" data-e-type=\"widget\" data-settings=\"{&quot;_animation&quot;:&quot;fadeIn&quot;}\" data-widget_type=\"et-contact-form-7.default\">\n\t\t\t\t<div class=\"elementor-widget-container\">\n\t\t\t\t\t                <div class=\"pp-contact-form etheme-contact-form-7 placeholder-show\">\n                                        \n<div class=\"wpcf7 no-js\" id=\"wpcf7-f9734-o1\" lang=\"lt-LT\" dir=\"ltr\" data-wpcf7-id=\"9734\">\n<div class=\"screen-reader-response\"><p role=\"status\" aria-live=\"polite\" aria-atomic=\"true\"><\/p> <ul><\/ul><\/div>\n<form action=\"\/en\/wp-json\/wp\/v2\/pages\/8757#wpcf7-f9734-o1\" method=\"post\" class=\"wpcf7-form init\" aria-label=\"Kontakt\u0173 forma\" novalidate=\"novalidate\" data-status=\"init\">\n<fieldset class=\"hidden-fields-container\"><input type=\"hidden\" name=\"_wpcf7\" value=\"9734\" \/><input type=\"hidden\" name=\"_wpcf7_version\" value=\"6.1.5\" \/><input type=\"hidden\" name=\"_wpcf7_locale\" value=\"lt_LT\" \/><input type=\"hidden\" name=\"_wpcf7_unit_tag\" value=\"wpcf7-f9734-o1\" \/><input type=\"hidden\" name=\"_wpcf7_container_post\" value=\"0\" \/><input type=\"hidden\" name=\"_wpcf7_posted_data_hash\" value=\"\" \/>\n<\/fieldset>\n<div class=\"wpcf-wrap\">\n\t<div class=\"one-third\">\n\t\t<p><label> J\u016bs\u0173 Vardas Pavard\u0117*<br \/>\n<span class=\"wpcf7-form-control-wrap\" data-name=\"your-name\"><input size=\"40\" maxlength=\"400\" class=\"wpcf7-form-control wpcf7-text wpcf7-validates-as-required\" aria-required=\"true\" aria-invalid=\"false\" value=\"\" type=\"text\" name=\"your-name\" \/><\/span> <\/label>\n\t\t<\/p>\n\t<\/div>\n\t<div class=\"one-third\">\n\t\t<p><label> El.pa\u0161tas*<br \/>\n<span class=\"wpcf7-form-control-wrap\" data-name=\"your-email\"><input size=\"40\" maxlength=\"400\" class=\"wpcf7-form-control wpcf7-email wpcf7-validates-as-required wpcf7-text wpcf7-validates-as-email\" aria-required=\"true\" aria-invalid=\"false\" value=\"\" type=\"email\" name=\"your-email\" \/><\/span> <\/label>\n\t\t<\/p>\n\t<\/div>\n\t<div class=\"one-third last\">\n\t\t<p><label> \u012emon\u0117s, MB, IV pavadinimas*<br \/>\n<span class=\"wpcf7-form-control-wrap\" data-name=\"company\"><input size=\"40\" maxlength=\"400\" class=\"wpcf7-form-control wpcf7-text wpcf7-validates-as-required\" aria-required=\"true\" aria-invalid=\"false\" value=\"\" type=\"text\" name=\"company\" \/><\/span> <\/label>\n\t\t<\/p>\n\t<\/div>\n<\/div>\n<p><label> \u017dinut\u0117<br \/>\n<span class=\"wpcf7-form-control-wrap\" data-name=\"your-message\"><textarea cols=\"40\" rows=\"1\" maxlength=\"2000\" class=\"wpcf7-form-control wpcf7-textarea\" aria-invalid=\"false\" name=\"your-message\"><\/textarea><\/span> <\/label>\n<\/p>\n<p><span class=\"wpcf7-form-control-wrap\" data-name=\"acceptance-205\"><span class=\"wpcf7-form-control wpcf7-acceptance\"><span class=\"wpcf7-list-item\"><label><input type=\"checkbox\" name=\"acceptance-205\" value=\"1\" aria-invalid=\"false\" \/><span class=\"wpcf7-list-item-label\">Noriu gauti didmenines kainas & sutinku, kad UAB UP Group pateikt\u0173 man pasi\u016blymus ir j\u0173 parengimui bei pateikimui naudot\u0173 auk\u0161\u010diau pateiktus duomenis.<\/span><\/label><\/span><\/span><\/span><br \/>\n<div class=\"cf7-cf-turnstile\" style=\"margin-top: 0px; margin-bottom: -15px;\"> <div id=\"cf-turnstile-cf7-3911454435\" class=\"cf-turnstile\" data-callback=\"turnstileCF7Callback\" data-sitekey=\"0x4AAAAAAA50SYV52ZjP2Mfw\" data-theme=\"light\" data-language=\"lt-lt\" data-size=\"normal\" data-retry=\"auto\" data-retry-interval=\"1000\" data-refresh-expired=\"auto\" data-refresh-timeout=\"auto\" data-action=\"contact-form-7\" data-callback=\"turnstileCF7Callback\" data-appearance=\"always\"><\/div> <style>.wpcf7-submit { pointer-events: none; opacity: 0.5; }<\/style> <script>document.addEventListener(\"DOMContentLoaded\", function() { setTimeout(function(){ var e=document.getElementById(\"cf-turnstile-cf7-3911454435\"); if(e&&!e.innerHTML.trim()){turnstile.render(e, {sitekey:\"0x4AAAAAAA50SYV52ZjP2Mfw\"});} }, 200); });<\/script> <br class=\"cf-turnstile-br cf-turnstile-br-cf7-3911454435\"> <style>#cf-turnstile-cf7-3911454435 { margin-left: -15px; }<\/style> <script>document.addEventListener(\"DOMContentLoaded\",function(){document.querySelectorAll('.wpcf7-form').forEach(function(e){e.addEventListener('submit',function(){if(document.getElementById('cf-turnstile-cf7-3911454435')){setTimeout(function(){turnstile.reset('#cf-turnstile-cf7-3911454435');},1000)}})})});<\/script> <\/div>\n<\/p>\n<p><input class=\"wpcf7-form-control wpcf7-submit has-spinner\" type=\"submit\" value=\"Si\u0173sti\" \/>\n<\/p><div class=\"wpcf7-response-output\" aria-hidden=\"true\"><\/div>\n<\/form>\n<\/div>\n                <\/div>\n                \t\t\t\t<\/div>\n\t\t\t\t<\/div>\n\t\t\t\t\t<\/div>\n\t\t<\/div>\n\t\t\t\t\t<\/div>\n\t\t<\/section>\n\t\t\t\t<\/div>\n\t\t","protected":false},"excerpt":{"rendered":"<p>Lank\u0161\u010dios nuolaidos kiekiui Nuolaidos iki -40% Didmenin\u0117 prekyba Gaukite didmenines kainas!Ar esate meistras, nuolat montuojantis \u012fsukamus polius?Arba \u012fmon\u0117, norinti prad\u0117ti prekyb\u0105 \u0161iais produktais? U\u017epildykite susipa\u017einimo&#8230;<\/p>","protected":false},"author":3,"featured_media":0,"parent":0,"menu_order":0,"comment_status":"closed","ping_status":"closed","template":"","meta":{"footnotes":""},"class_list":["post-8757","page","type-page","status-publish","hentry"],"yoast_head":"<!-- This site is optimized with the Yoast SEO plugin v27.4 - https:\/\/yoast.com\/product\/yoast-seo-wordpress\/ -->\n<title>Didmenin\u0117 prekyba - \u012esukami poliai<\/title>\n<meta name=\"robots\" content=\"index, follow, max-snippet:-1, max-image-preview:large, max-video-preview:-1\" \/>\n<link rel=\"canonical\" href=\"https:\/\/isukamipoliai.lt\/en\/didmenine-prekyba\/\" \/>\n<meta property=\"og:locale\" content=\"en_US\" \/>\n<meta property=\"og:type\" content=\"article\" \/>\n<meta property=\"og:title\" content=\"Didmenin\u0117 prekyba - \u012esukami poliai\" \/>\n<meta property=\"og:description\" content=\"Lank\u0161\u010dios nuolaidos kiekiui Nuolaidos iki -40% Didmenin\u0117 prekyba Gaukite didmenines kainas!Ar esate meistras, nuolat montuojantis \u012fsukamus polius?Arba \u012fmon\u0117, norinti prad\u0117ti prekyb\u0105 \u0161iais produktais? U\u017epildykite susipa\u017einimo...\" \/>\n<meta property=\"og:url\" content=\"https:\/\/isukamipoliai.lt\/en\/didmenine-prekyba\/\" \/>\n<meta property=\"og:site_name\" content=\"\u012esukami poliai\" \/>\n<meta property=\"article:modified_time\" content=\"2025-06-05T10:02:49+00:00\" \/>\n<meta property=\"og:image\" content=\"https:\/\/isukamipoliai.lt\/wp-content\/uploads\/2025\/01\/Isukami-sraigtiniai-poliai-terasai-1.webp\" \/>\n\t<meta property=\"og:image:width\" content=\"1920\" \/>\n\t<meta property=\"og:image:height\" content=\"1440\" \/>\n\t<meta property=\"og:image:type\" content=\"image\/webp\" \/>\n<meta name=\"twitter:card\" content=\"summary_large_image\" \/>\n<meta name=\"twitter:label1\" content=\"Est. reading time\" \/>\n\t<meta name=\"twitter:data1\" content=\"1 minute\" \/>\n<script type=\"application\/ld+json\" class=\"yoast-schema-graph\">{\"@context\":\"https:\\\/\\\/schema.org\",\"@graph\":[{\"@type\":\"WebPage\",\"@id\":\"https:\\\/\\\/isukamipoliai.lt\\\/didmenine-prekyba\\\/\",\"url\":\"https:\\\/\\\/isukamipoliai.lt\\\/didmenine-prekyba\\\/\",\"name\":\"Didmenin\u0117 prekyba - \u012esukami poliai\",\"isPartOf\":{\"@id\":\"https:\\\/\\\/isukamipoliai.lt\\\/#website\"},\"primaryImageOfPage\":{\"@id\":\"https:\\\/\\\/isukamipoliai.lt\\\/didmenine-prekyba\\\/#primaryimage\"},\"image\":{\"@id\":\"https:\\\/\\\/isukamipoliai.lt\\\/didmenine-prekyba\\\/#primaryimage\"},\"thumbnailUrl\":\"https:\\\/\\\/isukamipoliai.lt\\\/wp-content\\\/uploads\\\/2025\\\/01\\\/Isukami-sraigtiniai-poliai-terasai-1.webp\",\"datePublished\":\"2025-01-13T08:22:51+00:00\",\"dateModified\":\"2025-06-05T10:02:49+00:00\",\"breadcrumb\":{\"@id\":\"https:\\\/\\\/isukamipoliai.lt\\\/didmenine-prekyba\\\/#breadcrumb\"},\"inLanguage\":\"en-US\",\"potentialAction\":[{\"@type\":\"ReadAction\",\"target\":[\"https:\\\/\\\/isukamipoliai.lt\\\/didmenine-prekyba\\\/\"]}]},{\"@type\":\"ImageObject\",\"inLanguage\":\"en-US\",\"@id\":\"https:\\\/\\\/isukamipoliai.lt\\\/didmenine-prekyba\\\/#primaryimage\",\"url\":\"https:\\\/\\\/isukamipoliai.lt\\\/wp-content\\\/uploads\\\/2025\\\/01\\\/Isukami-sraigtiniai-poliai-terasai-1.webp\",\"contentUrl\":\"https:\\\/\\\/isukamipoliai.lt\\\/wp-content\\\/uploads\\\/2025\\\/01\\\/Isukami-sraigtiniai-poliai-terasai-1.webp\"},{\"@type\":\"BreadcrumbList\",\"@id\":\"https:\\\/\\\/isukamipoliai.lt\\\/didmenine-prekyba\\\/#breadcrumb\",\"itemListElement\":[{\"@type\":\"ListItem\",\"position\":1,\"name\":\"Home\",\"item\":\"https:\\\/\\\/isukamipoliai.lt\\\/\"},{\"@type\":\"ListItem\",\"position\":2,\"name\":\"Didmenin\u0117 prekyba\"}]},{\"@type\":\"WebSite\",\"@id\":\"https:\\\/\\\/isukamipoliai.lt\\\/#website\",\"url\":\"https:\\\/\\\/isukamipoliai.lt\\\/\",\"name\":\"\u012esukami poliai\",\"description\":\"\",\"publisher\":{\"@id\":\"https:\\\/\\\/isukamipoliai.lt\\\/#organization\"},\"potentialAction\":[{\"@type\":\"SearchAction\",\"target\":{\"@type\":\"EntryPoint\",\"urlTemplate\":\"https:\\\/\\\/isukamipoliai.lt\\\/?s={search_term_string}\"},\"query-input\":{\"@type\":\"PropertyValueSpecification\",\"valueRequired\":true,\"valueName\":\"search_term_string\"}}],\"inLanguage\":\"en-US\"},{\"@type\":\"Organization\",\"@id\":\"https:\\\/\\\/isukamipoliai.lt\\\/#organization\",\"name\":\"UP Group\",\"url\":\"https:\\\/\\\/isukamipoliai.lt\\\/\",\"logo\":{\"@type\":\"ImageObject\",\"inLanguage\":\"en-US\",\"@id\":\"https:\\\/\\\/isukamipoliai.lt\\\/#\\\/schema\\\/logo\\\/image\\\/\",\"url\":\"https:\\\/\\\/isukamipoliai.lt\\\/wp-content\\\/uploads\\\/2024\\\/11\\\/Isukami-poliai-sraigtiniai-poliai.webp\",\"contentUrl\":\"https:\\\/\\\/isukamipoliai.lt\\\/wp-content\\\/uploads\\\/2024\\\/11\\\/Isukami-poliai-sraigtiniai-poliai.webp\",\"width\":591,\"height\":237,\"caption\":\"UP Group\"},\"image\":{\"@id\":\"https:\\\/\\\/isukamipoliai.lt\\\/#\\\/schema\\\/logo\\\/image\\\/\"}}]}<\/script>\n<!-- \/ Yoast SEO plugin. -->","yoast_head_json":{"title":"Didmenin\u0117 prekyba - \u012esukami poliai","robots":{"index":"index","follow":"follow","max-snippet":"max-snippet:-1","max-image-preview":"max-image-preview:large","max-video-preview":"max-video-preview:-1"},"canonical":"https:\/\/isukamipoliai.lt\/en\/didmenine-prekyba\/","og_locale":"en_US","og_type":"article","og_title":"Didmenin\u0117 prekyba - \u012esukami poliai","og_description":"Lank\u0161\u010dios nuolaidos kiekiui Nuolaidos iki -40% Didmenin\u0117 prekyba Gaukite didmenines kainas!Ar esate meistras, nuolat montuojantis \u012fsukamus polius?Arba \u012fmon\u0117, norinti prad\u0117ti prekyb\u0105 \u0161iais produktais? U\u017epildykite susipa\u017einimo...","og_url":"https:\/\/isukamipoliai.lt\/en\/didmenine-prekyba\/","og_site_name":"\u012esukami poliai","article_modified_time":"2025-06-05T10:02:49+00:00","og_image":[{"width":1920,"height":1440,"url":"https:\/\/isukamipoliai.lt\/wp-content\/uploads\/2025\/01\/Isukami-sraigtiniai-poliai-terasai-1.webp","type":"image\/webp"}],"twitter_card":"summary_large_image","twitter_misc":{"Est. reading time":"1 minute"},"schema":{"@context":"https:\/\/schema.org","@graph":[{"@type":"WebPage","@id":"https:\/\/isukamipoliai.lt\/didmenine-prekyba\/","url":"https:\/\/isukamipoliai.lt\/didmenine-prekyba\/","name":"Didmenin\u0117 prekyba - \u012esukami poliai","isPartOf":{"@id":"https:\/\/isukamipoliai.lt\/#website"},"primaryImageOfPage":{"@id":"https:\/\/isukamipoliai.lt\/didmenine-prekyba\/#primaryimage"},"image":{"@id":"https:\/\/isukamipoliai.lt\/didmenine-prekyba\/#primaryimage"},"thumbnailUrl":"https:\/\/isukamipoliai.lt\/wp-content\/uploads\/2025\/01\/Isukami-sraigtiniai-poliai-terasai-1.webp","datePublished":"2025-01-13T08:22:51+00:00","dateModified":"2025-06-05T10:02:49+00:00","breadcrumb":{"@id":"https:\/\/isukamipoliai.lt\/didmenine-prekyba\/#breadcrumb"},"inLanguage":"en-US","potentialAction":[{"@type":"ReadAction","target":["https:\/\/isukamipoliai.lt\/didmenine-prekyba\/"]}]},{"@type":"ImageObject","inLanguage":"en-US","@id":"https:\/\/isukamipoliai.lt\/didmenine-prekyba\/#primaryimage","url":"https:\/\/isukamipoliai.lt\/wp-content\/uploads\/2025\/01\/Isukami-sraigtiniai-poliai-terasai-1.webp","contentUrl":"https:\/\/isukamipoliai.lt\/wp-content\/uploads\/2025\/01\/Isukami-sraigtiniai-poliai-terasai-1.webp"},{"@type":"BreadcrumbList","@id":"https:\/\/isukamipoliai.lt\/didmenine-prekyba\/#breadcrumb","itemListElement":[{"@type":"ListItem","position":1,"name":"Home","item":"https:\/\/isukamipoliai.lt\/"},{"@type":"ListItem","position":2,"name":"Didmenin\u0117 prekyba"}]},{"@type":"WebSite","@id":"https:\/\/isukamipoliai.lt\/#website","url":"https:\/\/isukamipoliai.lt\/","name":"Screw piles","description":"","publisher":{"@id":"https:\/\/isukamipoliai.lt\/#organization"},"potentialAction":[{"@type":"SearchAction","target":{"@type":"EntryPoint","urlTemplate":"https:\/\/isukamipoliai.lt\/?s={search_term_string}"},"query-input":{"@type":"PropertyValueSpecification","valueRequired":true,"valueName":"search_term_string"}}],"inLanguage":"en-US"},{"@type":"Organization","@id":"https:\/\/isukamipoliai.lt\/#organization","name":"UP Group","url":"https:\/\/isukamipoliai.lt\/","logo":{"@type":"ImageObject","inLanguage":"en-US","@id":"https:\/\/isukamipoliai.lt\/#\/schema\/logo\/image\/","url":"https:\/\/isukamipoliai.lt\/wp-content\/uploads\/2024\/11\/Isukami-poliai-sraigtiniai-poliai.webp","contentUrl":"https:\/\/isukamipoliai.lt\/wp-content\/uploads\/2024\/11\/Isukami-poliai-sraigtiniai-poliai.webp","width":591,"height":237,"caption":"UP Group"},"image":{"@id":"https:\/\/isukamipoliai.lt\/#\/schema\/logo\/image\/"}}]}},"_links":{"self":[{"href":"https:\/\/isukamipoliai.lt\/en\/wp-json\/wp\/v2\/pages\/8757","targetHints":{"allow":["GET"]}}],"collection":[{"href":"https:\/\/isukamipoliai.lt\/en\/wp-json\/wp\/v2\/pages"}],"about":[{"href":"https:\/\/isukamipoliai.lt\/en\/wp-json\/wp\/v2\/types\/page"}],"author":[{"embeddable":true,"href":"https:\/\/isukamipoliai.lt\/en\/wp-json\/wp\/v2\/users\/3"}],"replies":[{"embeddable":true,"href":"https:\/\/isukamipoliai.lt\/en\/wp-json\/wp\/v2\/comments?post=8757"}],"version-history":[{"count":40,"href":"https:\/\/isukamipoliai.lt\/en\/wp-json\/wp\/v2\/pages\/8757\/revisions"}],"predecessor-version":[{"id":10708,"href":"https:\/\/isukamipoliai.lt\/en\/wp-json\/wp\/v2\/pages\/8757\/revisions\/10708"}],"wp:attachment":[{"href":"https:\/\/isukamipoliai.lt\/en\/wp-json\/wp\/v2\/media?parent=8757"}],"curies":[{"name":"wp","href":"https:\/\/api.w.org\/{rel}","templated":true}]}}