{"id":9316,"date":"2025-01-16T18:03:06","date_gmt":"2025-01-16T16:03:06","guid":{"rendered":"https:\/\/isukamipoliai.lt\/?page_id=9316"},"modified":"2025-01-28T15:36:18","modified_gmt":"2025-01-28T13:36:18","slug":"privatumo-politika","status":"publish","type":"page","link":"https:\/\/isukamipoliai.lt\/en\/privatumo-politika\/","title":{"rendered":"Privacy Policy"},"content":{"rendered":"<div data-elementor-type=\"wp-page\" data-elementor-id=\"9316\" class=\"elementor elementor-9316\" data-elementor-post-type=\"page\">\n\t\t\t\t\t\t<section class=\"elementor-section elementor-top-section elementor-element elementor-element-3bbbc25 elementor-section-stretched elementor-section-boxed elementor-section-height-default elementor-section-height-default\" data-id=\"3bbbc25\" data-element_type=\"section\" data-e-type=\"section\" data-settings=\"{&quot;stretch_section&quot;:&quot;section-stretched&quot;}\">\n\t\t\t\t\t\t<div class=\"elementor-container elementor-column-gap-custom\">\n\t\t\t\t\t<div class=\"elementor-column elementor-col-100 elementor-top-column elementor-element elementor-element-2ea07eb\" data-id=\"2ea07eb\" data-element_type=\"column\" data-e-type=\"column\">\n\t\t\t<div class=\"elementor-widget-wrap elementor-element-populated\">\n\t\t\t\t\t\t<div class=\"elementor-element elementor-element-81f94f4 elementor-widget elementor-widget-heading\" data-id=\"81f94f4\" data-element_type=\"widget\" data-e-type=\"widget\" data-widget_type=\"heading.default\">\n\t\t\t\t<div class=\"elementor-widget-container\">\n\t\t\t\t\t<h2 class=\"elementor-heading-title elementor-size-default\">Privacy Policy<\/h2>\t\t\t\t<\/div>\n\t\t\t\t<\/div>\n\t\t\t\t<div class=\"elementor-element elementor-element-528e74c elementor-widget elementor-widget-text-editor\" data-id=\"528e74c\" data-element_type=\"widget\" data-e-type=\"widget\" data-widget_type=\"text-editor.default\">\n\t\t\t\t<div class=\"elementor-widget-container\">\n\t\t\t\t\t\t\t\t\t<p>Gerbiame savo Klient\u0173 bei kit\u0173 duomen\u0173 subjekt\u0173 teises \u012f j\u0173 priva\u010di\u0105 informacij\u0105 ir apdorojame j\u0173 asmens duomenis teis\u0117tai ir s\u0105\u017einingai, kad pateisintume j\u0173 pasitik\u0117jim\u0105.<br \/>Renkame tik tuos Klient\u0173 duomenis, kurie yra reikalingi vykdant \u012emon\u0117s veikl\u0105 ir (ar) lankantis, naudojant, nar\u0161ant \u012emon\u0117s interneto svetain\u0117se puslapiuose (toliau \u2013 Svetain\u0117). U\u017etikriname, kad renkami ir apdorojami Klient\u0173 duomenys bus saug\u016bs ir bus naudojami tik konkretiems tikslams.<br \/>Perduodami mums savo asmens duomenis, J\u016bs sutinkate su \u0161ios Privatumo politikos taisykl\u0117mis, suprantate jos nuostatas ir sutinkate jos laikytis.<\/p><p><strong>1. Pagrindin\u0117s s\u0105vokos<\/strong><br \/>1.1 Bendrov\u0117 arba Asmens duomen\u0173 valdytojas \u2013 UP Group, UAB, pagal Lietuvos Respublikos \u012fstatymus \u012fsteigta ir veikianti u\u017edaroji akcin\u0117 bendrov\u0117, kurios juridinio asmens kodas 305508468, buvein\u0117s adresas Laukinink\u0173 g. 16-89, Klaip\u0117da, duomenys kaupiami ir saugomi Juridini\u0173 asmen\u0173 registre, esanti Elektronin\u0117s parduotuv\u0117s www.isukamipoliai.lt administratoriumi.<br \/>1.2. Klientas arba Duomen\u0173 subjektas \u2013 veiksnus pilnametis, t. y. 18 (a\u0161tuoniolikos) ir daugiau met\u0173 fizinis asmuo arba nepilnametis veiksnus asmuo, turintis ne ma\u017eiau kaip 16 (\u0161e\u0161iolika) met\u0173 ir t\u0117v\u0173 arba r\u016bpintoj\u0173 sutikim\u0105 (i\u0161skyrus emancipacijos atvej\u012f), kuris naudojasi Bendrov\u0117s Elektronin\u0117s parduotuv\u0117s Paslaugomis, kurio asmens duomenis tvarko Bendrov\u0117 vadovaujantis \u0161ia Privatumo politika bei Lietuvos Respublikos \u012fstatymais ir kitais asmens duomen\u0173 teisin\u0119 apsaug\u0105 reglamentuojan\u010diais teis\u0117s aktais.<br \/>1.3. Elektronin\u0117 parduotuv\u0117 \u2013 Bendrov\u0117s elektronin\u0117 parduotuv\u0117 adresu www.isukamipoliai.lt.<br \/>1.4. Paslaugos \u2013 visos Bendrov\u0117s teikiamos paslaugos.<br \/>1.5. Asmens duomenys \u2013 bet kuri informacija, susijusi su fiziniu asmeniu \u2013 Duomen\u0173 subjektu, kurio tapatyb\u0117 yra \u017einoma arba gali b\u016bti tiesiogiai ar netiesiogiai nustatyta pasinaudojant tokiais duomenimis kaip asmens kodas, vienas arba keli asmeniui b\u016bdingi fizinio, fiziologinio, psichologinio, ekonominio, kult\u016brinio ar socialinio pob\u016bd\u017eio po\u017eymiai.<br \/>1.6. Asmens duomen\u0173 tvarkymas \u2013 bet kuris su asmens duomenimis atliekamas veiksmas: rinkimas, u\u017era\u0161ymas, kaupimas, saugojimas, klasifikavimas, grupavimas, jungimas, keitimas (papildymas ar taisymas), teikimas, paskelbimas, naudojimas, login\u0117s ir (arba) aritmetin\u0117s operacijos, paie\u0161ka, skleidimas, naikinimas ar kitoks veiksmas arba veiksm\u0173 rinkinys<br \/>1.7. Slapukas \u2013 atitinkamas failas, turintis unikal\u0173 identifikacijos numer\u012f, kuris yra perduodamas i\u0161 Elektronin\u0117s parduotuv\u0117s tinklapio \u012f Elektronin\u0117s parduotuv\u0117s lankytojo kompiuterio kiet\u0105j\u012f disk\u0105 tam, kad Elektronin\u0117s parduotuv\u0117s administratorius gal\u0117t\u0173 atskirti lankytojo kompiuter\u012f ir matyti jo veikl\u0105 Elektronin\u0117je parduotuv\u0117je, taip pat palaikyti tinkam\u0105 Elektronin\u0117s parduotuv\u0117s funkcionalum\u0105.<br \/>1.8. Tiesiogin\u0117 rinkodara \u2013 veikla, skirta pa\u0161tu, telefonu arba kitokiu tiesioginiu b\u016bdu si\u016blyti asmenims prekes ar paslaugas ir (arba) teirautis j\u0173 nuomon\u0117s d\u0117l si\u016blom\u0173 preki\u0173 ar paslaug\u0173.<br \/>1.9. Privatumo politika \u2013 rei\u0161kia \u0161\u012f dokument\u0105, nustatant\u012f Asmens duomen\u0173 tvarkymo principus bei taisykles, naudojantis Elektronin\u0117s parduotuv\u0117s paslaugomis.<\/p><p><strong>2. Bendrosios nuostatos<\/strong><br \/>2.1. Klientas suteikia teis\u0119 Bendrovei atlikti visus Asmens duomen\u0173 tvarkymo veiksmus \u0161ioje Privatumo politikoje numatyta apimtimi ir tikslais.<br \/>2.2. Asmens duomenis tvarkomi vadovaujantis LR Asmens duomen\u0173 teisin\u0117s apsaugos \u012fstatymu bei kitais Asmens duomen\u0173 tvarkym\u0105 bei apsaug\u0105 reglamentuojan\u010diais teis\u0117s aktais, \u0161ia Privatumo politika, Bendrov\u0117s vidaus Asmens duomen\u0173 tvarkymo tvarka.<br \/>2.3. Laikoma, kad Klientas, pirkdamas Elektronin\u0117je parduotuv\u0117je perskait\u0117 galiojan\u010dios redakcijos Privatumo politik\u0105 ir su ja sutinka. Jei Klientas nesutinka su kuria nors Privatumo politikos dalimi ar Privatumo politika, tokiu atveju Klientas privalo nepateikti u\u017esakymo ir nepirkti prek\u0117s Elektronin\u0117je parduotuv\u0117je.<br \/>2.4. Su Privatumo politika galima susipa\u017einti Elektronin\u0117je parduotuv\u0117je ir bet kada j\u0105 atsispausdinti. Privatumo politika gali b\u016bti kei\u010diama, pildoma ar atnaujinama Bendrov\u0117s nuo\u017ei\u016bra. Nauja Privatumo politikos redakcija skelbiama Elektronin\u0117je parduotuv\u0117je.<br \/>2.5. Klientas gali pateikti u\u017esakym\u0105 Elektronin\u0117je parduotuv\u0117je be registracijos, arba per savo Paskyr\u0105 prisiregistravus Elektronin\u0117je parduotuv\u0117je.<br \/>2.6. Pirmin\u0117s registracijos prie Elektronin\u0117s parduotuv\u0117s metu per Paskyr\u0105, Klientas privalo pateikti savo elektroninio pa\u0161to adres\u0105 bei sugalvoti saug\u0173 Slapta\u017eod\u012f bei pateikti tikslius Asmens duomenis Elektroninei parduotuvei. Klientas atsako u\u017e j\u0173 teisingum\u0105.<br \/>2.7. Naudodamasis Paslaugomis, taip pat pirkdamas Elektronin\u0117je parduotuv\u0117je Klientas visuomet privalo pateikti tikslius Asmens duomenis Elektroninei parduotuvei ir atsako u\u017e j\u0173 teisingum\u0105.<br \/>2.8. Klientas turi teis\u0119 bet kada keisti bei papildyti Asmens duomenis Paskyroje arba kreiptis \u012f el.parduotuv\u0119 su pra\u0161ymu panaikinti Paskyr\u0105.<br \/>2.9. Klientas privalo neatskleisti Slapta\u017eod\u017eio tretiesiems asmenims ir j\u012f saugoti, prie\u0161ingu atveju visa su tuo susijusi atsakomyb\u0117 tenka Klientui.<br \/>2.10. Bendrov\u0117 turi teis\u0119 keisti, papildyti \u201ePrivatumo politik\u0105\u201c visi\u0161kai ar i\u0161 dalies. Privatumo politikos papildymai ar pakeitimai \u012fsigalioja nuo j\u0173 paskelbimo dienos, t. y. nuo tos dienos, kai jie yra paskelbiami Elektronin\u0117je parduotuv\u0117je<\/p><p><strong>3. Asmens duomen\u0173 rinkimas, tvarkymas ir saugojimas<\/strong><br \/>3.1. Bendrov\u0117 gerbia kiekvieno Kliento teis\u0119 \u012f privatum\u0105. Kliento Asmens duomenys (t.y. vardas, pavard\u0117, elektroninio pa\u0161to adresas, telefono ry\u0161io numeris, prek\u0117s\/paslaugos pristatymo adresas, am\u017eius\/gimimo metai, prek\u0117s\/paslaugos apmok\u0117jimo duomenys (banko s\u0105skaitos Nr., apmok\u0117jimo b\u016bdas ir pan.), pirkimo istorija, o taip pat, esant Kliento sutikimui, am\u017eius, lytis, gimimo data, gyvenamoji vietov\u0117) renkami ir tvarkomi \u0161iais tikslais:<br \/>3.1.1. Elektronin\u0117s prekybos tikslu tvarkomi \u0161ie Asmens duomenys: vardas, pavard\u0117, gyvenamoji vieta (adresas), pirkim\u0173 istorija (pirkt\u0173 preki\u0173 r\u016b\u0161ys, i\u0161leist\u0173 pinig\u0173 sumos), telefono numeris, elektroninio pa\u0161to adresas;<br \/>3.1.2. Tiesiogin\u0117s rinkodaros tikslu, tvarkomi \u0161ie Asmens duomenys: vardas, pavard\u0117, gimimo data, gyvenamoji vieta (adresas), mobilaus telefono numeris, elektroninio pa\u0161to adresas;<br \/>3.1.3. Elektronini\u0173 u\u017eklaus\u0173 administravimo tikslu, Tiesiogin\u0117s rinkodaros tikslu tvarkomi \u0161ie Asmens duomenys: vardas, pavard\u0117, adresas, lytis, telefono ry\u0161io numeris, elektroninio pa\u0161to adresas;<br \/>3.1.4. Telefonini\u0173 pokalbi\u0173 \u012fra\u0161ymas vykdant elektronin\u0119 prekyb\u0105, gaunant sutikimus d\u0117l asmens duomen\u0173 tvarkymo tiesiogin\u0117s rinkodaros tikslu, vykdant sutartinius \u012fsipareigojimus, sprend\u017eiant i\u0161 sutar\u010di\u0173 kylan\u010dias pretenzijas ir gin\u010dus, u\u017etikrinant ir gerinant aptarnavimo kokyb\u0119. Tvarkomi \u0161ie Asmens duomenys: vardas, pavard\u0117, telefono numeris, telefoninio pokalbio \u012fra\u0161as.<br \/>3.2. Klientas, kaip Duomen\u0173 subjektas, turi \u0161ias \u017eemiau i\u0161vardytas teises, susijusias su Kliento Asmens duomen\u0173 tvarkymo proced\u016bromis:<br \/>3.2.1. Kreiptis \u012f \u012emon\u0119 su pra\u0161ymu suteikti informacij\u0105 apie tai, ar \u012emon\u0117 tvarko jo asmens duomenis ir, jei taip, susipa\u017einti su tvarkomais asmens duomenimis;<br \/>3.2.2. Kreiptis \u012f \u012emon\u0119 su pra\u0161ymu i\u0161taisyti jo asmens duomenis, ir (arba) sustabdyti toki\u0173 asmens duomen\u0173 tvarkymo veiksmus, i\u0161skyrus saugojim\u0105 \u2013 tuo atveju, kai susipa\u017einus su asmens duomenimis yra nustatyta, kad duomenys yra neteisingi, nei\u0161sam\u016bs ar netiksl\u016bs;<br \/>3.2.3. Kreiptis \u012f \u012emon\u0119 su pra\u0161ymu i\u0161trinti jo asmens duomenis, kurie yra tvarkomi tik su jo sutikimu, jei Klientas at\u0161aukia atitinkam\u0105 sutikim\u0105. \u0160i teis\u0117 netaikoma, jei asmens duomenys, kuriuos pra\u0161oma i\u0161trinti, yra tvarkomi ir kitu teisiniu pagrindu, tokiu kaip tvarkymas b\u016btinas sutarties vykdymui arba yra pareigos pagal taikomus teis\u0117s aktus vykdymas;<br \/>3.2.4. Apriboti jo asmens duomen\u0173 tvarkym\u0105 pagal taikomus teis\u0117s aktus, pvz., laikotarpiui, per kur\u012f \u012emon\u0117 \u012fvertins, ar Klientas turi teis\u0119 pra\u0161yti, kad jo asmens duomenys b\u016bt\u0173 i\u0161trinti;<br \/>3.2.5. Gauti jo paties pateiktus asmens duomenis, kurie yra tvarkomi jo sutikimo ar sutarties vykdymo pagrindu, ra\u0161tu ar bendrai naudojama elektronine forma ir, jei \u012fmanoma, perduoti tokius duomenis kitam paslaug\u0173 teik\u0117jui (duomen\u0173 perkeliamumas);<br \/>3.2.6. Nesutikti, kad b\u016bt\u0173 tvarkomi jo asmens duomenys, jeigu asmens duomen\u0173 tvarkymo pagrindas yra teis\u0117ti interesai, \u012fskaitant profiliavim\u0105 tiesiogin\u0117s rinkodaros tikslais (pvz., rinkodaros pasi\u016blym\u0173 gavimas arba dalyvavimas apklausose);<br \/>3.2.7. Bet kuriuo metu at\u0161aukti savo duot\u0105 sutikim\u0105 d\u0117l asmens duomen\u0173 tvarkymo tiesiogin\u0117s rinkodaros tikslu;<br \/>3.2.8. Kreiptis \u012f Valstybin\u0119 duomen\u0173 apsaugos inspekcij\u0105, nepavykus i\u0161spr\u0119sti klausimo su \u012emone.<br \/>3.3. Kliento Asmens duomenys yra neteikiami tretiesiems asmenims, i\u0161skyrus \u0161iuos atvejus:<br \/>3.3.1. Kuomet yra gautas Kliento sutikimas, kaip nurodyta \u0161ioje Privatumo politikoje;<br \/>3.3.2. Asmens duomenys elektronin\u0117s prekybos tikslais teikiami Partneriams, teikiantiems Bendrovei paslaugas, susijusias su Bendrov\u0117s vykdoma veikla;<br \/>3.3.4. Lietuvos Respublikos \u012fstatym\u0173 ir teis\u0117s akt\u0173 numatytais atvejais kompetentingoms institucijoms.<br \/>3.4. Klientui yra \u017einoma apie jo teis\u0119 nesutikti, kad b\u016bt\u0173 tvarkomi jo Asmens duomenys Tiesiogin\u0117s rinkodaros tikslu, t.y. Klientas turi teis\u0119 i\u0161reik\u0161ti nesutikim\u0105 i\u0161 karto, arba v\u0117liau.<br \/>3.5. Jei Klientas nesutinka su Privatumo politika, Klientas netur\u0117s galimyb\u0117s naudotis Elektronin\u0117s parduotuv\u0117s paslaugomis.<br \/>3.6. Bendrov\u0117, \u012fgyvendina organizacines ir technines priemones, skirtas apsaugoti Asmens duomenis nuo atsitiktinio ar neteis\u0117to sunaikinimo, pakeitimo, atskleidimo, taip pat nuo bet kokio kito neteis\u0117to tvarkymo. Bendrov\u0117s taikomos Asmens duomen\u0173 apsaugos priemoni\u0173 lygis atitinka Lietuvos Respublikos teis\u0117s reikalavimus. Kliento asmens duomenys yra \u0161ifruojami nuo jo autorizacijos Elektronin\u0117je parduotuv\u0117je momento. Pirkimo proced\u016bra vykdoma per https:\/\/ protokol\u0105. Prieig\u0105 prie Asmens duomen\u0173 turi tik Bendrov\u0117s \u012fgalioti asmenys.<br \/>3.7. Klientas sutinka, kad tais atvejais, kai tai b\u016btina pagal kompetenting\u0173 institucij\u0173 nurodymus ir\/ar Kliento Asmens duomenys buvo galimai panaudoti vykdant neteis\u0117t\u0105 veikl\u0105, arba yra pagr\u012fst\u0173 \u012ftarim\u0173 d\u0117l asmens tapatyb\u0117s vagyst\u0117s, d\u0117l kuri\u0173 kompetentingos teis\u0117saugos institucijos atlieka ikiteismin\u012f tyrim\u0105, arba yra kiti teis\u0117ti pagrindai ar tikslai, jo Asmens duomenys b\u016bt\u0173 saugomi Bendrov\u0117s serveriuose ilgiau, nei nustatyta \u0161ioje Privatumo politikoje.<br \/>3.8. Gavusi Duomen\u0173 subjekto nurodym\u0105 ar paklausim\u0105, susijus\u012f su Asmens duomen\u0173 tvarkymu, Bendrov\u0117 pateikia Klientui atsakym\u0105, patenkinant pra\u0161ym\u0105\/nurodym\u0105 arba motyvuotai atsisakant tai padaryti, ne v\u0117liau kaip per 30 (trisde\u0161imt) kalendorini\u0173 dien\u0173 nuo Duomen\u0173 subjekto kreipimosi datos. Jeigu Duomen\u0173 subjektas pageidauja, atsakymas turi b\u016bti pateiktas ra\u0161tu.<br \/>3.9. Tam, kad Elektronin\u0117je parduotuv\u0117je Bendrov\u0117 gal\u0117t\u0173 pasi\u016blyti Klientui visavertes paslaugas, Kliento kompiuteryje (\u012frenginyje) \u012fra\u0161oma informacija (Slapukai), kuri naudojama Kliento, kaip ankstesnio Elektronin\u0117s parduotuv\u0117s naudotojo, atpa\u017einimui, renkant Elektronin\u0117s parduotuv\u0117s lankomumo statistik\u0105, informacij\u0105 apie pirkini\u0173 krep\u0161el\u012f. Klientas bet kada gali i\u0161trinti dal\u012f ar visus \u012fra\u0161ytus Slapukus, kaip apra\u0161yta tinklapio informacin\u0117s lentel\u0117s apie slapukus nuorodoje.<\/p>\t\t\t\t\t\t\t\t<\/div>\n\t\t\t\t<\/div>\n\t\t\t\t\t<\/div>\n\t\t<\/div>\n\t\t\t\t\t<\/div>\n\t\t<\/section>\n\t\t\t\t<\/div>","protected":false},"excerpt":{"rendered":"<p>Privatumo politika Gerbiame savo Klient\u0173 bei kit\u0173 duomen\u0173 subjekt\u0173 teises \u012f j\u0173 priva\u010di\u0105 informacij\u0105 ir apdorojame j\u0173 asmens duomenis teis\u0117tai ir s\u0105\u017einingai, kad pateisintume j\u0173&#8230;<\/p>","protected":false},"author":3,"featured_media":0,"parent":0,"menu_order":0,"comment_status":"closed","ping_status":"closed","template":"","meta":{"footnotes":""},"class_list":["post-9316","page","type-page","status-publish","hentry"],"yoast_head":"<!-- This site is optimized with the Yoast SEO plugin v27.4 - https:\/\/yoast.com\/product\/yoast-seo-wordpress\/ -->\n<title>Privatumo politika - \u012esukami poliai<\/title>\n<meta name=\"robots\" content=\"noindex, nofollow\" \/>\n<meta property=\"og:locale\" content=\"en_US\" \/>\n<meta property=\"og:type\" content=\"article\" \/>\n<meta property=\"og:title\" content=\"Privatumo politika - \u012esukami poliai\" \/>\n<meta property=\"og:description\" content=\"Privatumo politika Gerbiame savo Klient\u0173 bei kit\u0173 duomen\u0173 subjekt\u0173 teises \u012f j\u0173 priva\u010di\u0105 informacij\u0105 ir apdorojame j\u0173 asmens duomenis teis\u0117tai ir s\u0105\u017einingai, kad pateisintume j\u0173...\" \/>\n<meta property=\"og:url\" content=\"https:\/\/isukamipoliai.lt\/en\/privatumo-politika\/\" \/>\n<meta property=\"og:site_name\" content=\"\u012esukami poliai\" \/>\n<meta property=\"article:modified_time\" content=\"2025-01-28T13:36:18+00:00\" \/>\n<meta name=\"twitter:card\" content=\"summary_large_image\" \/>\n<meta name=\"twitter:label1\" content=\"Est. reading time\" \/>\n\t<meta name=\"twitter:data1\" content=\"8 minutes\" \/>\n<script type=\"application\/ld+json\" class=\"yoast-schema-graph\">{\"@context\":\"https:\\\/\\\/schema.org\",\"@graph\":[{\"@type\":\"WebPage\",\"@id\":\"https:\\\/\\\/isukamipoliai.lt\\\/privatumo-politika\\\/\",\"url\":\"https:\\\/\\\/isukamipoliai.lt\\\/privatumo-politika\\\/\",\"name\":\"Privatumo politika - \u012esukami poliai\",\"isPartOf\":{\"@id\":\"https:\\\/\\\/isukamipoliai.lt\\\/#website\"},\"datePublished\":\"2025-01-16T16:03:06+00:00\",\"dateModified\":\"2025-01-28T13:36:18+00:00\",\"breadcrumb\":{\"@id\":\"https:\\\/\\\/isukamipoliai.lt\\\/privatumo-politika\\\/#breadcrumb\"},\"inLanguage\":\"en-US\",\"potentialAction\":[{\"@type\":\"ReadAction\",\"target\":[\"https:\\\/\\\/isukamipoliai.lt\\\/privatumo-politika\\\/\"]}]},{\"@type\":\"BreadcrumbList\",\"@id\":\"https:\\\/\\\/isukamipoliai.lt\\\/privatumo-politika\\\/#breadcrumb\",\"itemListElement\":[{\"@type\":\"ListItem\",\"position\":1,\"name\":\"Home\",\"item\":\"https:\\\/\\\/isukamipoliai.lt\\\/\"},{\"@type\":\"ListItem\",\"position\":2,\"name\":\"Privatumo politika\"}]},{\"@type\":\"WebSite\",\"@id\":\"https:\\\/\\\/isukamipoliai.lt\\\/#website\",\"url\":\"https:\\\/\\\/isukamipoliai.lt\\\/\",\"name\":\"\u012esukami poliai\",\"description\":\"\",\"publisher\":{\"@id\":\"https:\\\/\\\/isukamipoliai.lt\\\/#organization\"},\"potentialAction\":[{\"@type\":\"SearchAction\",\"target\":{\"@type\":\"EntryPoint\",\"urlTemplate\":\"https:\\\/\\\/isukamipoliai.lt\\\/?s={search_term_string}\"},\"query-input\":{\"@type\":\"PropertyValueSpecification\",\"valueRequired\":true,\"valueName\":\"search_term_string\"}}],\"inLanguage\":\"en-US\"},{\"@type\":\"Organization\",\"@id\":\"https:\\\/\\\/isukamipoliai.lt\\\/#organization\",\"name\":\"UP Group\",\"url\":\"https:\\\/\\\/isukamipoliai.lt\\\/\",\"logo\":{\"@type\":\"ImageObject\",\"inLanguage\":\"en-US\",\"@id\":\"https:\\\/\\\/isukamipoliai.lt\\\/#\\\/schema\\\/logo\\\/image\\\/\",\"url\":\"https:\\\/\\\/isukamipoliai.lt\\\/wp-content\\\/uploads\\\/2024\\\/11\\\/Isukami-poliai-sraigtiniai-poliai.webp\",\"contentUrl\":\"https:\\\/\\\/isukamipoliai.lt\\\/wp-content\\\/uploads\\\/2024\\\/11\\\/Isukami-poliai-sraigtiniai-poliai.webp\",\"width\":591,\"height\":237,\"caption\":\"UP Group\"},\"image\":{\"@id\":\"https:\\\/\\\/isukamipoliai.lt\\\/#\\\/schema\\\/logo\\\/image\\\/\"}}]}<\/script>\n<!-- \/ Yoast SEO plugin. -->","yoast_head_json":{"title":"Privatumo politika - \u012esukami poliai","robots":{"index":"noindex","follow":"nofollow"},"og_locale":"en_US","og_type":"article","og_title":"Privatumo politika - \u012esukami poliai","og_description":"Privatumo politika Gerbiame savo Klient\u0173 bei kit\u0173 duomen\u0173 subjekt\u0173 teises \u012f j\u0173 priva\u010di\u0105 informacij\u0105 ir apdorojame j\u0173 asmens duomenis teis\u0117tai ir s\u0105\u017einingai, kad pateisintume j\u0173...","og_url":"https:\/\/isukamipoliai.lt\/en\/privatumo-politika\/","og_site_name":"\u012esukami poliai","article_modified_time":"2025-01-28T13:36:18+00:00","twitter_card":"summary_large_image","twitter_misc":{"Est. reading time":"8 minutes"},"schema":{"@context":"https:\/\/schema.org","@graph":[{"@type":"WebPage","@id":"https:\/\/isukamipoliai.lt\/privatumo-politika\/","url":"https:\/\/isukamipoliai.lt\/privatumo-politika\/","name":"Privatumo politika - \u012esukami poliai","isPartOf":{"@id":"https:\/\/isukamipoliai.lt\/#website"},"datePublished":"2025-01-16T16:03:06+00:00","dateModified":"2025-01-28T13:36:18+00:00","breadcrumb":{"@id":"https:\/\/isukamipoliai.lt\/privatumo-politika\/#breadcrumb"},"inLanguage":"en-US","potentialAction":[{"@type":"ReadAction","target":["https:\/\/isukamipoliai.lt\/privatumo-politika\/"]}]},{"@type":"BreadcrumbList","@id":"https:\/\/isukamipoliai.lt\/privatumo-politika\/#breadcrumb","itemListElement":[{"@type":"ListItem","position":1,"name":"Home","item":"https:\/\/isukamipoliai.lt\/"},{"@type":"ListItem","position":2,"name":"Privatumo politika"}]},{"@type":"WebSite","@id":"https:\/\/isukamipoliai.lt\/#website","url":"https:\/\/isukamipoliai.lt\/","name":"Screw piles","description":"","publisher":{"@id":"https:\/\/isukamipoliai.lt\/#organization"},"potentialAction":[{"@type":"SearchAction","target":{"@type":"EntryPoint","urlTemplate":"https:\/\/isukamipoliai.lt\/?s={search_term_string}"},"query-input":{"@type":"PropertyValueSpecification","valueRequired":true,"valueName":"search_term_string"}}],"inLanguage":"en-US"},{"@type":"Organization","@id":"https:\/\/isukamipoliai.lt\/#organization","name":"UP Group","url":"https:\/\/isukamipoliai.lt\/","logo":{"@type":"ImageObject","inLanguage":"en-US","@id":"https:\/\/isukamipoliai.lt\/#\/schema\/logo\/image\/","url":"https:\/\/isukamipoliai.lt\/wp-content\/uploads\/2024\/11\/Isukami-poliai-sraigtiniai-poliai.webp","contentUrl":"https:\/\/isukamipoliai.lt\/wp-content\/uploads\/2024\/11\/Isukami-poliai-sraigtiniai-poliai.webp","width":591,"height":237,"caption":"UP Group"},"image":{"@id":"https:\/\/isukamipoliai.lt\/#\/schema\/logo\/image\/"}}]}},"_links":{"self":[{"href":"https:\/\/isukamipoliai.lt\/en\/wp-json\/wp\/v2\/pages\/9316","targetHints":{"allow":["GET"]}}],"collection":[{"href":"https:\/\/isukamipoliai.lt\/en\/wp-json\/wp\/v2\/pages"}],"about":[{"href":"https:\/\/isukamipoliai.lt\/en\/wp-json\/wp\/v2\/types\/page"}],"author":[{"embeddable":true,"href":"https:\/\/isukamipoliai.lt\/en\/wp-json\/wp\/v2\/users\/3"}],"replies":[{"embeddable":true,"href":"https:\/\/isukamipoliai.lt\/en\/wp-json\/wp\/v2\/comments?post=9316"}],"version-history":[{"count":10,"href":"https:\/\/isukamipoliai.lt\/en\/wp-json\/wp\/v2\/pages\/9316\/revisions"}],"predecessor-version":[{"id":9960,"href":"https:\/\/isukamipoliai.lt\/en\/wp-json\/wp\/v2\/pages\/9316\/revisions\/9960"}],"wp:attachment":[{"href":"https:\/\/isukamipoliai.lt\/en\/wp-json\/wp\/v2\/media?parent=9316"}],"curies":[{"name":"wp","href":"https:\/\/api.w.org\/{rel}","templated":true}]}}