{"id":10902,"date":"2025-06-10T13:02:30","date_gmt":"2025-06-10T10:02:30","guid":{"rendered":"https:\/\/isukamipoliai.lt\/?post_type=product&#038;p=10902"},"modified":"2026-04-08T13:01:04","modified_gmt":"2026-04-08T10:01:04","slug":"g1400-92","status":"publish","type":"product","link":"https:\/\/isukamipoliai.lt\/en\/parduotuve\/sraigtiniai-poliai\/g-tipas\/g1400-92\/","title":{"rendered":"G1400\/92"},"content":{"rendered":"<div data-elementor-type=\"product-post\" data-elementor-id=\"10902\" class=\"elementor elementor-10902\" data-elementor-post-type=\"product\">\n\t\t\t\t\t\t<section class=\"elementor-section elementor-top-section elementor-element elementor-element-cf560b2 elementor-section-boxed elementor-section-height-default elementor-section-height-default\" data-id=\"cf560b2\" data-element_type=\"section\" data-e-type=\"section\">\n\t\t\t\t\t\t<div class=\"elementor-container elementor-column-gap-default\">\n\t\t\t\t\t<div class=\"elementor-column elementor-col-100 elementor-top-column elementor-element elementor-element-199d0ba\" data-id=\"199d0ba\" data-element_type=\"column\" data-e-type=\"column\">\n\t\t\t<div class=\"elementor-widget-wrap elementor-element-populated\">\n\t\t\t\t<div class=\"elementor-element elementor-element-a92069c e-grid e-con-boxed e-con e-parent\" data-id=\"a92069c\" data-element_type=\"container\" data-e-type=\"container\" data-settings=\"{&quot;background_background&quot;:&quot;classic&quot;}\">\n\t\t\t\t\t<div class=\"e-con-inner\">\n\t\t\t\t<div class=\"elementor-element elementor-element-0f85d1d elementor-align-left elementor-widget elementor-widget-etheme_icon_box\" data-id=\"0f85d1d\" data-element_type=\"widget\" data-e-type=\"widget\" data-settings=\"{&quot;icon_type&quot;:&quot;image&quot;}\" data-widget_type=\"etheme_icon_box.default\">\n\t\t\t\t<div class=\"elementor-widget-container\">\n\t\t\t\t\t\t\t\t<div class=\"etheme-icon-box etheme-icon-box-icon-position-left\">\n        \n                            \n                <div class=\"etheme-icon-box-icon etheme-icon-box-icon-type-image\">\n        \n                <img decoding=\"async\" width=\"100\" height=\"100\" src=\"https:\/\/isukamipoliai.lt\/wp-content\/uploads\/xstore\/xstore-placeholder-1x1.png\" class=\"attachment-full size-full wp-image-8410 lazyload lazyload-simple et-lazyload-fadeIn\" alt=\"\" sizes=\"(max-width: 100px) 100vw, 100px\" data-src=\"https:\/\/isukamipoliai.lt\/wp-content\/uploads\/2023\/11\/Aukstis-nuo-iki.webp\" data-srcset=\"https:\/\/isukamipoliai.lt\/wp-content\/uploads\/2023\/11\/Aukstis-nuo-iki.webp 100w, https:\/\/isukamipoliai.lt\/wp-content\/uploads\/2023\/11\/Aukstis-nuo-iki-1x1.webp 1w, https:\/\/isukamipoliai.lt\/wp-content\/uploads\/2023\/11\/Aukstis-nuo-iki-10x10.webp 10w\" \/>        \n                <\/div>\n            \n                <div class=\"etheme-icon-box-content\">\n\t\t\n                                            <h6 class=\"etheme-icon-box-subtitle\">\n                        <span>HEIGHT<\/span>\n                        <\/h6>\n                                        \n                                            <h3 class=\"etheme-icon-box-title\">\n                            <span>1400MM<\/span>\n                        <\/h3>\n                    \t\t\n                    \n                            \n                <\/div>\n\t\t\t<\/div>\n\t\t\t\t\t\t<\/div>\n\t\t\t\t<\/div>\n\t\t\t\t<div class=\"elementor-element elementor-element-8728884 elementor-align-left elementor-widget elementor-widget-etheme_icon_box\" data-id=\"8728884\" data-element_type=\"widget\" data-e-type=\"widget\" data-settings=\"{&quot;icon_type&quot;:&quot;image&quot;}\" data-widget_type=\"etheme_icon_box.default\">\n\t\t\t\t<div class=\"elementor-widget-container\">\n\t\t\t\t\t\t\t\t<div class=\"etheme-icon-box etheme-icon-box-icon-position-left\">\n        \n                            \n                <div class=\"etheme-icon-box-icon etheme-icon-box-icon-type-image\">\n        \n                <img decoding=\"async\" width=\"100\" height=\"100\" src=\"https:\/\/isukamipoliai.lt\/wp-content\/uploads\/xstore\/xstore-placeholder-1x1.png\" class=\"attachment-full size-full wp-image-8405 lazyload lazyload-simple et-lazyload-fadeIn\" alt=\"\" sizes=\"(max-width: 100px) 100vw, 100px\" data-src=\"https:\/\/isukamipoliai.lt\/wp-content\/uploads\/2023\/11\/Aukstis-mm.webp\" data-srcset=\"https:\/\/isukamipoliai.lt\/wp-content\/uploads\/2023\/11\/Aukstis-mm.webp 100w, https:\/\/isukamipoliai.lt\/wp-content\/uploads\/2023\/11\/Aukstis-mm-1x1.webp 1w, https:\/\/isukamipoliai.lt\/wp-content\/uploads\/2023\/11\/Aukstis-mm-10x10.webp 10w\" \/>        \n                <\/div>\n            \n                <div class=\"etheme-icon-box-content\">\n\t\t\n                                            <h6 class=\"etheme-icon-box-subtitle\">\n                        <span>HEIGHT ABOVE GROUND<\/span>\n                        <\/h6>\n                                        \n                                            <h3 class=\"etheme-icon-box-title\">\n                            <span>iki 260MM<\/span>\n                        <\/h3>\n                    \t\t\n                    \n                            \n                <\/div>\n\t\t\t<\/div>\n\t\t\t\t\t\t<\/div>\n\t\t\t\t<\/div>\n\t\t\t\t<div class=\"elementor-element elementor-element-8302141 elementor-align-left elementor-widget elementor-widget-etheme_icon_box\" data-id=\"8302141\" data-element_type=\"widget\" data-e-type=\"widget\" data-settings=\"{&quot;icon_type&quot;:&quot;image&quot;}\" data-widget_type=\"etheme_icon_box.default\">\n\t\t\t\t<div class=\"elementor-widget-container\">\n\t\t\t\t\t\t\t\t<div class=\"etheme-icon-box etheme-icon-box-icon-position-left\">\n        \n                            \n                <div class=\"etheme-icon-box-icon etheme-icon-box-icon-type-image\">\n        \n                <img decoding=\"async\" width=\"100\" height=\"100\" src=\"https:\/\/isukamipoliai.lt\/wp-content\/uploads\/xstore\/xstore-placeholder-1x1.png\" class=\"attachment-full size-full wp-image-8406 lazyload lazyload-simple et-lazyload-fadeIn\" alt=\"\" sizes=\"(max-width: 100px) 100vw, 100px\" data-src=\"https:\/\/isukamipoliai.lt\/wp-content\/uploads\/2023\/11\/Apkrova-kg.webp\" data-srcset=\"https:\/\/isukamipoliai.lt\/wp-content\/uploads\/2023\/11\/Apkrova-kg.webp 100w, https:\/\/isukamipoliai.lt\/wp-content\/uploads\/2023\/11\/Apkrova-kg-1x1.webp 1w, https:\/\/isukamipoliai.lt\/wp-content\/uploads\/2023\/11\/Apkrova-kg-10x10.webp 10w\" \/>        \n                <\/div>\n            \n                <div class=\"etheme-icon-box-content\">\n\t\t\n                                            <h6 class=\"etheme-icon-box-subtitle\">\n                        <span>LOAD CAPACITY<\/span>\n                        <\/h6>\n                                        \n                                            <h3 class=\"etheme-icon-box-title\">\n                            <span>1200KG<\/span>\n                        <\/h3>\n                    \t\t\n                    \n                            \n                <\/div>\n\t\t\t<\/div>\n\t\t\t\t\t\t<\/div>\n\t\t\t\t<\/div>\n\t\t\t\t<div class=\"elementor-element elementor-element-31b6ee6 elementor-align-left elementor-widget elementor-widget-etheme_icon_box\" data-id=\"31b6ee6\" data-element_type=\"widget\" data-e-type=\"widget\" data-settings=\"{&quot;icon_type&quot;:&quot;image&quot;}\" data-widget_type=\"etheme_icon_box.default\">\n\t\t\t\t<div class=\"elementor-widget-container\">\n\t\t\t\t\t\t\t\t<div class=\"etheme-icon-box etheme-icon-box-icon-position-left\">\n        \n                            \n                <div class=\"etheme-icon-box-icon etheme-icon-box-icon-type-image\">\n        \n                <img loading=\"lazy\" decoding=\"async\" width=\"100\" height=\"100\" src=\"https:\/\/isukamipoliai.lt\/wp-content\/uploads\/xstore\/xstore-placeholder-1x1.png\" class=\"attachment-full size-full wp-image-8401 lazyload lazyload-simple et-lazyload-fadeIn\" alt=\"\" sizes=\"(max-width: 100px) 100vw, 100px\" data-src=\"https:\/\/isukamipoliai.lt\/wp-content\/uploads\/2023\/11\/Diametras.webp\" data-srcset=\"https:\/\/isukamipoliai.lt\/wp-content\/uploads\/2023\/11\/Diametras.webp 100w, https:\/\/isukamipoliai.lt\/wp-content\/uploads\/2023\/11\/Diametras-1x1.webp 1w, https:\/\/isukamipoliai.lt\/wp-content\/uploads\/2023\/11\/Diametras-10x10.webp 10w\" \/>        \n                <\/div>\n            \n                <div class=\"etheme-icon-box-content\">\n\t\t\n                                            <h6 class=\"etheme-icon-box-subtitle\">\n                        <span>DIAMETER<\/span>\n                        <\/h6>\n                                        \n                                            <h3 class=\"etheme-icon-box-title\">\n                            <span>92MM<\/span>\n                        <\/h3>\n                    \t\t\n                    \n                            \n                <\/div>\n\t\t\t<\/div>\n\t\t\t\t\t\t<\/div>\n\t\t\t\t<\/div>\n\t\t\t\t<div class=\"elementor-element elementor-element-75c70d8 elementor-align-left elementor-widget elementor-widget-etheme_icon_box\" data-id=\"75c70d8\" data-element_type=\"widget\" data-e-type=\"widget\" data-settings=\"{&quot;icon_type&quot;:&quot;image&quot;}\" data-widget_type=\"etheme_icon_box.default\">\n\t\t\t\t<div class=\"elementor-widget-container\">\n\t\t\t\t\t\t\t\t<div class=\"etheme-icon-box etheme-icon-box-icon-position-left\">\n        \n                            \n                <div class=\"etheme-icon-box-icon etheme-icon-box-icon-type-image\">\n        \n                <img loading=\"lazy\" decoding=\"async\" width=\"100\" height=\"100\" src=\"https:\/\/isukamipoliai.lt\/wp-content\/uploads\/xstore\/xstore-placeholder-1x1.png\" class=\"attachment-full size-full wp-image-8377 lazyload lazyload-simple et-lazyload-fadeIn\" alt=\"\" sizes=\"(max-width: 100px) 100vw, 100px\" data-src=\"https:\/\/isukamipoliai.lt\/wp-content\/uploads\/2023\/11\/Storis.webp\" data-srcset=\"https:\/\/isukamipoliai.lt\/wp-content\/uploads\/2023\/11\/Storis.webp 100w, https:\/\/isukamipoliai.lt\/wp-content\/uploads\/2023\/11\/Storis-1x1.webp 1w, https:\/\/isukamipoliai.lt\/wp-content\/uploads\/2023\/11\/Storis-10x10.webp 10w\" \/>        \n                <\/div>\n            \n                <div class=\"etheme-icon-box-content\">\n\t\t\n                                            <h6 class=\"etheme-icon-box-subtitle\">\n                        <span>METAL THICKNESS<\/span>\n                        <\/h6>\n                                        \n                                            <h3 class=\"etheme-icon-box-title\">\n                            <span>4MM<\/span>\n                        <\/h3>\n                    \t\t\n                    \n                            \n                <\/div>\n\t\t\t<\/div>\n\t\t\t\t\t\t<\/div>\n\t\t\t\t<\/div>\n\t\t\t\t<div class=\"elementor-element elementor-element-224c0ec elementor-align-left elementor-widget elementor-widget-etheme_icon_box\" data-id=\"224c0ec\" data-element_type=\"widget\" data-e-type=\"widget\" data-settings=\"{&quot;icon_type&quot;:&quot;image&quot;}\" data-widget_type=\"etheme_icon_box.default\">\n\t\t\t\t<div class=\"elementor-widget-container\">\n\t\t\t\t\t\t\t\t<div class=\"etheme-icon-box etheme-icon-box-icon-position-left\">\n        \n                            \n                <div class=\"etheme-icon-box-icon etheme-icon-box-icon-type-image\">\n        \n                <img loading=\"lazy\" decoding=\"async\" width=\"100\" height=\"100\" src=\"https:\/\/isukamipoliai.lt\/wp-content\/uploads\/xstore\/xstore-placeholder-1x1.png\" class=\"attachment-full size-full wp-image-8367 lazyload lazyload-simple et-lazyload-fadeIn\" alt=\"\" sizes=\"(max-width: 100px) 100vw, 100px\" data-src=\"https:\/\/isukamipoliai.lt\/wp-content\/uploads\/2023\/11\/Metalas-plienas.webp\" data-srcset=\"https:\/\/isukamipoliai.lt\/wp-content\/uploads\/2023\/11\/Metalas-plienas.webp 100w, https:\/\/isukamipoliai.lt\/wp-content\/uploads\/2023\/11\/Metalas-plienas-1x1.webp 1w, https:\/\/isukamipoliai.lt\/wp-content\/uploads\/2023\/11\/Metalas-plienas-10x10.webp 10w\" \/>        \n                <\/div>\n            \n                <div class=\"etheme-icon-box-content\">\n\t\t\n                                            <h6 class=\"etheme-icon-box-subtitle\">\n                        <span>MATERIAL<\/span>\n                        <\/h6>\n                                        \n                                            <h3 class=\"etheme-icon-box-title\">\n                            <span>GALVANIZED STEEL<\/span>\n                        <\/h3>\n                    \t\t\n                    \n                            \n                <\/div>\n\t\t\t<\/div>\n\t\t\t\t\t\t<\/div>\n\t\t\t\t<\/div>\n\t\t\t\t\t<\/div>\n\t\t\t\t<\/div>\n\t\t\t\t<div class=\"elementor-element elementor-element-ee75f5a elementor-widget elementor-widget-heading\" data-id=\"ee75f5a\" data-element_type=\"widget\" data-e-type=\"widget\" data-widget_type=\"heading.default\">\n\t\t\t\t<div class=\"elementor-widget-container\">\n\t\t\t\t\t<h2 class=\"elementor-heading-title elementor-size-default\">Sraigtiniai poliai G1400\/92<\/h2>\t\t\t\t<\/div>\n\t\t\t\t<\/div>\n\t\t\t\t<div class=\"elementor-element elementor-element-a93dd9c elementor-widget elementor-widget-text-editor\" data-id=\"a93dd9c\" data-element_type=\"widget\" data-e-type=\"widget\" data-widget_type=\"text-editor.default\">\n\t\t\t\t<div class=\"elementor-widget-container\">\n\t\t\t\t\t\t\t\t\tIztur\u012bgais un \u012bpa\u0161i stabilais G1400\/92 skr\u016bvp\u0101lis ar platu 92 mm cauruli paredz\u0113ts liel\u0101m konstrukcij\u0101m, kur nepiecie\u0161ama maksim\u0101la notur\u012bba. Ide\u0101li piem\u0113rots smag\u0101m konstrukcij\u0101m vai projektiem ar augst\u0101m krav\u0101m.\t\t\t\t\t\t\t\t<\/div>\n\t\t\t\t<\/div>\n\t\t\t\t\t<\/div>\n\t\t<\/div>\n\t\t\t\t\t<\/div>\n\t\t<\/section>\n\t\t\t\t<\/div>","protected":false},"excerpt":{"rendered":"<p>AUK\u0160TIS 1400MM AUK\u0160TIS VIR\u0160 GRUNTO iki 260MM APKROVA 1200KG DIEAMETRAS 92MM METALO STORIS 4MM METALAS CINKUOTAS PLIENAS Sraigtiniai poliai G1400\/92 Iztur\u012bgais un \u012bpa\u0161i stabilais G1400\/92&#8230;<\/p>","protected":false},"featured_media":11233,"template":"","meta":[],"etheme_brands":[],"product_brand":[],"product_cat":[132,199],"product_tag":[235,241,126],"class_list":{"0":"post-10902","1":"product","2":"type-product","3":"status-publish","4":"has-post-thumbnail","6":"product_cat-g-tipas","7":"product_cat-sraigtiniai-poliai","8":"product_tag-g-tipas","9":"product_tag-g1550-76","10":"product_tag-sraigtiniai-poliai","12":"first","13":"instock","14":"taxable","15":"shipping-taxable","16":"purchasable","17":"product-type-simple"},"yoast_head":"<!-- This site is optimized with the Yoast SEO plugin v27.4 - https:\/\/yoast.com\/product\/yoast-seo-wordpress\/ -->\n<title>Sraigtiniai poliai G1400\/92 - \u012esukami poliai<\/title>\n<meta name=\"description\" content=\"G1550\/76 \u2013 vienas universaliausi\u0173 modeli\u0173, da\u017enai naudojamas saul\u0117s moduli\u0173 sistemoms, laikiniems statiniams ar aptv\u0117rimams.\" \/>\n<meta name=\"robots\" content=\"index, follow, max-snippet:-1, max-image-preview:large, max-video-preview:-1\" \/>\n<link rel=\"canonical\" href=\"https:\/\/isukamipoliai.lt\/en\/parduotuve\/sraigtiniai-poliai\/g-tipas\/g1400-92\/\" \/>\n<meta property=\"og:locale\" content=\"en_US\" \/>\n<meta property=\"og:type\" content=\"article\" \/>\n<meta property=\"og:title\" content=\"Sraigtiniai poliai U1450 - \u012esukami poliai\" \/>\n<meta property=\"og:description\" content=\"Tinka terasoms, pirtims, namams, tvoroms. Taip pat da\u017enai perkamas klient\u0173, kurie nori tvirto pamato arba konstrukcija bus montuojama pakelta nuo grunto.\" \/>\n<meta property=\"og:url\" content=\"https:\/\/isukamipoliai.lt\/en\/parduotuve\/sraigtiniai-poliai\/g-tipas\/g1400-92\/\" \/>\n<meta property=\"og:site_name\" content=\"\u012esukami poliai\" \/>\n<meta property=\"article:modified_time\" content=\"2026-04-08T10:01:04+00:00\" \/>\n<meta property=\"og:image\" content=\"https:\/\/isukamipoliai.lt\/wp-content\/uploads\/2025\/06\/U1450-sraigtiniai-poliai.webp\" \/>\n\t<meta property=\"og:image:width\" content=\"1181\" \/>\n\t<meta property=\"og:image:height\" content=\"1181\" \/>\n\t<meta property=\"og:image:type\" content=\"image\/webp\" \/>\n<meta name=\"twitter:card\" content=\"summary_large_image\" \/>\n<meta name=\"twitter:title\" content=\"Sraigtiniai poliai U1450 - \u012esukami poliai\" \/>\n<meta name=\"twitter:description\" content=\"Tinka terasoms, pirtims, namams, tvoroms. Taip pat da\u017enai perkamas klient\u0173, kurie nori tvirto pamato arba konstrukcija bus montuojama pakelta nuo grunto.\" \/>\n<meta name=\"twitter:image\" content=\"https:\/\/isukamipoliai.lt\/wp-content\/uploads\/2025\/06\/U1450-sraigtiniai-poliai.webp\" \/>\n<meta name=\"twitter:label1\" content=\"Est. reading time\" \/>\n\t<meta name=\"twitter:data1\" content=\"2 minutes\" \/>\n<script type=\"application\/ld+json\" class=\"yoast-schema-graph\">{\"@context\":\"https:\\\/\\\/schema.org\",\"@graph\":[{\"@type\":\"WebPage\",\"@id\":\"https:\\\/\\\/isukamipoliai.lt\\\/parduotuve\\\/sraigtiniai-poliai\\\/g-tipas\\\/g1400-92\\\/\",\"url\":\"https:\\\/\\\/isukamipoliai.lt\\\/parduotuve\\\/sraigtiniai-poliai\\\/g-tipas\\\/g1400-92\\\/\",\"name\":\"Sraigtiniai poliai G1400\\\/92 - \u012esukami poliai\",\"isPartOf\":{\"@id\":\"https:\\\/\\\/isukamipoliai.lt\\\/#website\"},\"primaryImageOfPage\":{\"@id\":\"https:\\\/\\\/isukamipoliai.lt\\\/parduotuve\\\/sraigtiniai-poliai\\\/g-tipas\\\/g1400-92\\\/#primaryimage\"},\"image\":{\"@id\":\"https:\\\/\\\/isukamipoliai.lt\\\/parduotuve\\\/sraigtiniai-poliai\\\/g-tipas\\\/g1400-92\\\/#primaryimage\"},\"thumbnailUrl\":\"https:\\\/\\\/isukamipoliai.lt\\\/wp-content\\\/uploads\\\/2025\\\/06\\\/Sraigtiniai-poliai-isukami-poliai-G1400.webp\",\"datePublished\":\"2025-06-10T10:02:30+00:00\",\"dateModified\":\"2026-04-08T10:01:04+00:00\",\"description\":\"G1550\\\/76 \u2013 vienas universaliausi\u0173 modeli\u0173, da\u017enai naudojamas saul\u0117s moduli\u0173 sistemoms, laikiniems statiniams ar aptv\u0117rimams.\",\"breadcrumb\":{\"@id\":\"https:\\\/\\\/isukamipoliai.lt\\\/parduotuve\\\/sraigtiniai-poliai\\\/g-tipas\\\/g1400-92\\\/#breadcrumb\"},\"inLanguage\":\"en-US\",\"potentialAction\":[{\"@type\":\"ReadAction\",\"target\":[\"https:\\\/\\\/isukamipoliai.lt\\\/parduotuve\\\/sraigtiniai-poliai\\\/g-tipas\\\/g1400-92\\\/\"]}]},{\"@type\":\"ImageObject\",\"inLanguage\":\"en-US\",\"@id\":\"https:\\\/\\\/isukamipoliai.lt\\\/parduotuve\\\/sraigtiniai-poliai\\\/g-tipas\\\/g1400-92\\\/#primaryimage\",\"url\":\"https:\\\/\\\/isukamipoliai.lt\\\/wp-content\\\/uploads\\\/2025\\\/06\\\/Sraigtiniai-poliai-isukami-poliai-G1400.webp\",\"contentUrl\":\"https:\\\/\\\/isukamipoliai.lt\\\/wp-content\\\/uploads\\\/2025\\\/06\\\/Sraigtiniai-poliai-isukami-poliai-G1400.webp\",\"width\":1182,\"height\":1182,\"caption\":\"Sraigtiniai poliai G1400\"},{\"@type\":\"BreadcrumbList\",\"@id\":\"https:\\\/\\\/isukamipoliai.lt\\\/parduotuve\\\/sraigtiniai-poliai\\\/g-tipas\\\/g1400-92\\\/#breadcrumb\",\"itemListElement\":[{\"@type\":\"ListItem\",\"position\":1,\"name\":\"Home\",\"item\":\"https:\\\/\\\/isukamipoliai.lt\\\/\"},{\"@type\":\"ListItem\",\"position\":2,\"name\":\"Parduotuv\u0117\",\"item\":\"https:\\\/\\\/isukamipoliai.lt\\\/parduotuve\\\/\"},{\"@type\":\"ListItem\",\"position\":3,\"name\":\"G1400\\\/92\"}]},{\"@type\":\"WebSite\",\"@id\":\"https:\\\/\\\/isukamipoliai.lt\\\/#website\",\"url\":\"https:\\\/\\\/isukamipoliai.lt\\\/\",\"name\":\"\u012esukami poliai\",\"description\":\"\",\"publisher\":{\"@id\":\"https:\\\/\\\/isukamipoliai.lt\\\/#organization\"},\"potentialAction\":[{\"@type\":\"SearchAction\",\"target\":{\"@type\":\"EntryPoint\",\"urlTemplate\":\"https:\\\/\\\/isukamipoliai.lt\\\/?s={search_term_string}\"},\"query-input\":{\"@type\":\"PropertyValueSpecification\",\"valueRequired\":true,\"valueName\":\"search_term_string\"}}],\"inLanguage\":\"en-US\"},{\"@type\":\"Organization\",\"@id\":\"https:\\\/\\\/isukamipoliai.lt\\\/#organization\",\"name\":\"UP Group\",\"url\":\"https:\\\/\\\/isukamipoliai.lt\\\/\",\"logo\":{\"@type\":\"ImageObject\",\"inLanguage\":\"en-US\",\"@id\":\"https:\\\/\\\/isukamipoliai.lt\\\/#\\\/schema\\\/logo\\\/image\\\/\",\"url\":\"https:\\\/\\\/isukamipoliai.lt\\\/wp-content\\\/uploads\\\/2024\\\/11\\\/Isukami-poliai-sraigtiniai-poliai.webp\",\"contentUrl\":\"https:\\\/\\\/isukamipoliai.lt\\\/wp-content\\\/uploads\\\/2024\\\/11\\\/Isukami-poliai-sraigtiniai-poliai.webp\",\"width\":591,\"height\":237,\"caption\":\"UP Group\"},\"image\":{\"@id\":\"https:\\\/\\\/isukamipoliai.lt\\\/#\\\/schema\\\/logo\\\/image\\\/\"}}]}<\/script>\n<!-- \/ Yoast SEO plugin. -->","yoast_head_json":{"title":"Sraigtiniai poliai G1400\/92 - \u012esukami poliai","description":"G1550\/76 \u2013 vienas universaliausi\u0173 modeli\u0173, da\u017enai naudojamas saul\u0117s moduli\u0173 sistemoms, laikiniems statiniams ar aptv\u0117rimams.","robots":{"index":"index","follow":"follow","max-snippet":"max-snippet:-1","max-image-preview":"max-image-preview:large","max-video-preview":"max-video-preview:-1"},"canonical":"https:\/\/isukamipoliai.lt\/en\/parduotuve\/sraigtiniai-poliai\/g-tipas\/g1400-92\/","og_locale":"en_US","og_type":"article","og_title":"Sraigtiniai poliai U1450 - \u012esukami poliai","og_description":"Tinka terasoms, pirtims, namams, tvoroms. Taip pat da\u017enai perkamas klient\u0173, kurie nori tvirto pamato arba konstrukcija bus montuojama pakelta nuo grunto.","og_url":"https:\/\/isukamipoliai.lt\/en\/parduotuve\/sraigtiniai-poliai\/g-tipas\/g1400-92\/","og_site_name":"\u012esukami poliai","article_modified_time":"2026-04-08T10:01:04+00:00","og_image":[{"width":1181,"height":1181,"url":"https:\/\/isukamipoliai.lt\/wp-content\/uploads\/2025\/06\/U1450-sraigtiniai-poliai.webp","type":"image\/webp"}],"twitter_card":"summary_large_image","twitter_title":"Sraigtiniai poliai U1450 - \u012esukami poliai","twitter_description":"Tinka terasoms, pirtims, namams, tvoroms. Taip pat da\u017enai perkamas klient\u0173, kurie nori tvirto pamato arba konstrukcija bus montuojama pakelta nuo grunto.","twitter_image":"https:\/\/isukamipoliai.lt\/wp-content\/uploads\/2025\/06\/U1450-sraigtiniai-poliai.webp","twitter_misc":{"Est. reading time":"2 minutes"},"schema":{"@context":"https:\/\/schema.org","@graph":[{"@type":"WebPage","@id":"https:\/\/isukamipoliai.lt\/parduotuve\/sraigtiniai-poliai\/g-tipas\/g1400-92\/","url":"https:\/\/isukamipoliai.lt\/parduotuve\/sraigtiniai-poliai\/g-tipas\/g1400-92\/","name":"Sraigtiniai poliai G1400\/92 - \u012esukami poliai","isPartOf":{"@id":"https:\/\/isukamipoliai.lt\/#website"},"primaryImageOfPage":{"@id":"https:\/\/isukamipoliai.lt\/parduotuve\/sraigtiniai-poliai\/g-tipas\/g1400-92\/#primaryimage"},"image":{"@id":"https:\/\/isukamipoliai.lt\/parduotuve\/sraigtiniai-poliai\/g-tipas\/g1400-92\/#primaryimage"},"thumbnailUrl":"https:\/\/isukamipoliai.lt\/wp-content\/uploads\/2025\/06\/Sraigtiniai-poliai-isukami-poliai-G1400.webp","datePublished":"2025-06-10T10:02:30+00:00","dateModified":"2026-04-08T10:01:04+00:00","description":"G1550\/76 \u2013 vienas universaliausi\u0173 modeli\u0173, da\u017enai naudojamas saul\u0117s moduli\u0173 sistemoms, laikiniems statiniams ar aptv\u0117rimams.","breadcrumb":{"@id":"https:\/\/isukamipoliai.lt\/parduotuve\/sraigtiniai-poliai\/g-tipas\/g1400-92\/#breadcrumb"},"inLanguage":"en-US","potentialAction":[{"@type":"ReadAction","target":["https:\/\/isukamipoliai.lt\/parduotuve\/sraigtiniai-poliai\/g-tipas\/g1400-92\/"]}]},{"@type":"ImageObject","inLanguage":"en-US","@id":"https:\/\/isukamipoliai.lt\/parduotuve\/sraigtiniai-poliai\/g-tipas\/g1400-92\/#primaryimage","url":"https:\/\/isukamipoliai.lt\/wp-content\/uploads\/2025\/06\/Sraigtiniai-poliai-isukami-poliai-G1400.webp","contentUrl":"https:\/\/isukamipoliai.lt\/wp-content\/uploads\/2025\/06\/Sraigtiniai-poliai-isukami-poliai-G1400.webp","width":1182,"height":1182,"caption":"Sraigtiniai poliai G1400"},{"@type":"BreadcrumbList","@id":"https:\/\/isukamipoliai.lt\/parduotuve\/sraigtiniai-poliai\/g-tipas\/g1400-92\/#breadcrumb","itemListElement":[{"@type":"ListItem","position":1,"name":"Home","item":"https:\/\/isukamipoliai.lt\/"},{"@type":"ListItem","position":2,"name":"Parduotuv\u0117","item":"https:\/\/isukamipoliai.lt\/parduotuve\/"},{"@type":"ListItem","position":3,"name":"G1400\/92"}]},{"@type":"WebSite","@id":"https:\/\/isukamipoliai.lt\/#website","url":"https:\/\/isukamipoliai.lt\/","name":"Screw piles","description":"","publisher":{"@id":"https:\/\/isukamipoliai.lt\/#organization"},"potentialAction":[{"@type":"SearchAction","target":{"@type":"EntryPoint","urlTemplate":"https:\/\/isukamipoliai.lt\/?s={search_term_string}"},"query-input":{"@type":"PropertyValueSpecification","valueRequired":true,"valueName":"search_term_string"}}],"inLanguage":"en-US"},{"@type":"Organization","@id":"https:\/\/isukamipoliai.lt\/#organization","name":"UP Group","url":"https:\/\/isukamipoliai.lt\/","logo":{"@type":"ImageObject","inLanguage":"en-US","@id":"https:\/\/isukamipoliai.lt\/#\/schema\/logo\/image\/","url":"https:\/\/isukamipoliai.lt\/wp-content\/uploads\/2024\/11\/Isukami-poliai-sraigtiniai-poliai.webp","contentUrl":"https:\/\/isukamipoliai.lt\/wp-content\/uploads\/2024\/11\/Isukami-poliai-sraigtiniai-poliai.webp","width":591,"height":237,"caption":"UP Group"},"image":{"@id":"https:\/\/isukamipoliai.lt\/#\/schema\/logo\/image\/"}}]}},"_links":{"self":[{"href":"https:\/\/isukamipoliai.lt\/en\/wp-json\/wp\/v2\/product\/10902","targetHints":{"allow":["GET"]}}],"collection":[{"href":"https:\/\/isukamipoliai.lt\/en\/wp-json\/wp\/v2\/product"}],"about":[{"href":"https:\/\/isukamipoliai.lt\/en\/wp-json\/wp\/v2\/types\/product"}],"version-history":[{"count":5,"href":"https:\/\/isukamipoliai.lt\/en\/wp-json\/wp\/v2\/product\/10902\/revisions"}],"predecessor-version":[{"id":11234,"href":"https:\/\/isukamipoliai.lt\/en\/wp-json\/wp\/v2\/product\/10902\/revisions\/11234"}],"wp:featuredmedia":[{"embeddable":true,"href":"https:\/\/isukamipoliai.lt\/en\/wp-json\/wp\/v2\/media\/11233"}],"wp:attachment":[{"href":"https:\/\/isukamipoliai.lt\/en\/wp-json\/wp\/v2\/media?parent=10902"}],"wp:term":[{"taxonomy":"brand","embeddable":true,"href":"https:\/\/isukamipoliai.lt\/en\/wp-json\/wp\/v2\/etheme_brands?post=10902"},{"taxonomy":"product_brand","embeddable":true,"href":"https:\/\/isukamipoliai.lt\/en\/wp-json\/wp\/v2\/product_brand?post=10902"},{"taxonomy":"product_cat","embeddable":true,"href":"https:\/\/isukamipoliai.lt\/en\/wp-json\/wp\/v2\/product_cat?post=10902"},{"taxonomy":"product_tag","embeddable":true,"href":"https:\/\/isukamipoliai.lt\/en\/wp-json\/wp\/v2\/product_tag?post=10902"}],"curies":[{"name":"wp","href":"https:\/\/api.w.org\/{rel}","templated":true}]}}