{"id":11106,"date":"2025-11-20T18:21:14","date_gmt":"2025-11-20T16:21:14","guid":{"rendered":"https:\/\/isukamipoliai.lt\/?post_type=product&#038;p=11106"},"modified":"2026-04-10T16:01:31","modified_gmt":"2026-04-10T13:01:31","slug":"m750","status":"publish","type":"product","link":"https:\/\/isukamipoliai.lt\/en\/parduotuve\/sraigtiniai-poliai\/m-tipas\/m750\/","title":{"rendered":"M750"},"content":{"rendered":"<div data-elementor-type=\"product-post\" data-elementor-id=\"11106\" class=\"elementor elementor-11106\" data-elementor-post-type=\"product\">\n\t\t\t\t\t\t<section class=\"elementor-section elementor-top-section elementor-element elementor-element-7a4ff95 elementor-section-boxed elementor-section-height-default elementor-section-height-default\" data-id=\"7a4ff95\" data-element_type=\"section\" data-e-type=\"section\">\n\t\t\t\t\t\t<div class=\"elementor-container elementor-column-gap-default\">\n\t\t\t\t\t<div class=\"elementor-column elementor-col-100 elementor-top-column elementor-element elementor-element-94fbedf\" data-id=\"94fbedf\" data-element_type=\"column\" data-e-type=\"column\">\n\t\t\t<div class=\"elementor-widget-wrap elementor-element-populated\">\n\t\t\t\t<div class=\"elementor-element elementor-element-bbb3ba7 e-grid e-con-boxed e-con e-parent\" data-id=\"bbb3ba7\" data-element_type=\"container\" data-e-type=\"container\" data-settings=\"{&quot;background_background&quot;:&quot;classic&quot;}\">\n\t\t\t\t\t<div class=\"e-con-inner\">\n\t\t\t\t<div class=\"elementor-element elementor-element-82d0015 elementor-align-left elementor-widget elementor-widget-etheme_icon_box\" data-id=\"82d0015\" data-element_type=\"widget\" data-e-type=\"widget\" data-settings=\"{&quot;icon_type&quot;:&quot;image&quot;}\" data-widget_type=\"etheme_icon_box.default\">\n\t\t\t\t<div class=\"elementor-widget-container\">\n\t\t\t\t\t\t\t\t<div class=\"etheme-icon-box etheme-icon-box-icon-position-left\">\n        \n                            \n                <div class=\"etheme-icon-box-icon etheme-icon-box-icon-type-image\">\n        \n                <img decoding=\"async\" width=\"100\" height=\"100\" src=\"https:\/\/isukamipoliai.lt\/wp-content\/uploads\/xstore\/xstore-placeholder-1x1.png\" class=\"attachment-full size-full wp-image-8410 lazyload lazyload-simple et-lazyload-fadeIn\" alt=\"\" sizes=\"(max-width: 100px) 100vw, 100px\" data-src=\"https:\/\/isukamipoliai.lt\/wp-content\/uploads\/2023\/11\/Aukstis-nuo-iki.webp\" data-srcset=\"https:\/\/isukamipoliai.lt\/wp-content\/uploads\/2023\/11\/Aukstis-nuo-iki.webp 100w, https:\/\/isukamipoliai.lt\/wp-content\/uploads\/2023\/11\/Aukstis-nuo-iki-1x1.webp 1w, https:\/\/isukamipoliai.lt\/wp-content\/uploads\/2023\/11\/Aukstis-nuo-iki-10x10.webp 10w\" \/>        \n                <\/div>\n            \n                <div class=\"etheme-icon-box-content\">\n\t\t\n                                            <h6 class=\"etheme-icon-box-subtitle\">\n                        <span>HEIGHT<\/span>\n                        <\/h6>\n                                        \n                                            <h3 class=\"etheme-icon-box-title\">\n                            <span>750MM<\/span>\n                        <\/h3>\n                    \t\t\n                    \n                            \n                <\/div>\n\t\t\t<\/div>\n\t\t\t\t\t\t<\/div>\n\t\t\t\t<\/div>\n\t\t\t\t<div class=\"elementor-element elementor-element-3083421 elementor-align-left elementor-widget elementor-widget-etheme_icon_box\" data-id=\"3083421\" data-element_type=\"widget\" data-e-type=\"widget\" data-settings=\"{&quot;icon_type&quot;:&quot;image&quot;}\" data-widget_type=\"etheme_icon_box.default\">\n\t\t\t\t<div class=\"elementor-widget-container\">\n\t\t\t\t\t\t\t\t<div class=\"etheme-icon-box etheme-icon-box-icon-position-left\">\n        \n                            \n                <div class=\"etheme-icon-box-icon etheme-icon-box-icon-type-image\">\n        \n                <img decoding=\"async\" width=\"100\" height=\"100\" src=\"https:\/\/isukamipoliai.lt\/wp-content\/uploads\/xstore\/xstore-placeholder-1x1.png\" class=\"attachment-full size-full wp-image-8405 lazyload lazyload-simple et-lazyload-fadeIn\" alt=\"\" sizes=\"(max-width: 100px) 100vw, 100px\" data-src=\"https:\/\/isukamipoliai.lt\/wp-content\/uploads\/2023\/11\/Aukstis-mm.webp\" data-srcset=\"https:\/\/isukamipoliai.lt\/wp-content\/uploads\/2023\/11\/Aukstis-mm.webp 100w, https:\/\/isukamipoliai.lt\/wp-content\/uploads\/2023\/11\/Aukstis-mm-1x1.webp 1w, https:\/\/isukamipoliai.lt\/wp-content\/uploads\/2023\/11\/Aukstis-mm-10x10.webp 10w\" \/>        \n                <\/div>\n            \n                <div class=\"etheme-icon-box-content\">\n\t\t\n                                            <h6 class=\"etheme-icon-box-subtitle\">\n                        <span>HEIGHT ABOVE GROUND<\/span>\n                        <\/h6>\n                                        \n                                            <h3 class=\"etheme-icon-box-title\">\n                            <span>iki 90MM<\/span>\n                        <\/h3>\n                    \t\t\n                    \n                            \n                <\/div>\n\t\t\t<\/div>\n\t\t\t\t\t\t<\/div>\n\t\t\t\t<\/div>\n\t\t\t\t<div class=\"elementor-element elementor-element-755f8d8 elementor-align-left elementor-widget elementor-widget-etheme_icon_box\" data-id=\"755f8d8\" data-element_type=\"widget\" data-e-type=\"widget\" data-settings=\"{&quot;icon_type&quot;:&quot;image&quot;}\" data-widget_type=\"etheme_icon_box.default\">\n\t\t\t\t<div class=\"elementor-widget-container\">\n\t\t\t\t\t\t\t\t<div class=\"etheme-icon-box etheme-icon-box-icon-position-left\">\n        \n                            \n                <div class=\"etheme-icon-box-icon etheme-icon-box-icon-type-image\">\n        \n                <img decoding=\"async\" width=\"100\" height=\"100\" src=\"https:\/\/isukamipoliai.lt\/wp-content\/uploads\/xstore\/xstore-placeholder-1x1.png\" class=\"attachment-full size-full wp-image-8406 lazyload lazyload-simple et-lazyload-fadeIn\" alt=\"\" sizes=\"(max-width: 100px) 100vw, 100px\" data-src=\"https:\/\/isukamipoliai.lt\/wp-content\/uploads\/2023\/11\/Apkrova-kg.webp\" data-srcset=\"https:\/\/isukamipoliai.lt\/wp-content\/uploads\/2023\/11\/Apkrova-kg.webp 100w, https:\/\/isukamipoliai.lt\/wp-content\/uploads\/2023\/11\/Apkrova-kg-1x1.webp 1w, https:\/\/isukamipoliai.lt\/wp-content\/uploads\/2023\/11\/Apkrova-kg-10x10.webp 10w\" \/>        \n                <\/div>\n            \n                <div class=\"etheme-icon-box-content\">\n\t\t\n                                            <h6 class=\"etheme-icon-box-subtitle\">\n                        <span>LOAD CAPACITY<\/span>\n                        <\/h6>\n                                        \n                                            <h3 class=\"etheme-icon-box-title\">\n                            <span>420KG<\/span>\n                        <\/h3>\n                    \t\t\n                    \n                            \n                <\/div>\n\t\t\t<\/div>\n\t\t\t\t\t\t<\/div>\n\t\t\t\t<\/div>\n\t\t\t\t<div class=\"elementor-element elementor-element-d6dc752 elementor-align-left elementor-widget elementor-widget-etheme_icon_box\" data-id=\"d6dc752\" data-element_type=\"widget\" data-e-type=\"widget\" data-settings=\"{&quot;icon_type&quot;:&quot;image&quot;}\" data-widget_type=\"etheme_icon_box.default\">\n\t\t\t\t<div class=\"elementor-widget-container\">\n\t\t\t\t\t\t\t\t<div class=\"etheme-icon-box etheme-icon-box-icon-position-left\">\n        \n                            \n                <div class=\"etheme-icon-box-icon etheme-icon-box-icon-type-image\">\n        \n                <img loading=\"lazy\" decoding=\"async\" width=\"100\" height=\"100\" src=\"https:\/\/isukamipoliai.lt\/wp-content\/uploads\/xstore\/xstore-placeholder-1x1.png\" class=\"attachment-full size-full wp-image-8401 lazyload lazyload-simple et-lazyload-fadeIn\" alt=\"\" sizes=\"(max-width: 100px) 100vw, 100px\" data-src=\"https:\/\/isukamipoliai.lt\/wp-content\/uploads\/2023\/11\/Diametras.webp\" data-srcset=\"https:\/\/isukamipoliai.lt\/wp-content\/uploads\/2023\/11\/Diametras.webp 100w, https:\/\/isukamipoliai.lt\/wp-content\/uploads\/2023\/11\/Diametras-1x1.webp 1w, https:\/\/isukamipoliai.lt\/wp-content\/uploads\/2023\/11\/Diametras-10x10.webp 10w\" \/>        \n                <\/div>\n            \n                <div class=\"etheme-icon-box-content\">\n\t\t\n                                            <h6 class=\"etheme-icon-box-subtitle\">\n                        <span>DIAMETER<\/span>\n                        <\/h6>\n                                        \n                                            <h3 class=\"etheme-icon-box-title\">\n                            <span>68MM<\/span>\n                        <\/h3>\n                    \t\t\n                    \n                            \n                <\/div>\n\t\t\t<\/div>\n\t\t\t\t\t\t<\/div>\n\t\t\t\t<\/div>\n\t\t\t\t<div class=\"elementor-element elementor-element-05757f4 elementor-align-left elementor-widget elementor-widget-etheme_icon_box\" data-id=\"05757f4\" data-element_type=\"widget\" data-e-type=\"widget\" data-settings=\"{&quot;icon_type&quot;:&quot;image&quot;}\" data-widget_type=\"etheme_icon_box.default\">\n\t\t\t\t<div class=\"elementor-widget-container\">\n\t\t\t\t\t\t\t\t<div class=\"etheme-icon-box etheme-icon-box-icon-position-left\">\n        \n                            \n                <div class=\"etheme-icon-box-icon etheme-icon-box-icon-type-image\">\n        \n                <img loading=\"lazy\" decoding=\"async\" width=\"100\" height=\"100\" src=\"https:\/\/isukamipoliai.lt\/wp-content\/uploads\/xstore\/xstore-placeholder-1x1.png\" class=\"attachment-full size-full wp-image-8377 lazyload lazyload-simple et-lazyload-fadeIn\" alt=\"\" sizes=\"(max-width: 100px) 100vw, 100px\" data-src=\"https:\/\/isukamipoliai.lt\/wp-content\/uploads\/2023\/11\/Storis.webp\" data-srcset=\"https:\/\/isukamipoliai.lt\/wp-content\/uploads\/2023\/11\/Storis.webp 100w, https:\/\/isukamipoliai.lt\/wp-content\/uploads\/2023\/11\/Storis-1x1.webp 1w, https:\/\/isukamipoliai.lt\/wp-content\/uploads\/2023\/11\/Storis-10x10.webp 10w\" \/>        \n                <\/div>\n            \n                <div class=\"etheme-icon-box-content\">\n\t\t\n                                            <h6 class=\"etheme-icon-box-subtitle\">\n                        <span>METAL THICKNESS<\/span>\n                        <\/h6>\n                                        \n                                            <h3 class=\"etheme-icon-box-title\">\n                            <span>1.8MM<\/span>\n                        <\/h3>\n                    \t\t\n                    \n                            \n                <\/div>\n\t\t\t<\/div>\n\t\t\t\t\t\t<\/div>\n\t\t\t\t<\/div>\n\t\t\t\t<div class=\"elementor-element elementor-element-14c36d8 elementor-align-left elementor-widget elementor-widget-etheme_icon_box\" data-id=\"14c36d8\" data-element_type=\"widget\" data-e-type=\"widget\" data-settings=\"{&quot;icon_type&quot;:&quot;image&quot;}\" data-widget_type=\"etheme_icon_box.default\">\n\t\t\t\t<div class=\"elementor-widget-container\">\n\t\t\t\t\t\t\t\t<div class=\"etheme-icon-box etheme-icon-box-icon-position-left\">\n        \n                            \n                <div class=\"etheme-icon-box-icon etheme-icon-box-icon-type-image\">\n        \n                <img loading=\"lazy\" decoding=\"async\" width=\"100\" height=\"100\" src=\"https:\/\/isukamipoliai.lt\/wp-content\/uploads\/xstore\/xstore-placeholder-1x1.png\" class=\"attachment-full size-full wp-image-8367 lazyload lazyload-simple et-lazyload-fadeIn\" alt=\"\" sizes=\"(max-width: 100px) 100vw, 100px\" data-src=\"https:\/\/isukamipoliai.lt\/wp-content\/uploads\/2023\/11\/Metalas-plienas.webp\" data-srcset=\"https:\/\/isukamipoliai.lt\/wp-content\/uploads\/2023\/11\/Metalas-plienas.webp 100w, https:\/\/isukamipoliai.lt\/wp-content\/uploads\/2023\/11\/Metalas-plienas-1x1.webp 1w, https:\/\/isukamipoliai.lt\/wp-content\/uploads\/2023\/11\/Metalas-plienas-10x10.webp 10w\" \/>        \n                <\/div>\n            \n                <div class=\"etheme-icon-box-content\">\n\t\t\n                                            <h6 class=\"etheme-icon-box-subtitle\">\n                        <span>MATERIAL<\/span>\n                        <\/h6>\n                                        \n                                            <h3 class=\"etheme-icon-box-title\">\n                            <span>GALVANIZED STEEL<\/span>\n                        <\/h3>\n                    \t\t\n                    \n                            \n                <\/div>\n\t\t\t<\/div>\n\t\t\t\t\t\t<\/div>\n\t\t\t\t<\/div>\n\t\t\t\t\t<\/div>\n\t\t\t\t<\/div>\n\t\t\t\t<div class=\"elementor-element elementor-element-c26063b elementor-widget elementor-widget-heading\" data-id=\"c26063b\" data-element_type=\"widget\" data-e-type=\"widget\" data-widget_type=\"heading.default\">\n\t\t\t\t<div class=\"elementor-widget-container\">\n\t\t\t\t\t<h2 class=\"elementor-heading-title elementor-size-default\">Sraigtiniai poliai M750<\/h2>\t\t\t\t<\/div>\n\t\t\t\t<\/div>\n\t\t\t\t<div class=\"elementor-element elementor-element-77d5f49 elementor-widget elementor-widget-text-editor\" data-id=\"77d5f49\" data-element_type=\"widget\" data-e-type=\"widget\" data-widget_type=\"text-editor.default\">\n\t\t\t\t<div class=\"elementor-widget-container\">\n\t\t\t\t\t\t\t\t\t<p>M-tipo \u012fsukam\u0173 poli\u0173 panaudojimas platus. <a href=\"https:\/\/isukamipoliai.lt\/en\/product-category\/sraigtiniai-poliai\/m-tipas\/\">Sraigtiniai poliai M<\/a> tipo labiausiai tinka nedideliems statiniams ir atramoms, kur neb\u016btina laikyti dideli\u0173 apkrov\u0173.\u00a0<\/p>\t\t\t\t\t\t\t\t<\/div>\n\t\t\t\t<\/div>\n\t\t\t\t\t<\/div>\n\t\t<\/div>\n\t\t\t\t\t<\/div>\n\t\t<\/section>\n\t\t\t\t<\/div>","protected":false},"excerpt":{"rendered":"<p>AUK\u0160TIS 750MM AUK\u0160TIS VIR\u0160 GRUNTO iki 90MM APKROVA 420KG DIEAMETRAS 68MM METALO STORIS 1.8MM METALAS CINKUOTAS PLIENAS Sraigtiniai poliai M750 M-tipo \u012fsukam\u0173 poli\u0173 panaudojimas platus&#8230;.<\/p>","protected":false},"featured_media":11228,"template":"","meta":[],"etheme_brands":[],"product_brand":[],"product_cat":[127,199],"product_tag":[185,246,126],"class_list":{"0":"post-11106","1":"product","2":"type-product","3":"status-publish","4":"has-post-thumbnail","6":"product_cat-m-tipas","7":"product_cat-sraigtiniai-poliai","8":"product_tag-m-tipas","9":"product_tag-m750","10":"product_tag-sraigtiniai-poliai","12":"first","13":"instock","14":"taxable","15":"shipping-taxable","16":"purchasable","17":"product-type-simple"},"yoast_head":"<!-- This site is optimized with the Yoast SEO plugin v27.3 - https:\/\/yoast.com\/product\/yoast-seo-wordpress\/ -->\n<title>Sraigtiniai poliai M750 - \u012esukami poliai<\/title>\n<meta name=\"description\" content=\"M-tipo \u012fsukam\u0173 poli\u0173 panaudojimas platus. Sraigtiniai poliai M1000 tinka terasoms, nedideliems statiniams ir atramoms, kur neb\u016btina laikyti dideli\u0173 apkrov\u0173.\" \/>\n<meta name=\"robots\" content=\"index, follow, max-snippet:-1, max-image-preview:large, max-video-preview:-1\" \/>\n<link rel=\"canonical\" href=\"https:\/\/isukamipoliai.lt\/en\/parduotuve\/sraigtiniai-poliai\/m-tipas\/m750\/\" \/>\n<meta property=\"og:locale\" content=\"en_US\" \/>\n<meta property=\"og:type\" content=\"article\" \/>\n<meta property=\"og:title\" content=\"Sraigtiniai poliai M1000 - \u012esukami poliai\" \/>\n<meta property=\"og:description\" content=\"M-tipo \u012fsukam\u0173 poli\u0173 panaudojimas platus. Sraigtiniai poliai M1000 tinka terasoms, nedideliems statiniams ir atramoms, kur neb\u016btina laikyti dideli\u0173 apkrov\u0173.\" \/>\n<meta property=\"og:url\" content=\"https:\/\/isukamipoliai.lt\/en\/parduotuve\/sraigtiniai-poliai\/m-tipas\/m750\/\" \/>\n<meta property=\"og:site_name\" content=\"\u012esukami poliai\" \/>\n<meta property=\"article:modified_time\" content=\"2026-04-10T13:01:31+00:00\" \/>\n<meta property=\"og:image\" content=\"https:\/\/isukamipoliai.lt\/wp-content\/uploads\/2025\/01\/Sraigtiniai-poliai-M1000-M-Tipas.webp\" \/>\n\t<meta property=\"og:image:width\" content=\"1182\" \/>\n\t<meta property=\"og:image:height\" content=\"1182\" \/>\n\t<meta property=\"og:image:type\" content=\"image\/webp\" \/>\n<meta name=\"twitter:card\" content=\"summary_large_image\" \/>\n<meta name=\"twitter:title\" content=\"Sraigtiniai poliai M1000 - \u012esukami poliai\" \/>\n<meta name=\"twitter:description\" content=\"M-tipo \u012fsukam\u0173 poli\u0173 panaudojimas platus. Sraigtiniai poliai M1000 tinka terasoms, nedideliems statiniams ir atramoms, kur neb\u016btina laikyti dideli\u0173 apkrov\u0173.\" \/>\n<meta name=\"twitter:image\" content=\"https:\/\/isukamipoliai.lt\/wp-content\/uploads\/2025\/01\/Sraigtiniai-poliai-M1000-M-Tipas.webp\" \/>\n<meta name=\"twitter:label1\" content=\"Est. reading time\" \/>\n\t<meta name=\"twitter:data1\" content=\"2 minutes\" \/>\n<script type=\"application\/ld+json\" class=\"yoast-schema-graph\">{\"@context\":\"https:\\\/\\\/schema.org\",\"@graph\":[{\"@type\":\"WebPage\",\"@id\":\"https:\\\/\\\/isukamipoliai.lt\\\/parduotuve\\\/sraigtiniai-poliai\\\/m-tipas\\\/m750\\\/\",\"url\":\"https:\\\/\\\/isukamipoliai.lt\\\/parduotuve\\\/sraigtiniai-poliai\\\/m-tipas\\\/m750\\\/\",\"name\":\"Sraigtiniai poliai M750 - \u012esukami poliai\",\"isPartOf\":{\"@id\":\"https:\\\/\\\/isukamipoliai.lt\\\/#website\"},\"primaryImageOfPage\":{\"@id\":\"https:\\\/\\\/isukamipoliai.lt\\\/parduotuve\\\/sraigtiniai-poliai\\\/m-tipas\\\/m750\\\/#primaryimage\"},\"image\":{\"@id\":\"https:\\\/\\\/isukamipoliai.lt\\\/parduotuve\\\/sraigtiniai-poliai\\\/m-tipas\\\/m750\\\/#primaryimage\"},\"thumbnailUrl\":\"https:\\\/\\\/isukamipoliai.lt\\\/wp-content\\\/uploads\\\/2025\\\/11\\\/Sraigtiniai-poliai-isukami-poliai-M750.webp\",\"datePublished\":\"2025-11-20T16:21:14+00:00\",\"dateModified\":\"2026-04-10T13:01:31+00:00\",\"description\":\"M-tipo \u012fsukam\u0173 poli\u0173 panaudojimas platus. Sraigtiniai poliai M1000 tinka terasoms, nedideliems statiniams ir atramoms, kur neb\u016btina laikyti dideli\u0173 apkrov\u0173.\",\"breadcrumb\":{\"@id\":\"https:\\\/\\\/isukamipoliai.lt\\\/parduotuve\\\/sraigtiniai-poliai\\\/m-tipas\\\/m750\\\/#breadcrumb\"},\"inLanguage\":\"en-US\",\"potentialAction\":[{\"@type\":\"ReadAction\",\"target\":[\"https:\\\/\\\/isukamipoliai.lt\\\/parduotuve\\\/sraigtiniai-poliai\\\/m-tipas\\\/m750\\\/\"]}]},{\"@type\":\"ImageObject\",\"inLanguage\":\"en-US\",\"@id\":\"https:\\\/\\\/isukamipoliai.lt\\\/parduotuve\\\/sraigtiniai-poliai\\\/m-tipas\\\/m750\\\/#primaryimage\",\"url\":\"https:\\\/\\\/isukamipoliai.lt\\\/wp-content\\\/uploads\\\/2025\\\/11\\\/Sraigtiniai-poliai-isukami-poliai-M750.webp\",\"contentUrl\":\"https:\\\/\\\/isukamipoliai.lt\\\/wp-content\\\/uploads\\\/2025\\\/11\\\/Sraigtiniai-poliai-isukami-poliai-M750.webp\",\"width\":1182,\"height\":1182,\"caption\":\"m750 sraitginis polis\"},{\"@type\":\"BreadcrumbList\",\"@id\":\"https:\\\/\\\/isukamipoliai.lt\\\/parduotuve\\\/sraigtiniai-poliai\\\/m-tipas\\\/m750\\\/#breadcrumb\",\"itemListElement\":[{\"@type\":\"ListItem\",\"position\":1,\"name\":\"Home\",\"item\":\"https:\\\/\\\/isukamipoliai.lt\\\/\"},{\"@type\":\"ListItem\",\"position\":2,\"name\":\"Parduotuv\u0117\",\"item\":\"https:\\\/\\\/isukamipoliai.lt\\\/parduotuve\\\/\"},{\"@type\":\"ListItem\",\"position\":3,\"name\":\"M750\"}]},{\"@type\":\"WebSite\",\"@id\":\"https:\\\/\\\/isukamipoliai.lt\\\/#website\",\"url\":\"https:\\\/\\\/isukamipoliai.lt\\\/\",\"name\":\"\u012esukami poliai\",\"description\":\"\",\"publisher\":{\"@id\":\"https:\\\/\\\/isukamipoliai.lt\\\/#organization\"},\"potentialAction\":[{\"@type\":\"SearchAction\",\"target\":{\"@type\":\"EntryPoint\",\"urlTemplate\":\"https:\\\/\\\/isukamipoliai.lt\\\/?s={search_term_string}\"},\"query-input\":{\"@type\":\"PropertyValueSpecification\",\"valueRequired\":true,\"valueName\":\"search_term_string\"}}],\"inLanguage\":\"en-US\"},{\"@type\":\"Organization\",\"@id\":\"https:\\\/\\\/isukamipoliai.lt\\\/#organization\",\"name\":\"UP Group\",\"url\":\"https:\\\/\\\/isukamipoliai.lt\\\/\",\"logo\":{\"@type\":\"ImageObject\",\"inLanguage\":\"en-US\",\"@id\":\"https:\\\/\\\/isukamipoliai.lt\\\/#\\\/schema\\\/logo\\\/image\\\/\",\"url\":\"https:\\\/\\\/isukamipoliai.lt\\\/wp-content\\\/uploads\\\/2024\\\/11\\\/Isukami-poliai-sraigtiniai-poliai.webp\",\"contentUrl\":\"https:\\\/\\\/isukamipoliai.lt\\\/wp-content\\\/uploads\\\/2024\\\/11\\\/Isukami-poliai-sraigtiniai-poliai.webp\",\"width\":591,\"height\":237,\"caption\":\"UP Group\"},\"image\":{\"@id\":\"https:\\\/\\\/isukamipoliai.lt\\\/#\\\/schema\\\/logo\\\/image\\\/\"}}]}<\/script>\n<!-- \/ Yoast SEO plugin. -->","yoast_head_json":{"title":"Sraigtiniai poliai M750 - \u012esukami poliai","description":"M-tipo \u012fsukam\u0173 poli\u0173 panaudojimas platus. Sraigtiniai poliai M1000 tinka terasoms, nedideliems statiniams ir atramoms, kur neb\u016btina laikyti dideli\u0173 apkrov\u0173.","robots":{"index":"index","follow":"follow","max-snippet":"max-snippet:-1","max-image-preview":"max-image-preview:large","max-video-preview":"max-video-preview:-1"},"canonical":"https:\/\/isukamipoliai.lt\/en\/parduotuve\/sraigtiniai-poliai\/m-tipas\/m750\/","og_locale":"en_US","og_type":"article","og_title":"Sraigtiniai poliai M1000 - \u012esukami poliai","og_description":"M-tipo \u012fsukam\u0173 poli\u0173 panaudojimas platus. Sraigtiniai poliai M1000 tinka terasoms, nedideliems statiniams ir atramoms, kur neb\u016btina laikyti dideli\u0173 apkrov\u0173.","og_url":"https:\/\/isukamipoliai.lt\/en\/parduotuve\/sraigtiniai-poliai\/m-tipas\/m750\/","og_site_name":"\u012esukami poliai","article_modified_time":"2026-04-10T13:01:31+00:00","og_image":[{"width":1182,"height":1182,"url":"https:\/\/isukamipoliai.lt\/wp-content\/uploads\/2025\/01\/Sraigtiniai-poliai-M1000-M-Tipas.webp","type":"image\/webp"}],"twitter_card":"summary_large_image","twitter_title":"Sraigtiniai poliai M1000 - \u012esukami poliai","twitter_description":"M-tipo \u012fsukam\u0173 poli\u0173 panaudojimas platus. Sraigtiniai poliai M1000 tinka terasoms, nedideliems statiniams ir atramoms, kur neb\u016btina laikyti dideli\u0173 apkrov\u0173.","twitter_image":"https:\/\/isukamipoliai.lt\/wp-content\/uploads\/2025\/01\/Sraigtiniai-poliai-M1000-M-Tipas.webp","twitter_misc":{"Est. reading time":"2 minutes"},"schema":{"@context":"https:\/\/schema.org","@graph":[{"@type":"WebPage","@id":"https:\/\/isukamipoliai.lt\/parduotuve\/sraigtiniai-poliai\/m-tipas\/m750\/","url":"https:\/\/isukamipoliai.lt\/parduotuve\/sraigtiniai-poliai\/m-tipas\/m750\/","name":"Sraigtiniai poliai M750 - \u012esukami poliai","isPartOf":{"@id":"https:\/\/isukamipoliai.lt\/#website"},"primaryImageOfPage":{"@id":"https:\/\/isukamipoliai.lt\/parduotuve\/sraigtiniai-poliai\/m-tipas\/m750\/#primaryimage"},"image":{"@id":"https:\/\/isukamipoliai.lt\/parduotuve\/sraigtiniai-poliai\/m-tipas\/m750\/#primaryimage"},"thumbnailUrl":"https:\/\/isukamipoliai.lt\/wp-content\/uploads\/2025\/11\/Sraigtiniai-poliai-isukami-poliai-M750.webp","datePublished":"2025-11-20T16:21:14+00:00","dateModified":"2026-04-10T13:01:31+00:00","description":"M-tipo \u012fsukam\u0173 poli\u0173 panaudojimas platus. Sraigtiniai poliai M1000 tinka terasoms, nedideliems statiniams ir atramoms, kur neb\u016btina laikyti dideli\u0173 apkrov\u0173.","breadcrumb":{"@id":"https:\/\/isukamipoliai.lt\/parduotuve\/sraigtiniai-poliai\/m-tipas\/m750\/#breadcrumb"},"inLanguage":"en-US","potentialAction":[{"@type":"ReadAction","target":["https:\/\/isukamipoliai.lt\/parduotuve\/sraigtiniai-poliai\/m-tipas\/m750\/"]}]},{"@type":"ImageObject","inLanguage":"en-US","@id":"https:\/\/isukamipoliai.lt\/parduotuve\/sraigtiniai-poliai\/m-tipas\/m750\/#primaryimage","url":"https:\/\/isukamipoliai.lt\/wp-content\/uploads\/2025\/11\/Sraigtiniai-poliai-isukami-poliai-M750.webp","contentUrl":"https:\/\/isukamipoliai.lt\/wp-content\/uploads\/2025\/11\/Sraigtiniai-poliai-isukami-poliai-M750.webp","width":1182,"height":1182,"caption":"m750 sraitginis polis"},{"@type":"BreadcrumbList","@id":"https:\/\/isukamipoliai.lt\/parduotuve\/sraigtiniai-poliai\/m-tipas\/m750\/#breadcrumb","itemListElement":[{"@type":"ListItem","position":1,"name":"Home","item":"https:\/\/isukamipoliai.lt\/"},{"@type":"ListItem","position":2,"name":"Parduotuv\u0117","item":"https:\/\/isukamipoliai.lt\/parduotuve\/"},{"@type":"ListItem","position":3,"name":"M750"}]},{"@type":"WebSite","@id":"https:\/\/isukamipoliai.lt\/#website","url":"https:\/\/isukamipoliai.lt\/","name":"Screw piles","description":"","publisher":{"@id":"https:\/\/isukamipoliai.lt\/#organization"},"potentialAction":[{"@type":"SearchAction","target":{"@type":"EntryPoint","urlTemplate":"https:\/\/isukamipoliai.lt\/?s={search_term_string}"},"query-input":{"@type":"PropertyValueSpecification","valueRequired":true,"valueName":"search_term_string"}}],"inLanguage":"en-US"},{"@type":"Organization","@id":"https:\/\/isukamipoliai.lt\/#organization","name":"UP Group","url":"https:\/\/isukamipoliai.lt\/","logo":{"@type":"ImageObject","inLanguage":"en-US","@id":"https:\/\/isukamipoliai.lt\/#\/schema\/logo\/image\/","url":"https:\/\/isukamipoliai.lt\/wp-content\/uploads\/2024\/11\/Isukami-poliai-sraigtiniai-poliai.webp","contentUrl":"https:\/\/isukamipoliai.lt\/wp-content\/uploads\/2024\/11\/Isukami-poliai-sraigtiniai-poliai.webp","width":591,"height":237,"caption":"UP Group"},"image":{"@id":"https:\/\/isukamipoliai.lt\/#\/schema\/logo\/image\/"}}]}},"_links":{"self":[{"href":"https:\/\/isukamipoliai.lt\/en\/wp-json\/wp\/v2\/product\/11106","targetHints":{"allow":["GET"]}}],"collection":[{"href":"https:\/\/isukamipoliai.lt\/en\/wp-json\/wp\/v2\/product"}],"about":[{"href":"https:\/\/isukamipoliai.lt\/en\/wp-json\/wp\/v2\/types\/product"}],"version-history":[{"count":5,"href":"https:\/\/isukamipoliai.lt\/en\/wp-json\/wp\/v2\/product\/11106\/revisions"}],"predecessor-version":[{"id":11113,"href":"https:\/\/isukamipoliai.lt\/en\/wp-json\/wp\/v2\/product\/11106\/revisions\/11113"}],"wp:featuredmedia":[{"embeddable":true,"href":"https:\/\/isukamipoliai.lt\/en\/wp-json\/wp\/v2\/media\/11228"}],"wp:attachment":[{"href":"https:\/\/isukamipoliai.lt\/en\/wp-json\/wp\/v2\/media?parent=11106"}],"wp:term":[{"taxonomy":"brand","embeddable":true,"href":"https:\/\/isukamipoliai.lt\/en\/wp-json\/wp\/v2\/etheme_brands?post=11106"},{"taxonomy":"product_brand","embeddable":true,"href":"https:\/\/isukamipoliai.lt\/en\/wp-json\/wp\/v2\/product_brand?post=11106"},{"taxonomy":"product_cat","embeddable":true,"href":"https:\/\/isukamipoliai.lt\/en\/wp-json\/wp\/v2\/product_cat?post=11106"},{"taxonomy":"product_tag","embeddable":true,"href":"https:\/\/isukamipoliai.lt\/en\/wp-json\/wp\/v2\/product_tag?post=11106"}],"curies":[{"name":"wp","href":"https:\/\/api.w.org\/{rel}","templated":true}]}}