{"id":11199,"date":"2026-02-24T09:55:33","date_gmt":"2026-02-24T07:55:33","guid":{"rendered":"https:\/\/isukamipoliai.lt\/?post_type=product&#038;p=11199"},"modified":"2026-04-01T15:01:50","modified_gmt":"2026-04-01T12:01:50","slug":"m1400-190-76","status":"publish","type":"product","link":"https:\/\/isukamipoliai.lt\/en\/parduotuve\/sraigtiniai-poliai\/m-tipas\/m1400-190-76\/","title":{"rendered":"M1400\/190\/76\/"},"content":{"rendered":"<div data-elementor-type=\"product-post\" data-elementor-id=\"11199\" class=\"elementor elementor-11199\" data-elementor-post-type=\"product\">\n\t\t\t\t\t\t<section class=\"elementor-section elementor-top-section elementor-element elementor-element-933473c elementor-section-boxed elementor-section-height-default elementor-section-height-default\" data-id=\"933473c\" data-element_type=\"section\" data-e-type=\"section\">\n\t\t\t\t\t\t<div class=\"elementor-container elementor-column-gap-default\">\n\t\t\t\t\t<div class=\"elementor-column elementor-col-100 elementor-top-column elementor-element elementor-element-7f69868\" data-id=\"7f69868\" data-element_type=\"column\" data-e-type=\"column\">\n\t\t\t<div class=\"elementor-widget-wrap elementor-element-populated\">\n\t\t\t\t<div class=\"elementor-element elementor-element-27ba223 e-grid e-con-boxed e-con e-parent\" data-id=\"27ba223\" data-element_type=\"container\" data-e-type=\"container\" data-settings=\"{&quot;background_background&quot;:&quot;classic&quot;}\">\n\t\t\t\t\t<div class=\"e-con-inner\">\n\t\t\t\t<div class=\"elementor-element elementor-element-dedd197 elementor-align-left elementor-widget elementor-widget-etheme_icon_box\" data-id=\"dedd197\" data-element_type=\"widget\" data-e-type=\"widget\" data-settings=\"{&quot;icon_type&quot;:&quot;image&quot;}\" data-widget_type=\"etheme_icon_box.default\">\n\t\t\t\t<div class=\"elementor-widget-container\">\n\t\t\t\t\t\t\t\t<div class=\"etheme-icon-box etheme-icon-box-icon-position-left\">\n        \n                            \n                <div class=\"etheme-icon-box-icon etheme-icon-box-icon-type-image\">\n        \n                <img decoding=\"async\" width=\"100\" height=\"100\" src=\"https:\/\/isukamipoliai.lt\/wp-content\/uploads\/xstore\/xstore-placeholder-1x1.png\" class=\"attachment-full size-full wp-image-8410 lazyload lazyload-simple et-lazyload-fadeIn\" alt=\"\" sizes=\"(max-width: 100px) 100vw, 100px\" data-src=\"https:\/\/isukamipoliai.lt\/wp-content\/uploads\/2023\/11\/Aukstis-nuo-iki.webp\" data-srcset=\"https:\/\/isukamipoliai.lt\/wp-content\/uploads\/2023\/11\/Aukstis-nuo-iki.webp 100w, https:\/\/isukamipoliai.lt\/wp-content\/uploads\/2023\/11\/Aukstis-nuo-iki-1x1.webp 1w, https:\/\/isukamipoliai.lt\/wp-content\/uploads\/2023\/11\/Aukstis-nuo-iki-10x10.webp 10w\" \/>        \n                <\/div>\n            \n                <div class=\"etheme-icon-box-content\">\n\t\t\n                                            <h6 class=\"etheme-icon-box-subtitle\">\n                        <span>HEIGHT<\/span>\n                        <\/h6>\n                                        \n                                            <h3 class=\"etheme-icon-box-title\">\n                            <span>1400MM<\/span>\n                        <\/h3>\n                    \t\t\n                    \n                            \n                <\/div>\n\t\t\t<\/div>\n\t\t\t\t\t\t<\/div>\n\t\t\t\t<\/div>\n\t\t\t\t<div class=\"elementor-element elementor-element-a7c726b elementor-align-left elementor-widget elementor-widget-etheme_icon_box\" data-id=\"a7c726b\" data-element_type=\"widget\" data-e-type=\"widget\" data-settings=\"{&quot;icon_type&quot;:&quot;image&quot;}\" data-widget_type=\"etheme_icon_box.default\">\n\t\t\t\t<div class=\"elementor-widget-container\">\n\t\t\t\t\t\t\t\t<div class=\"etheme-icon-box etheme-icon-box-icon-position-left\">\n        \n                            \n                <div class=\"etheme-icon-box-icon etheme-icon-box-icon-type-image\">\n        \n                <img decoding=\"async\" width=\"100\" height=\"100\" src=\"https:\/\/isukamipoliai.lt\/wp-content\/uploads\/xstore\/xstore-placeholder-1x1.png\" class=\"attachment-full size-full wp-image-8405 lazyload lazyload-simple et-lazyload-fadeIn\" alt=\"\" sizes=\"(max-width: 100px) 100vw, 100px\" data-src=\"https:\/\/isukamipoliai.lt\/wp-content\/uploads\/2023\/11\/Aukstis-mm.webp\" data-srcset=\"https:\/\/isukamipoliai.lt\/wp-content\/uploads\/2023\/11\/Aukstis-mm.webp 100w, https:\/\/isukamipoliai.lt\/wp-content\/uploads\/2023\/11\/Aukstis-mm-1x1.webp 1w, https:\/\/isukamipoliai.lt\/wp-content\/uploads\/2023\/11\/Aukstis-mm-10x10.webp 10w\" \/>        \n                <\/div>\n            \n                <div class=\"etheme-icon-box-content\">\n\t\t\n                                            <h6 class=\"etheme-icon-box-subtitle\">\n                        <span>HEIGHT ABOVE GROUND<\/span>\n                        <\/h6>\n                                        \n                                            <h3 class=\"etheme-icon-box-title\">\n                            <span>iki 250MM<\/span>\n                        <\/h3>\n                    \t\t\n                    \n                            \n                <\/div>\n\t\t\t<\/div>\n\t\t\t\t\t\t<\/div>\n\t\t\t\t<\/div>\n\t\t\t\t<div class=\"elementor-element elementor-element-d27f5d5 elementor-align-left elementor-widget elementor-widget-etheme_icon_box\" data-id=\"d27f5d5\" data-element_type=\"widget\" data-e-type=\"widget\" data-settings=\"{&quot;icon_type&quot;:&quot;image&quot;}\" data-widget_type=\"etheme_icon_box.default\">\n\t\t\t\t<div class=\"elementor-widget-container\">\n\t\t\t\t\t\t\t\t<div class=\"etheme-icon-box etheme-icon-box-icon-position-left\">\n        \n                            \n                <div class=\"etheme-icon-box-icon etheme-icon-box-icon-type-image\">\n        \n                <img decoding=\"async\" width=\"100\" height=\"100\" src=\"https:\/\/isukamipoliai.lt\/wp-content\/uploads\/xstore\/xstore-placeholder-1x1.png\" class=\"attachment-full size-full wp-image-8406 lazyload lazyload-simple et-lazyload-fadeIn\" alt=\"\" sizes=\"(max-width: 100px) 100vw, 100px\" data-src=\"https:\/\/isukamipoliai.lt\/wp-content\/uploads\/2023\/11\/Apkrova-kg.webp\" data-srcset=\"https:\/\/isukamipoliai.lt\/wp-content\/uploads\/2023\/11\/Apkrova-kg.webp 100w, https:\/\/isukamipoliai.lt\/wp-content\/uploads\/2023\/11\/Apkrova-kg-1x1.webp 1w, https:\/\/isukamipoliai.lt\/wp-content\/uploads\/2023\/11\/Apkrova-kg-10x10.webp 10w\" \/>        \n                <\/div>\n            \n                <div class=\"etheme-icon-box-content\">\n\t\t\n                                            <h6 class=\"etheme-icon-box-subtitle\">\n                        <span>LOAD CAPACITY<\/span>\n                        <\/h6>\n                                        \n                                            <h3 class=\"etheme-icon-box-title\">\n                            <span>1600KG<\/span>\n                        <\/h3>\n                    \t\t\n                    \n                            \n                <\/div>\n\t\t\t<\/div>\n\t\t\t\t\t\t<\/div>\n\t\t\t\t<\/div>\n\t\t\t\t<div class=\"elementor-element elementor-element-e2d4552 elementor-align-left elementor-widget elementor-widget-etheme_icon_box\" data-id=\"e2d4552\" data-element_type=\"widget\" data-e-type=\"widget\" data-settings=\"{&quot;icon_type&quot;:&quot;image&quot;}\" data-widget_type=\"etheme_icon_box.default\">\n\t\t\t\t<div class=\"elementor-widget-container\">\n\t\t\t\t\t\t\t\t<div class=\"etheme-icon-box etheme-icon-box-icon-position-left\">\n        \n                            \n                <div class=\"etheme-icon-box-icon etheme-icon-box-icon-type-image\">\n        \n                <img loading=\"lazy\" decoding=\"async\" width=\"100\" height=\"100\" src=\"https:\/\/isukamipoliai.lt\/wp-content\/uploads\/xstore\/xstore-placeholder-1x1.png\" class=\"attachment-full size-full wp-image-8401 lazyload lazyload-simple et-lazyload-fadeIn\" alt=\"\" sizes=\"(max-width: 100px) 100vw, 100px\" data-src=\"https:\/\/isukamipoliai.lt\/wp-content\/uploads\/2023\/11\/Diametras.webp\" data-srcset=\"https:\/\/isukamipoliai.lt\/wp-content\/uploads\/2023\/11\/Diametras.webp 100w, https:\/\/isukamipoliai.lt\/wp-content\/uploads\/2023\/11\/Diametras-1x1.webp 1w, https:\/\/isukamipoliai.lt\/wp-content\/uploads\/2023\/11\/Diametras-10x10.webp 10w\" \/>        \n                <\/div>\n            \n                <div class=\"etheme-icon-box-content\">\n\t\t\n                                            <h6 class=\"etheme-icon-box-subtitle\">\n                        <span>DIAMETER<\/span>\n                        <\/h6>\n                                        \n                                            <h3 class=\"etheme-icon-box-title\">\n                            <span>76MM<\/span>\n                        <\/h3>\n                    \t\t\n                    \n                            \n                <\/div>\n\t\t\t<\/div>\n\t\t\t\t\t\t<\/div>\n\t\t\t\t<\/div>\n\t\t\t\t<div class=\"elementor-element elementor-element-c3f715e elementor-align-left elementor-widget elementor-widget-etheme_icon_box\" data-id=\"c3f715e\" data-element_type=\"widget\" data-e-type=\"widget\" data-settings=\"{&quot;icon_type&quot;:&quot;image&quot;}\" data-widget_type=\"etheme_icon_box.default\">\n\t\t\t\t<div class=\"elementor-widget-container\">\n\t\t\t\t\t\t\t\t<div class=\"etheme-icon-box etheme-icon-box-icon-position-left\">\n        \n                            \n                <div class=\"etheme-icon-box-icon etheme-icon-box-icon-type-image\">\n        \n                <img loading=\"lazy\" decoding=\"async\" width=\"100\" height=\"100\" src=\"https:\/\/isukamipoliai.lt\/wp-content\/uploads\/xstore\/xstore-placeholder-1x1.png\" class=\"attachment-full size-full wp-image-8377 lazyload lazyload-simple et-lazyload-fadeIn\" alt=\"\" sizes=\"(max-width: 100px) 100vw, 100px\" data-src=\"https:\/\/isukamipoliai.lt\/wp-content\/uploads\/2023\/11\/Storis.webp\" data-srcset=\"https:\/\/isukamipoliai.lt\/wp-content\/uploads\/2023\/11\/Storis.webp 100w, https:\/\/isukamipoliai.lt\/wp-content\/uploads\/2023\/11\/Storis-1x1.webp 1w, https:\/\/isukamipoliai.lt\/wp-content\/uploads\/2023\/11\/Storis-10x10.webp 10w\" \/>        \n                <\/div>\n            \n                <div class=\"etheme-icon-box-content\">\n\t\t\n                                            <h6 class=\"etheme-icon-box-subtitle\">\n                        <span>METAL THICKNESS<\/span>\n                        <\/h6>\n                                        \n                                            <h3 class=\"etheme-icon-box-title\">\n                            <span>3.0MM<\/span>\n                        <\/h3>\n                    \t\t\n                    \n                            \n                <\/div>\n\t\t\t<\/div>\n\t\t\t\t\t\t<\/div>\n\t\t\t\t<\/div>\n\t\t\t\t<div class=\"elementor-element elementor-element-8255394 elementor-align-left elementor-widget elementor-widget-etheme_icon_box\" data-id=\"8255394\" data-element_type=\"widget\" data-e-type=\"widget\" data-settings=\"{&quot;icon_type&quot;:&quot;image&quot;}\" data-widget_type=\"etheme_icon_box.default\">\n\t\t\t\t<div class=\"elementor-widget-container\">\n\t\t\t\t\t\t\t\t<div class=\"etheme-icon-box etheme-icon-box-icon-position-left\">\n        \n                            \n                <div class=\"etheme-icon-box-icon etheme-icon-box-icon-type-image\">\n        \n                <img loading=\"lazy\" decoding=\"async\" width=\"100\" height=\"100\" src=\"https:\/\/isukamipoliai.lt\/wp-content\/uploads\/xstore\/xstore-placeholder-1x1.png\" class=\"attachment-full size-full wp-image-8367 lazyload lazyload-simple et-lazyload-fadeIn\" alt=\"\" sizes=\"(max-width: 100px) 100vw, 100px\" data-src=\"https:\/\/isukamipoliai.lt\/wp-content\/uploads\/2023\/11\/Metalas-plienas.webp\" data-srcset=\"https:\/\/isukamipoliai.lt\/wp-content\/uploads\/2023\/11\/Metalas-plienas.webp 100w, https:\/\/isukamipoliai.lt\/wp-content\/uploads\/2023\/11\/Metalas-plienas-1x1.webp 1w, https:\/\/isukamipoliai.lt\/wp-content\/uploads\/2023\/11\/Metalas-plienas-10x10.webp 10w\" \/>        \n                <\/div>\n            \n                <div class=\"etheme-icon-box-content\">\n\t\t\n                                            <h6 class=\"etheme-icon-box-subtitle\">\n                        <span>MATERIAL<\/span>\n                        <\/h6>\n                                        \n                                            <h3 class=\"etheme-icon-box-title\">\n                            <span>GALVANIZED STEEL<\/span>\n                        <\/h3>\n                    \t\t\n                    \n                            \n                <\/div>\n\t\t\t<\/div>\n\t\t\t\t\t\t<\/div>\n\t\t\t\t<\/div>\n\t\t\t\t\t<\/div>\n\t\t\t\t<\/div>\n\t\t\t\t<div class=\"elementor-element elementor-element-a9d0e60 elementor-widget elementor-widget-heading\" data-id=\"a9d0e60\" data-element_type=\"widget\" data-e-type=\"widget\" data-widget_type=\"heading.default\">\n\t\t\t\t<div class=\"elementor-widget-container\">\n\t\t\t\t\t<h2 class=\"elementor-heading-title elementor-size-default\">Sraigtiniai poliai M1400\/76<\/h2>\t\t\t\t<\/div>\n\t\t\t\t<\/div>\n\t\t\t\t<div class=\"elementor-element elementor-element-33d9906 elementor-widget elementor-widget-text-editor\" data-id=\"33d9906\" data-element_type=\"widget\" data-e-type=\"widget\" data-widget_type=\"text-editor.default\">\n\t\t\t\t<div class=\"elementor-widget-container\">\n\t\t\t\t\t\t\t\t\t<p>\u0160io modelio <a href=\"https:\/\/isukamipoliai.lt\/en\/product-category\/sraigtiniai-poliai\/m-tipas\/\">sraigtinis pamatas<\/a> tinkamas pirtims, sand\u0117liukams ir kitiems statiniams. 76 mm vamzd\u017eio diametras ir 3,5 mm metalo storis atlaiko apkrovas iki 1600 kg. Ilgesnius nei 1400 mm galite naudoti pamatams namams \u012frengti. M-tipo sraigtinio polio plok\u0161tel\u0117 skirta atremti montuojamam karkasui. Jei nepavyko sumontuoti sraigtini\u0173 pamat\u0173 vienoje ties\u0117je, nieko baisaus, nes plok\u0161tel\u0117 plati ir neb\u016btina, kad karkasas remt\u0173si tiesiai per vidur\u012f. Taip pat plok\u0161tel\u0117je yra vieta montuoti ilgasriegiui ir papildomos skyl\u0117s, jei karkasas nepataiko per centr\u0105. Ant sraigtinio polio plok\u0161tel\u0117s taip pat galite prisukti bet kok\u012f Jums tinkant\u012f laikikl\u012f. Ilgasriegio pagalba gal\u0117site karkas\u0105 sumontuoti milimetr\u0173 tikslumu. \u0160iam sraigtiniam pamatui montuoti rekomenduojame naudoti \u012frang\u0105.<\/p>\t\t\t\t\t\t\t\t<\/div>\n\t\t\t\t<\/div>\n\t\t\t\t\t<\/div>\n\t\t<\/div>\n\t\t\t\t\t<\/div>\n\t\t<\/section>\n\t\t\t\t<\/div>","protected":false},"excerpt":{"rendered":"<p>AUK\u0160TIS 1400MM AUK\u0160TIS VIR\u0160 GRUNTO iki 250MM APKROVA 1600KG DIEAMETRAS 76MM METALO STORIS 3.0MM METALAS CINKUOTAS PLIENAS Sraigtiniai poliai M1400\/76 \u0160io modelio sraigtinis pamatas tinkamas&#8230;<\/p>","protected":false},"featured_media":11200,"template":"","meta":[],"etheme_brands":[],"product_brand":[],"product_cat":[127,199],"product_tag":[185,187,126],"class_list":{"0":"post-11199","1":"product","2":"type-product","3":"status-publish","4":"has-post-thumbnail","6":"product_cat-m-tipas","7":"product_cat-sraigtiniai-poliai","8":"product_tag-m-tipas","9":"product_tag-m1200-76","10":"product_tag-sraigtiniai-poliai","12":"first","13":"instock","14":"taxable","15":"shipping-taxable","16":"purchasable","17":"product-type-simple"},"yoast_head":"<!-- This site is optimized with the Yoast SEO plugin v27.3 - https:\/\/yoast.com\/product\/yoast-seo-wordpress\/ -->\n<title>Sraigtiniai poliai M1400\/190\/76\/ - \u012esukami poliai<\/title>\n<meta name=\"description\" content=\"Sragtinis polis M1200\/76 modelio sraigtinis pamatas tinkamas pirtims, sand\u0117liukams ir kitiems statiniams. Atlaiko apkrovas iki 1600 kg.\" \/>\n<meta name=\"robots\" content=\"index, follow, max-snippet:-1, max-image-preview:large, max-video-preview:-1\" \/>\n<link rel=\"canonical\" href=\"https:\/\/isukamipoliai.lt\/en\/parduotuve\/sraigtiniai-poliai\/m-tipas\/m1400-190-76\/\" \/>\n<meta property=\"og:locale\" content=\"en_US\" \/>\n<meta property=\"og:type\" content=\"article\" \/>\n<meta property=\"og:title\" content=\"Sraigtiniai poliai M1200\/76 - \u012esukami poliai\" \/>\n<meta property=\"og:description\" content=\"Sragtinis polis M1200\/76 modelio sraigtinis pamatas tinkamas pirtims, sand\u0117liukams ir kitiems statiniams. Atlaiko apkrovas iki 1600 kg.\" \/>\n<meta property=\"og:url\" content=\"https:\/\/isukamipoliai.lt\/en\/parduotuve\/sraigtiniai-poliai\/m-tipas\/m1400-190-76\/\" \/>\n<meta property=\"og:site_name\" content=\"\u012esukami poliai\" \/>\n<meta property=\"article:modified_time\" content=\"2026-04-01T12:01:50+00:00\" \/>\n<meta property=\"og:image\" content=\"https:\/\/isukamipoliai.lt\/wp-content\/uploads\/2025\/01\/Sraigtiniai-poliai-M1200-76-M-Tipas.webp\" \/>\n\t<meta property=\"og:image:width\" content=\"1182\" \/>\n\t<meta property=\"og:image:height\" content=\"1182\" \/>\n\t<meta property=\"og:image:type\" content=\"image\/webp\" \/>\n<meta name=\"twitter:card\" content=\"summary_large_image\" \/>\n<meta name=\"twitter:title\" content=\"Sraigtiniai poliai M1200\/76 - \u012esukami poliai\" \/>\n<meta name=\"twitter:description\" content=\"Sragtinis polis M1200\/76 modelio sraigtinis pamatas tinkamas pirtims, sand\u0117liukams ir kitiems statiniams. Atlaiko apkrovas iki 1600 kg.\" \/>\n<meta name=\"twitter:image\" content=\"https:\/\/isukamipoliai.lt\/wp-content\/uploads\/2025\/01\/Sraigtiniai-poliai-M1200-76-M-Tipas.webp\" \/>\n<meta name=\"twitter:label1\" content=\"Est. reading time\" \/>\n\t<meta name=\"twitter:data1\" content=\"3 minutes\" \/>\n<script type=\"application\/ld+json\" class=\"yoast-schema-graph\">{\"@context\":\"https:\\\/\\\/schema.org\",\"@graph\":[{\"@type\":\"WebPage\",\"@id\":\"https:\\\/\\\/isukamipoliai.lt\\\/parduotuve\\\/sraigtiniai-poliai\\\/m-tipas\\\/m1400-190-76\\\/\",\"url\":\"https:\\\/\\\/isukamipoliai.lt\\\/parduotuve\\\/sraigtiniai-poliai\\\/m-tipas\\\/m1400-190-76\\\/\",\"name\":\"Sraigtiniai poliai M1400\\\/190\\\/76\\\/ - \u012esukami poliai\",\"isPartOf\":{\"@id\":\"https:\\\/\\\/isukamipoliai.lt\\\/#website\"},\"primaryImageOfPage\":{\"@id\":\"https:\\\/\\\/isukamipoliai.lt\\\/parduotuve\\\/sraigtiniai-poliai\\\/m-tipas\\\/m1400-190-76\\\/#primaryimage\"},\"image\":{\"@id\":\"https:\\\/\\\/isukamipoliai.lt\\\/parduotuve\\\/sraigtiniai-poliai\\\/m-tipas\\\/m1400-190-76\\\/#primaryimage\"},\"thumbnailUrl\":\"https:\\\/\\\/isukamipoliai.lt\\\/wp-content\\\/uploads\\\/2026\\\/02\\\/M140019076M24.webp\",\"datePublished\":\"2026-02-24T07:55:33+00:00\",\"dateModified\":\"2026-04-01T12:01:50+00:00\",\"description\":\"Sragtinis polis M1200\\\/76 modelio sraigtinis pamatas tinkamas pirtims, sand\u0117liukams ir kitiems statiniams. Atlaiko apkrovas iki 1600 kg.\",\"breadcrumb\":{\"@id\":\"https:\\\/\\\/isukamipoliai.lt\\\/parduotuve\\\/sraigtiniai-poliai\\\/m-tipas\\\/m1400-190-76\\\/#breadcrumb\"},\"inLanguage\":\"en-US\",\"potentialAction\":[{\"@type\":\"ReadAction\",\"target\":[\"https:\\\/\\\/isukamipoliai.lt\\\/parduotuve\\\/sraigtiniai-poliai\\\/m-tipas\\\/m1400-190-76\\\/\"]}]},{\"@type\":\"ImageObject\",\"inLanguage\":\"en-US\",\"@id\":\"https:\\\/\\\/isukamipoliai.lt\\\/parduotuve\\\/sraigtiniai-poliai\\\/m-tipas\\\/m1400-190-76\\\/#primaryimage\",\"url\":\"https:\\\/\\\/isukamipoliai.lt\\\/wp-content\\\/uploads\\\/2026\\\/02\\\/M140019076M24.webp\",\"contentUrl\":\"https:\\\/\\\/isukamipoliai.lt\\\/wp-content\\\/uploads\\\/2026\\\/02\\\/M140019076M24.webp\",\"width\":1182,\"height\":1182,\"caption\":\"Sraigtiniai poliai M1400 190 75 M24\"},{\"@type\":\"BreadcrumbList\",\"@id\":\"https:\\\/\\\/isukamipoliai.lt\\\/parduotuve\\\/sraigtiniai-poliai\\\/m-tipas\\\/m1400-190-76\\\/#breadcrumb\",\"itemListElement\":[{\"@type\":\"ListItem\",\"position\":1,\"name\":\"Home\",\"item\":\"https:\\\/\\\/isukamipoliai.lt\\\/\"},{\"@type\":\"ListItem\",\"position\":2,\"name\":\"Parduotuv\u0117\",\"item\":\"https:\\\/\\\/isukamipoliai.lt\\\/parduotuve\\\/\"},{\"@type\":\"ListItem\",\"position\":3,\"name\":\"M1400\\\/190\\\/76\\\/\"}]},{\"@type\":\"WebSite\",\"@id\":\"https:\\\/\\\/isukamipoliai.lt\\\/#website\",\"url\":\"https:\\\/\\\/isukamipoliai.lt\\\/\",\"name\":\"\u012esukami poliai\",\"description\":\"\",\"publisher\":{\"@id\":\"https:\\\/\\\/isukamipoliai.lt\\\/#organization\"},\"potentialAction\":[{\"@type\":\"SearchAction\",\"target\":{\"@type\":\"EntryPoint\",\"urlTemplate\":\"https:\\\/\\\/isukamipoliai.lt\\\/?s={search_term_string}\"},\"query-input\":{\"@type\":\"PropertyValueSpecification\",\"valueRequired\":true,\"valueName\":\"search_term_string\"}}],\"inLanguage\":\"en-US\"},{\"@type\":\"Organization\",\"@id\":\"https:\\\/\\\/isukamipoliai.lt\\\/#organization\",\"name\":\"UP Group\",\"url\":\"https:\\\/\\\/isukamipoliai.lt\\\/\",\"logo\":{\"@type\":\"ImageObject\",\"inLanguage\":\"en-US\",\"@id\":\"https:\\\/\\\/isukamipoliai.lt\\\/#\\\/schema\\\/logo\\\/image\\\/\",\"url\":\"https:\\\/\\\/isukamipoliai.lt\\\/wp-content\\\/uploads\\\/2024\\\/11\\\/Isukami-poliai-sraigtiniai-poliai.webp\",\"contentUrl\":\"https:\\\/\\\/isukamipoliai.lt\\\/wp-content\\\/uploads\\\/2024\\\/11\\\/Isukami-poliai-sraigtiniai-poliai.webp\",\"width\":591,\"height\":237,\"caption\":\"UP Group\"},\"image\":{\"@id\":\"https:\\\/\\\/isukamipoliai.lt\\\/#\\\/schema\\\/logo\\\/image\\\/\"}}]}<\/script>\n<!-- \/ Yoast SEO plugin. -->","yoast_head_json":{"title":"Sraigtiniai poliai M1400\/190\/76\/ - \u012esukami poliai","description":"Sragtinis polis M1200\/76 modelio sraigtinis pamatas tinkamas pirtims, sand\u0117liukams ir kitiems statiniams. Atlaiko apkrovas iki 1600 kg.","robots":{"index":"index","follow":"follow","max-snippet":"max-snippet:-1","max-image-preview":"max-image-preview:large","max-video-preview":"max-video-preview:-1"},"canonical":"https:\/\/isukamipoliai.lt\/en\/parduotuve\/sraigtiniai-poliai\/m-tipas\/m1400-190-76\/","og_locale":"en_US","og_type":"article","og_title":"Sraigtiniai poliai M1200\/76 - \u012esukami poliai","og_description":"Sragtinis polis M1200\/76 modelio sraigtinis pamatas tinkamas pirtims, sand\u0117liukams ir kitiems statiniams. Atlaiko apkrovas iki 1600 kg.","og_url":"https:\/\/isukamipoliai.lt\/en\/parduotuve\/sraigtiniai-poliai\/m-tipas\/m1400-190-76\/","og_site_name":"\u012esukami poliai","article_modified_time":"2026-04-01T12:01:50+00:00","og_image":[{"width":1182,"height":1182,"url":"https:\/\/isukamipoliai.lt\/wp-content\/uploads\/2025\/01\/Sraigtiniai-poliai-M1200-76-M-Tipas.webp","type":"image\/webp"}],"twitter_card":"summary_large_image","twitter_title":"Sraigtiniai poliai M1200\/76 - \u012esukami poliai","twitter_description":"Sragtinis polis M1200\/76 modelio sraigtinis pamatas tinkamas pirtims, sand\u0117liukams ir kitiems statiniams. Atlaiko apkrovas iki 1600 kg.","twitter_image":"https:\/\/isukamipoliai.lt\/wp-content\/uploads\/2025\/01\/Sraigtiniai-poliai-M1200-76-M-Tipas.webp","twitter_misc":{"Est. reading time":"3 minutes"},"schema":{"@context":"https:\/\/schema.org","@graph":[{"@type":"WebPage","@id":"https:\/\/isukamipoliai.lt\/parduotuve\/sraigtiniai-poliai\/m-tipas\/m1400-190-76\/","url":"https:\/\/isukamipoliai.lt\/parduotuve\/sraigtiniai-poliai\/m-tipas\/m1400-190-76\/","name":"Sraigtiniai poliai M1400\/190\/76\/ - \u012esukami poliai","isPartOf":{"@id":"https:\/\/isukamipoliai.lt\/#website"},"primaryImageOfPage":{"@id":"https:\/\/isukamipoliai.lt\/parduotuve\/sraigtiniai-poliai\/m-tipas\/m1400-190-76\/#primaryimage"},"image":{"@id":"https:\/\/isukamipoliai.lt\/parduotuve\/sraigtiniai-poliai\/m-tipas\/m1400-190-76\/#primaryimage"},"thumbnailUrl":"https:\/\/isukamipoliai.lt\/wp-content\/uploads\/2026\/02\/M140019076M24.webp","datePublished":"2026-02-24T07:55:33+00:00","dateModified":"2026-04-01T12:01:50+00:00","description":"Sragtinis polis M1200\/76 modelio sraigtinis pamatas tinkamas pirtims, sand\u0117liukams ir kitiems statiniams. Atlaiko apkrovas iki 1600 kg.","breadcrumb":{"@id":"https:\/\/isukamipoliai.lt\/parduotuve\/sraigtiniai-poliai\/m-tipas\/m1400-190-76\/#breadcrumb"},"inLanguage":"en-US","potentialAction":[{"@type":"ReadAction","target":["https:\/\/isukamipoliai.lt\/parduotuve\/sraigtiniai-poliai\/m-tipas\/m1400-190-76\/"]}]},{"@type":"ImageObject","inLanguage":"en-US","@id":"https:\/\/isukamipoliai.lt\/parduotuve\/sraigtiniai-poliai\/m-tipas\/m1400-190-76\/#primaryimage","url":"https:\/\/isukamipoliai.lt\/wp-content\/uploads\/2026\/02\/M140019076M24.webp","contentUrl":"https:\/\/isukamipoliai.lt\/wp-content\/uploads\/2026\/02\/M140019076M24.webp","width":1182,"height":1182,"caption":"Sraigtiniai poliai M1400 190 75 M24"},{"@type":"BreadcrumbList","@id":"https:\/\/isukamipoliai.lt\/parduotuve\/sraigtiniai-poliai\/m-tipas\/m1400-190-76\/#breadcrumb","itemListElement":[{"@type":"ListItem","position":1,"name":"Home","item":"https:\/\/isukamipoliai.lt\/"},{"@type":"ListItem","position":2,"name":"Parduotuv\u0117","item":"https:\/\/isukamipoliai.lt\/parduotuve\/"},{"@type":"ListItem","position":3,"name":"M1400\/190\/76\/"}]},{"@type":"WebSite","@id":"https:\/\/isukamipoliai.lt\/#website","url":"https:\/\/isukamipoliai.lt\/","name":"Screw piles","description":"","publisher":{"@id":"https:\/\/isukamipoliai.lt\/#organization"},"potentialAction":[{"@type":"SearchAction","target":{"@type":"EntryPoint","urlTemplate":"https:\/\/isukamipoliai.lt\/?s={search_term_string}"},"query-input":{"@type":"PropertyValueSpecification","valueRequired":true,"valueName":"search_term_string"}}],"inLanguage":"en-US"},{"@type":"Organization","@id":"https:\/\/isukamipoliai.lt\/#organization","name":"UP Group","url":"https:\/\/isukamipoliai.lt\/","logo":{"@type":"ImageObject","inLanguage":"en-US","@id":"https:\/\/isukamipoliai.lt\/#\/schema\/logo\/image\/","url":"https:\/\/isukamipoliai.lt\/wp-content\/uploads\/2024\/11\/Isukami-poliai-sraigtiniai-poliai.webp","contentUrl":"https:\/\/isukamipoliai.lt\/wp-content\/uploads\/2024\/11\/Isukami-poliai-sraigtiniai-poliai.webp","width":591,"height":237,"caption":"UP Group"},"image":{"@id":"https:\/\/isukamipoliai.lt\/#\/schema\/logo\/image\/"}}]}},"_links":{"self":[{"href":"https:\/\/isukamipoliai.lt\/en\/wp-json\/wp\/v2\/product\/11199","targetHints":{"allow":["GET"]}}],"collection":[{"href":"https:\/\/isukamipoliai.lt\/en\/wp-json\/wp\/v2\/product"}],"about":[{"href":"https:\/\/isukamipoliai.lt\/en\/wp-json\/wp\/v2\/types\/product"}],"version-history":[{"count":6,"href":"https:\/\/isukamipoliai.lt\/en\/wp-json\/wp\/v2\/product\/11199\/revisions"}],"predecessor-version":[{"id":11210,"href":"https:\/\/isukamipoliai.lt\/en\/wp-json\/wp\/v2\/product\/11199\/revisions\/11210"}],"wp:featuredmedia":[{"embeddable":true,"href":"https:\/\/isukamipoliai.lt\/en\/wp-json\/wp\/v2\/media\/11200"}],"wp:attachment":[{"href":"https:\/\/isukamipoliai.lt\/en\/wp-json\/wp\/v2\/media?parent=11199"}],"wp:term":[{"taxonomy":"brand","embeddable":true,"href":"https:\/\/isukamipoliai.lt\/en\/wp-json\/wp\/v2\/etheme_brands?post=11199"},{"taxonomy":"product_brand","embeddable":true,"href":"https:\/\/isukamipoliai.lt\/en\/wp-json\/wp\/v2\/product_brand?post=11199"},{"taxonomy":"product_cat","embeddable":true,"href":"https:\/\/isukamipoliai.lt\/en\/wp-json\/wp\/v2\/product_cat?post=11199"},{"taxonomy":"product_tag","embeddable":true,"href":"https:\/\/isukamipoliai.lt\/en\/wp-json\/wp\/v2\/product_tag?post=11199"}],"curies":[{"name":"wp","href":"https:\/\/api.w.org\/{rel}","templated":true}]}}